{"id":1217,"date":"2013-01-21T21:01:00","date_gmt":"2013-01-21T19:01:00","guid":{"rendered":"http:\/\/hbg-koeln.de\/?page_id=1217"},"modified":"2019-08-20T15:05:58","modified_gmt":"2019-08-20T13:05:58","slug":"festival-veranstaltungen","status":"publish","type":"page","link":"https:\/\/hbg-koeln.de\/?page_id=1217","title":{"rendered":"Kulturfestival"},"content":{"rendered":"<h2>Kulturfestival<\/h2>\n<p>Da die Zahl der Vorf\u00fchrungen und Pr\u00e4sentationen in den letzten Jahren st\u00e4ndig gewachsen ist, haben wir 2011 das erste Mal verschiedenste Auff\u00fchrungen an einem Tag zusammengefasst und ein gro\u00dfes Kulturfestival durchgef\u00fchrt. In 4 verschiedenen R\u00e4umen gab es eine Vielzahl an sehenswerten Vorf\u00fchrungen mit \u00fcber 200 beteiligten Sch\u00fclern und Sch\u00fclerinnen aus allen Jahrg\u00e4ngen, einschlie\u00dflich der Oberstufe. Dieses inzwischen bew\u00e4hrte Konzept setzen wir fort \u2013 der Termin liegt am Ende des Schuljahrs. Daneben treten verschiedene Gruppen auch immer wieder bei anderen Schulveranstaltungen (Schulfest, Tag der offenen T\u00fcr, Begr\u00fc\u00dfung der neuen 5-er, Verabschiedung der 10-er etc.) auf.<\/p>\n<p style=\"text-align: center;\"><img decoding=\"async\" class=\"ngg-singlepic ngg-center\" src=\"http:\/\/hbg-koeln.de\/wp-content\/gallery\/kultur\/img_9533.jpg\" alt=\"img_9533\"><\/p>\n<p>&nbsp;<\/p>\n","protected":false},"excerpt":{"rendered":"<p>Kulturfestival Da die Zahl der Vorf\u00fchrungen und Pr\u00e4sentationen in den letzten Jahren st\u00e4ndig gewachsen ist, haben wir 2011 das erste Mal verschiedenste Auff\u00fchrungen an einem Tag zusammengefasst und ein gro\u00dfes Kulturfestival durchgef\u00fchrt. In 4 verschiedenen R\u00e4umen<a class=\"moretag\" href=\"https:\/\/hbg-koeln.de\/?page_id=1217\">Read More&#8230;<\/a><\/p>\n","protected":false},"author":2,"featured_media":0,"parent":1202,"menu_order":0,"comment_status":"closed","ping_status":"open","template":"","meta":{"ngg_post_thumbnail":0,"footnotes":""},"class_list":["post-1217","page","type-page","status-publish","hentry"],"_links":{"self":[{"href":"https:\/\/hbg-koeln.de\/index.php?rest_route=\/wp\/v2\/pages\/1217","targetHints":{"allow":["GET"]}}],"collection":[{"href":"https:\/\/hbg-koeln.de\/index.php?rest_route=\/wp\/v2\/pages"}],"about":[{"href":"https:\/\/hbg-koeln.de\/index.php?rest_route=\/wp\/v2\/types\/page"}],"author":[{"embeddable":true,"href":"https:\/\/hbg-koeln.de\/index.php?rest_route=\/wp\/v2\/users\/2"}],"replies":[{"embeddable":true,"href":"https:\/\/hbg-koeln.de\/index.php?rest_route=%2Fwp%2Fv2%2Fcomments&post=1217"}],"version-history":[{"count":8,"href":"https:\/\/hbg-koeln.de\/index.php?rest_route=\/wp\/v2\/pages\/1217\/revisions"}],"predecessor-version":[{"id":6640,"href":"https:\/\/hbg-koeln.de\/index.php?rest_route=\/wp\/v2\/pages\/1217\/revisions\/6640"}],"up":[{"embeddable":true,"href":"https:\/\/hbg-koeln.de\/index.php?rest_route=\/wp\/v2\/pages\/1202"}],"wp:attachment":[{"href":"https:\/\/hbg-koeln.de\/index.php?rest_route=%2Fwp%2Fv2%2Fmedia&parent=1217"}],"curies":[{"name":"wp","href":"https:\/\/api.w.org\/{rel}","templated":true}]}}