{"id":1219,"date":"2013-01-21T21:05:24","date_gmt":"2013-01-21T19:05:24","guid":{"rendered":"http:\/\/hbg-koeln.de\/?page_id=1219"},"modified":"2015-01-12T22:39:23","modified_gmt":"2015-01-12T20:39:23","slug":"chorband","status":"publish","type":"page","link":"https:\/\/hbg-koeln.de\/?page_id=1219","title":{"rendered":"Chor\/Band"},"content":{"rendered":"<h2>Chor<\/h2>\n<p>Im jahrgangs\u00fcbergreifenden AG\/IG-Bereich gibt es den Unterstufenchor, der nicht nur bei Schulveranstaltungen auftritt, sondern auch bereits mehrmals an einem von den \u201eBl\u00e4ck F\u00f6\u00f6ss\u201c geleiteten Projekt teilgenommen hat, bei dem gemeinsam mit den \u201eBl\u00e4ck F\u00f6\u00f6ss\u201c k\u00f6lsche Lieder erarbeitet und dann vor gr\u00f6\u00dferem Publikum pr\u00e4sentiert werden. Der Chor probt immer Freitags nach der 6.Stunde im Musikraum. Neue &#8222;S\u00e4nger\/-innen&#8220; sind immer herzlich wilkommen. Weitere Informationen erhaltet ihr bei Herrn Hoffmann.<\/p>\n<p>&nbsp;<\/p>\n<h2>Band<\/h2>\n<p>Daneben gibt es mehrere Sch\u00fclerbands, die es Sch\u00fclern auch ohne instrumentale Vorkenntnisse erm\u00f6glicht, gemeinsam Musik zu machen. Schlagzeug, E-Gitarre, Bass, Keyboard \u2013 alle M\u00f6glichkeiten sind hier vorhanden. Auch die Bands treten im Rahmen von Schulveranstaltungen auf. Auch die Schulbands proben Freitags nach der 6.Stunde. Weitere Informationen erhaltet ihr bei Herrn Becker.<\/p>\n<p>&nbsp;<\/p>\n<h2>Band\/Chor in der Oberstufe<\/h2>\n<p>Auch in der Oberstufe wird weiter musiziert \u2013 der vokalinstrumentalpraktische Musikkurs 12\u00a0 tritt im Rahmen des Neujahrskonzerts und des Festivals auf. Es wird alles zu Geh\u00f6r gebracht, was in den Proben erarbeitet wird.\u00a0 Hier haben auch die Instrumentalisten, die bereits Kenntnisse von \u201ezu Hause\u201c mitbringen, Gelegenheit aufzutreten.<\/p>\n","protected":false},"excerpt":{"rendered":"<p>Chor Im jahrgangs\u00fcbergreifenden AG\/IG-Bereich gibt es den Unterstufenchor, der nicht nur bei Schulveranstaltungen auftritt, sondern auch bereits mehrmals an einem von den \u201eBl\u00e4ck F\u00f6\u00f6ss\u201c geleiteten Projekt teilgenommen hat, bei dem gemeinsam mit den \u201eBl\u00e4ck F\u00f6\u00f6ss\u201c k\u00f6lsche<a class=\"moretag\" href=\"https:\/\/hbg-koeln.de\/?page_id=1219\">Read More&#8230;<\/a><\/p>\n","protected":false},"author":2,"featured_media":0,"parent":1202,"menu_order":0,"comment_status":"closed","ping_status":"open","template":"","meta":{"ngg_post_thumbnail":0,"footnotes":""},"class_list":["post-1219","page","type-page","status-publish","hentry"],"_links":{"self":[{"href":"https:\/\/hbg-koeln.de\/index.php?rest_route=\/wp\/v2\/pages\/1219","targetHints":{"allow":["GET"]}}],"collection":[{"href":"https:\/\/hbg-koeln.de\/index.php?rest_route=\/wp\/v2\/pages"}],"about":[{"href":"https:\/\/hbg-koeln.de\/index.php?rest_route=\/wp\/v2\/types\/page"}],"author":[{"embeddable":true,"href":"https:\/\/hbg-koeln.de\/index.php?rest_route=\/wp\/v2\/users\/2"}],"replies":[{"embeddable":true,"href":"https:\/\/hbg-koeln.de\/index.php?rest_route=%2Fwp%2Fv2%2Fcomments&post=1219"}],"version-history":[{"count":10,"href":"https:\/\/hbg-koeln.de\/index.php?rest_route=\/wp\/v2\/pages\/1219\/revisions"}],"predecessor-version":[{"id":2684,"href":"https:\/\/hbg-koeln.de\/index.php?rest_route=\/wp\/v2\/pages\/1219\/revisions\/2684"}],"up":[{"embeddable":true,"href":"https:\/\/hbg-koeln.de\/index.php?rest_route=\/wp\/v2\/pages\/1202"}],"wp:attachment":[{"href":"https:\/\/hbg-koeln.de\/index.php?rest_route=%2Fwp%2Fv2%2Fmedia&parent=1219"}],"curies":[{"name":"wp","href":"https:\/\/api.w.org\/{rel}","templated":true}]}}