{"id":1224,"date":"2013-01-21T21:07:24","date_gmt":"2013-01-21T19:07:24","guid":{"rendered":"http:\/\/hbg-koeln.de\/?page_id=1224"},"modified":"2019-08-20T14:50:59","modified_gmt":"2019-08-20T12:50:59","slug":"theater","status":"publish","type":"page","link":"https:\/\/hbg-koeln.de\/?page_id=1224","title":{"rendered":"Theater"},"content":{"rendered":"<h2>Theater<\/h2>\n<p>Neben dem Fach Darstellen und Gestalten wird die Theaterarbeit auch an anderer Stelle gef\u00f6rdert. In AGs im 5. und 7. Jahrgang und in der Projektwoche werden immer wieder Theaterprojekte angeboten, unterst\u00fctzt auch von Eltern und au\u00dferschulischen Partnern.<br \/>\nAu\u00dferdem gibt es in der Oberstufe die M\u00f6glichkeit Literatur als Fach zu w\u00e4hlen. Auch der Literaturkurs lernt grundlegende Schauspieltechniken kennen und pr\u00e4sentiert am Schuljahresende im Rahmen des Festivals ein selbst entwickeltes B\u00fchnenst\u00fcck.<\/p>\n<p>Seit einigen Jahren nimmt unsere Schule immer wieder an den \u201eResponse\u201c-Projekten der K\u00f6lner Philharmonie teil. Hier erarbeiten professionelle Musiker und T\u00e4nzer in 8-10 Wochen mit einzelnen Klassen oder Teams ein B\u00fchnenst\u00fcck zu einem Thema (z.B. \u201e1001 Tanz\u201c, \u201eVivaldis 4 Jahreszeiten\u201c, \u201eMinimal Music\u201c o.\u00e4.), das dann in der Philharmonie oder an vergleichbaren Orten vor vielen Zuschauern (es waren schon \u00fcber 2000\u2026) aufgef\u00fchrt wird \u2013 f\u00fcr die beteiligten Kinder immer wieder ein gro\u00dfartiges Erlebnis. Diese Idee der Zusammenarbeit wurde bei dem bundesweiten Wettbewerb \u201eKinder zum Olymp\u201c mit einem 1.Platz ausgezeichnet.<br \/>\nDie Schule bem\u00fcht sich, finanziell unterst\u00fctzt durch den F\u00f6rderverein, in jedem Jahr mindestens einer Klasse\/einem Kurs die Teilnahme zu erm\u00f6glichen.<br \/>\nAuch um andere Projekte im Bereich Kultur bem\u00fcht sich die Schule \u2013 so waren in den letzten Jahren die \u201eYoung Americans\u201c f\u00fcr einen dreit\u00e4gigen Workshop an unserer Schule, ebenso Tanz- und Theatergruppen aus S\u00fcdafrika und Peru, in Kooperation mit &#8222;Tanz in Schulen&#8220; und den Tanzp\u00e4dagoginnen Sonja Vranken und Benedetta Reuter haben immer wieder Klassen im Unterricht und in der Projektwoche an eigenen St\u00fccken gearbeitet, auch gab es Kompositionsworkshops in der Oberstufe.<br \/>\nWeitere Projekte und Kooperationen sind f\u00fcr das laufende Schuljahr in Planung!<br \/>\nFestival<\/p>\n<p>Am Ende des Schuljahres zeigen alle Gruppen, die im Bereich Kunst, Musik, Theater gearbeitet haben, ihre Ergebnisse in einer Gro\u00dfveranstaltung, dem sogenannten Kulturfestival der HBG!<br \/>\nAlle Darstellen und Gestalten Kurse, der Literaturkurs der Oberstufe, alle Schulch\u00f6re, alle Bands, die Big Band und verschiedene Solisten treten zwischen 18.00 und 22.00 in verschiedenen R\u00e4umen auf &#8211; fast 250 Sch\u00fcler und Sch\u00fclerinnen stehen so auf der B\u00fchne. Au\u00dferdem stellen Kunstkurse ihre Werke aus und in der B\u00f6ll Oase gibt es ein Catering und Getr\u00e4nke. Der aktuelle Termine f\u00fcr das n\u00e4chste Jahr wird rechtzeitig auf der Homepage (&#8222;Aktuelles&#8220;) bekanntgegeben!<\/p>\n<p style=\"text-align: center;\">ngg_shortcode_0_placeholder\n<p style=\"text-align: center;\">ngg_shortcode_1_placeholder\n","protected":false},"excerpt":{"rendered":"<p>Theater Neben dem Fach Darstellen und Gestalten wird die Theaterarbeit auch an anderer Stelle gef\u00f6rdert. In AGs im 5. und 7. Jahrgang und in der Projektwoche werden immer wieder Theaterprojekte angeboten, unterst\u00fctzt auch von Eltern und<a class=\"moretag\" href=\"https:\/\/hbg-koeln.de\/?page_id=1224\">Read More&#8230;<\/a><\/p>\n","protected":false},"author":2,"featured_media":0,"parent":1202,"menu_order":0,"comment_status":"closed","ping_status":"open","template":"","meta":{"ngg_post_thumbnail":0,"footnotes":""},"class_list":["post-1224","page","type-page","status-publish","hentry"],"_links":{"self":[{"href":"https:\/\/hbg-koeln.de\/index.php?rest_route=\/wp\/v2\/pages\/1224","targetHints":{"allow":["GET"]}}],"collection":[{"href":"https:\/\/hbg-koeln.de\/index.php?rest_route=\/wp\/v2\/pages"}],"about":[{"href":"https:\/\/hbg-koeln.de\/index.php?rest_route=\/wp\/v2\/types\/page"}],"author":[{"embeddable":true,"href":"https:\/\/hbg-koeln.de\/index.php?rest_route=\/wp\/v2\/users\/2"}],"replies":[{"embeddable":true,"href":"https:\/\/hbg-koeln.de\/index.php?rest_route=%2Fwp%2Fv2%2Fcomments&post=1224"}],"version-history":[{"count":6,"href":"https:\/\/hbg-koeln.de\/index.php?rest_route=\/wp\/v2\/pages\/1224\/revisions"}],"predecessor-version":[{"id":6633,"href":"https:\/\/hbg-koeln.de\/index.php?rest_route=\/wp\/v2\/pages\/1224\/revisions\/6633"}],"up":[{"embeddable":true,"href":"https:\/\/hbg-koeln.de\/index.php?rest_route=\/wp\/v2\/pages\/1202"}],"wp:attachment":[{"href":"https:\/\/hbg-koeln.de\/index.php?rest_route=%2Fwp%2Fv2%2Fmedia&parent=1224"}],"curies":[{"name":"wp","href":"https:\/\/api.w.org\/{rel}","templated":true}]}}