{"id":1285,"date":"2013-02-12T21:27:51","date_gmt":"2013-02-12T19:27:51","guid":{"rendered":"http:\/\/hbg-koeln.de\/?page_id=1285"},"modified":"2018-12-04T20:45:23","modified_gmt":"2018-12-04T18:45:23","slug":"zentrale-prufungen-in-der-jahrgangsstufe-10","status":"publish","type":"page","link":"https:\/\/hbg-koeln.de\/?page_id=1285","title":{"rendered":"Allgemeine Informationen (ZP10)"},"content":{"rendered":"<p><a href=\"http:\/\/hbg-koeln.de\/wp-content\/uploads\/2015\/03\/ZentralePruefungen-Druckfassung.pdf\">Brosch\u00fcre des Ministeriums f\u00fcr Schule und Weiterbildung des Landes Nordrhein-Westfalen <\/a><\/p>\n<p style=\"text-align: center;\">&#8212;&#8212;&#8212;&#8212;&#8212;&#8212;&#8212;&#8212;&#8212;&#8212;&#8212;&#8212;&#8212;&#8212;&#8212;&#8212;&#8212;&#8212;&#8212;&#8212;&#8212;&#8212;&#8212;&#8212;&#8212;<\/p>\n<p style=\"text-align: right;\">K\u00f6ln, November 2018<\/p>\n<p>An alle Sch\u00fclerinnen und Sch\u00fcler des 10. Jahrgangs und an ihre Eltern<\/p>\n<p><strong>Zentrale Pr\u00fcfungen in der Jahrgangsstufe 10<\/strong><\/p>\n<p>Liebe Sch\u00fclerinnen und Sch\u00fcler, liebe Eltern,<\/p>\n<p>am Ende dieses Schuljahrs finden f\u00fcr alle Sch\u00fclerinnen und Sch\u00fcler des 10. Jahrgangs Pr\u00fcfungen in den F\u00e4chern Deutsch, Englisch und Mathematik statt. Die Aufgaben f\u00fcr die schriftlichen Pr\u00fcfungen werden durch das Schulministerium zentral gestellt. Das hei\u00dft, alle Sch\u00fclerinnen und Sch\u00fcler in Nordrhein-Westfalen schreiben die Pr\u00fcfung am selben Tag mit denselben Aufgaben.<\/p>\n<p>Die Anforderungen f\u00fcr Erweiterungskurse und Grundkurse sind dabei verschieden. Die Kurszugeh\u00f6rigkeit am Anfang dieses Schuljahres entscheidet, ob ein Sch\u00fcler oder eine Sch\u00fclerin die Pr\u00fcfung f\u00fcr den Erweiterungskurs oder den Grundkurs ablegt.<\/p>\n<p>Die schriftlichen Pr\u00fcfungen finden statt:<\/p>\n<ul>\n<li>im Fach Deutsch am Dienstag, dem 16.Mai 2019<\/li>\n<li>im Fach Englisch am Donnerstag, dem 21.Mai 2019<\/li>\n<li>im Fach Mathematik am Donnerstag, dem 23.Mai 2019<\/li>\n<\/ul>\n<p>Unterscheidet sich das Pr\u00fcfungsergebnis von der Vornote, so kann oder muss gegebenenfalls noch eine m\u00fcndliche Pr\u00fcfung stattfinden. F\u00fcr die Bestimmung der Vornote sind die Leistungen des 1. Halbjahres und des 2. Halbjahres ma\u00dfgeblich. Die erreichten Vor- und Pr\u00fcfungsnoten werden bekannt gegeben.<\/p>\n<p>Die Fachlehrerinnen und Fachlehrer der F\u00e4cher Deutsch, Englisch und Mathematik informieren ausf\u00fchrlich \u00fcber die Abschlusspr\u00fcfungen.<\/p>\n<p>Wir machen Sie gern auf eine Informationsbrosch\u00fcre des Schulministeriums zu den Zentralen Pr\u00fcfungen aufmerksam, die es als Heft leider nicht mehr gibt. Sie ko\u0308nnen die Brosch\u00fcre herunterladen auf der Seite: <a href=\"https:\/\/broschueren.nordrheinwestfalendirekt.de\/broschuerenservice\/msw\/zentrale-pruefungen-%20nach-klasse-10\/1570\">https:\/\/broschueren.nordrheinwestfalendirekt.de\/broschuerenservice\/msw\/zentrale-pruefungen- nach-klasse-10\/1570<\/a> oder als App nutzen: <a href=\"www.schulministerium.nrw.de\/apps\/ZP10\">www.schulministerium.nrw.de\/apps\/ZP10<\/a><\/p>\n<p>Au\u00dferdem informiert das Ministerium f\u00fcr Schule und Weiterbildung ausf\u00fchrlich im Internet. Die folgende Adresse f\u00fchrt umgehend zu diesem Thema: <a href=\"http:\/\/www.standardsicherung.schulministerium.nrw.de\/zp10\/http:\/\/www.standardsicherung.schulministerium.nrw.de\/zp10\/\">http:\/\/www.standardsicherung.schulministerium.nrw.de\/zp10\/<\/a><\/p>\n<p>Auf dieser Seite befindet sich unter anderem ein Link zu den Pr\u00fcfungsaufgaben der vergangenen drei Jahre. Wenn Sch\u00fclerinnen und Sch\u00fcler sich mit den fr\u00fcheren Aufgaben vertraut machen m\u00f6chten, um sich jederzeit individuell und selbstst\u00e4ndig auf die Pr\u00fcfungen vorzubereiten, erhalten sie die notwendigen Zugangsdaten von ihrem Fachlehrer oder ihrer Fachlehrerin.<\/p>\n<p>F\u00fcr weitere Fragen stehen wir gern zur Verf\u00fcgung. Mit freundlichen Gr\u00fc\u00dfen<br \/>\nNeumann (Abteilungsleiterin 9\/10)<br \/>\nChatzistamatiou (Evaluationskoordinatorin)<\/p>\n","protected":false},"excerpt":{"rendered":"<p>Brosch\u00fcre des Ministeriums f\u00fcr Schule und Weiterbildung des Landes Nordrhein-Westfalen &#8212;&#8212;&#8212;&#8212;&#8212;&#8212;&#8212;&#8212;&#8212;&#8212;&#8212;&#8212;&#8212;&#8212;&#8212;&#8212;&#8212;&#8212;&#8212;&#8212;&#8212;&#8212;&#8212;&#8212;&#8212; K\u00f6ln, November 2018 An alle Sch\u00fclerinnen und Sch\u00fcler des 10. Jahrgangs und an ihre Eltern Zentrale Pr\u00fcfungen in der Jahrgangsstufe 10 Liebe Sch\u00fclerinnen und Sch\u00fcler,<a class=\"moretag\" href=\"https:\/\/hbg-koeln.de\/?page_id=1285\">Read More&#8230;<\/a><\/p>\n","protected":false},"author":7,"featured_media":0,"parent":0,"menu_order":0,"comment_status":"closed","ping_status":"open","template":"","meta":{"ngg_post_thumbnail":0,"footnotes":""},"class_list":["post-1285","page","type-page","status-publish","hentry"],"_links":{"self":[{"href":"https:\/\/hbg-koeln.de\/index.php?rest_route=\/wp\/v2\/pages\/1285","targetHints":{"allow":["GET"]}}],"collection":[{"href":"https:\/\/hbg-koeln.de\/index.php?rest_route=\/wp\/v2\/pages"}],"about":[{"href":"https:\/\/hbg-koeln.de\/index.php?rest_route=\/wp\/v2\/types\/page"}],"author":[{"embeddable":true,"href":"https:\/\/hbg-koeln.de\/index.php?rest_route=\/wp\/v2\/users\/7"}],"replies":[{"embeddable":true,"href":"https:\/\/hbg-koeln.de\/index.php?rest_route=%2Fwp%2Fv2%2Fcomments&post=1285"}],"version-history":[{"count":46,"href":"https:\/\/hbg-koeln.de\/index.php?rest_route=\/wp\/v2\/pages\/1285\/revisions"}],"predecessor-version":[{"id":6287,"href":"https:\/\/hbg-koeln.de\/index.php?rest_route=\/wp\/v2\/pages\/1285\/revisions\/6287"}],"wp:attachment":[{"href":"https:\/\/hbg-koeln.de\/index.php?rest_route=%2Fwp%2Fv2%2Fmedia&parent=1285"}],"curies":[{"name":"wp","href":"https:\/\/api.w.org\/{rel}","templated":true}]}}