{"id":1293,"date":"2013-02-12T20:53:46","date_gmt":"2013-02-12T18:53:46","guid":{"rendered":"http:\/\/hbg-koeln.de\/?page_id=1293"},"modified":"2014-10-01T17:09:42","modified_gmt":"2014-10-01T15:09:42","slug":"angebote-in-den-erganzungsstunden-im-10-jahrgang-zur-vorbereitung-auf-die-sekundarstufe-ii","status":"publish","type":"page","link":"https:\/\/hbg-koeln.de\/?page_id=1293","title":{"rendered":"Angebote in den Erg\u00e4nzungsstunden im 10. Jahrgang  zur Vorbereitung auf die Sekundarstufe II"},"content":{"rendered":"<h2>Angebote in den Erg\u00e4nzungsstunden im 10. Jahrgang\u00a0 zur Vorbereitung auf die Sekundarstufe II<\/h2>\n<p>Ab Klasse 8 bis Klasse 10\/11 werden die Sprachen (Franz\u00f6sisch, Latein) und das Fachmodul Informatik fortgesetzt<\/p>\n<h3>Besondere Angebote durch Sch\u00fclerinnen und Sch\u00fcler<\/h3>\n<p>Streitschlichter<\/p>\n<p>Sporthelfer\/-innen<\/p>\n<p>Zur Vorbereitung auf die Sekundarstufe II werden die begabten Sch\u00fclerinnen und Sch\u00fcler mit der Prognose \u201eFachoberschulreife mit der Qualifikation zum Besuch der gymnasialen Oberstufe\u201c in den F\u00e4chern Deutsch, Mathematik und Englisch halbj\u00e4hrlichen F\u00f6rderkursen zugewiesen. Diese Zuweisung erfolgt durch die Zeugniskonferenzen.<\/p>\n","protected":false},"excerpt":{"rendered":"<p>Angebote in den Erg\u00e4nzungsstunden im 10. Jahrgang\u00a0 zur Vorbereitung auf die Sekundarstufe II Ab Klasse 8 bis Klasse 10\/11 werden die Sprachen (Franz\u00f6sisch, Latein) und das Fachmodul Informatik fortgesetzt Besondere Angebote durch Sch\u00fclerinnen und Sch\u00fcler Streitschlichter<a class=\"moretag\" href=\"https:\/\/hbg-koeln.de\/?page_id=1293\">Read More&#8230;<\/a><\/p>\n","protected":false},"author":11,"featured_media":0,"parent":0,"menu_order":0,"comment_status":"closed","ping_status":"open","template":"","meta":{"ngg_post_thumbnail":0,"footnotes":""},"class_list":["post-1293","page","type-page","status-publish","hentry"],"_links":{"self":[{"href":"https:\/\/hbg-koeln.de\/index.php?rest_route=\/wp\/v2\/pages\/1293","targetHints":{"allow":["GET"]}}],"collection":[{"href":"https:\/\/hbg-koeln.de\/index.php?rest_route=\/wp\/v2\/pages"}],"about":[{"href":"https:\/\/hbg-koeln.de\/index.php?rest_route=\/wp\/v2\/types\/page"}],"author":[{"embeddable":true,"href":"https:\/\/hbg-koeln.de\/index.php?rest_route=\/wp\/v2\/users\/11"}],"replies":[{"embeddable":true,"href":"https:\/\/hbg-koeln.de\/index.php?rest_route=%2Fwp%2Fv2%2Fcomments&post=1293"}],"version-history":[{"count":5,"href":"https:\/\/hbg-koeln.de\/index.php?rest_route=\/wp\/v2\/pages\/1293\/revisions"}],"predecessor-version":[{"id":2523,"href":"https:\/\/hbg-koeln.de\/index.php?rest_route=\/wp\/v2\/pages\/1293\/revisions\/2523"}],"wp:attachment":[{"href":"https:\/\/hbg-koeln.de\/index.php?rest_route=%2Fwp%2Fv2%2Fmedia&parent=1293"}],"curies":[{"name":"wp","href":"https:\/\/api.w.org\/{rel}","templated":true}]}}