{"id":1295,"date":"2013-02-12T21:17:54","date_gmt":"2013-02-12T19:17:54","guid":{"rendered":"http:\/\/hbg-koeln.de\/?page_id=1295"},"modified":"2026-01-23T09:05:04","modified_gmt":"2026-01-23T08:05:04","slug":"schulordnung","status":"publish","type":"page","link":"https:\/\/hbg-koeln.de\/?page_id=1295","title":{"rendered":"Schulordnung"},"content":{"rendered":"<h1><span style=\"font-family: arial, helvetica, sans-serif; font-size: 18pt;\"><strong>Schulordnung der Heinrich-B\u00f6ll-Gesamtschule <\/strong><span style=\"font-size: 12pt;\"><strong>(05.10.2025)<\/strong><\/span><\/span><\/h1>\n<p>Die Schulordnung soll Grundlage f\u00fcr ein erfolgreiches Lernen und Arbeiten sein. Sie soll daf\u00fcr sorgen, dass dieses Lernen und Arbeiten in einem angenehmen Klima stattfindet, in dem sich jeder wohlf\u00fchlen kann. Niemand soll in der Schule gef\u00e4hrdet, gesch\u00e4digt oder beleidigt werden. F\u00fcr die Handynutzung gelten besondere Regeln.<\/p>\n<p><strong>Unterricht<\/strong><\/p>\n<p>Wichtige Voraussetzung f\u00fcr ein erfolgreiches Lernen und Arbeiten in der Schule sind:<\/p>\n<ul>\n<li>respektvoller Umgang miteinander<\/li>\n<li>Lernbereitschaft<\/li>\n<li>P\u00fcnktlichkeit<\/li>\n<li>Bereithalten des Arbeitsmaterials<\/li>\n<li>Ordnung und Sauberkeit im Klassenraum und im Schulgeb\u00e4ude<\/li>\n<li>angemessene Kleidung<\/li>\n<\/ul>\n<p><strong>Pausen<\/strong><strong> und Freizeit<\/strong><\/p>\n<ul>\n<li>Sch\u00fcler:innen der Sekundarstufe I d\u00fcrfen w\u00e4hrend der Freizeit das Schulgel\u00e4nde nicht verlassen.<\/li>\n<li>Filmen, Fotografieren, Tonaufnahmen und das Mitbringen von Spielekonsolen sind verboten.<\/li>\n<li>In Pausen und in der Mittagsfreizeit ist der Aufenthalt im Obergeschoss nur m\u00f6glich bei Anwesenheit der verantwortlichen Lehrkraft.<\/li>\n<li>Ballspiele sind auf den Schulh\u00f6fen in sicherem Abstand vor den Glasfl\u00e4chen erlaubt.<\/li>\n<li>Nur im Bereich vor der B\u00f6ll-Oase kann w\u00e4hrend der gro\u00dfen Pause und der Mittagsfreizeit mit Softb\u00e4llen gespielt werden.<\/li>\n<\/ul>\n<p><strong>Allgemeine Regeln<\/strong><\/p>\n<ul>\n<li>Schulfremden Personen ist das Betreten des Schulgel\u00e4ndes untersagt.<\/li>\n<li>Es ist nicht erlaubt, mit motorisierten oder elektrisch betriebenen Fahrzeugen das Schulgel\u00e4nde zu befahren.<\/li>\n<li>Rennen und Rollerfahren sind im Geb\u00e4ude nicht erlaubt.<\/li>\n<li>Das Rauchen ist im Geb\u00e4ude und auf dem gesamten Schulgel\u00e4nde verboten.<\/li>\n<li>Wertgegenst\u00e4nde sollen nicht mit in die Schule gebracht werden.<\/li>\n<li>Jeder ist verpflichtet, Mobiliar, Geb\u00e4ude und Gr\u00fcnanlagen pfleglich zu behandeln und sich umweltbewusst zu verhalten.<\/li>\n<li>Verschmutzungen m\u00fcssen beseitigt werden. Bei Besch\u00e4digungen muss Ersatz geleistet werden.<\/li>\n<\/ul>\n<p><strong>Handyregeln<\/strong><\/p>\n<ul>\n<li><strong>5. &#8211; 8. Schuljahr:<\/strong><\/li>\n<\/ul>\n<p>Die Sch\u00fclerinnen und Sch\u00fcler brauchen in der Schule kein Handy. F\u00fcr mitgebrachte Handys \u00fcbernimmt die Schule keine Haftung bei Besch\u00e4digung und Verlust.<\/p>\n<p>Mitgebrachte Handys werden zu Beginn der ersten Unterrichtsstunde in einem Koffer gesichert und f\u00fcr die Dauer des Schultages im Klassenschrank eingeschlossen.<\/p>\n<p>Wenn die Sch\u00fclerinnen und Sch\u00fcler &nbsp;bei medienp\u00e4dagogischen Projekten ein Handy ben\u00f6tigen, informiert die Lehrkraft die Eltern.<\/p>\n<ul>\n<li><strong>9.\u2013 10. Schuljahr:<\/strong><\/li>\n<\/ul>\n<p>F\u00fcr mitgebrachte Handys \u00fcbernimmt die Schule keine Haftung bei Besch\u00e4digung und Verlust.<\/p>\n<p>W\u00e4hrend des Unterrichts werden die Handys abgegeben und vorne in einem geeigneten Beh\u00e4ltnis gelagert.<\/p>\n<p>Im Unterricht darf das Handy nur mit Erlaubnis der Lehrkraft zu unterrichtlichen Zwecken benutzt werden.<\/p>\n<p>Das Handy darf \u2013 bei Beachtung der Regeln f\u00fcr alle &#8211; in den Pausen benutzt werden.<\/p>\n<ul>\n<li><strong>F\u00fcr<\/strong> <strong>alle<\/strong> <strong>gilt:<\/strong><\/li>\n<\/ul>\n<p>Fotografieren und Filmen sind auf dem Schulgel\u00e4nde grunds\u00e4tzlich verboten.<\/p>\n<p>Musik h\u00f6ren ist nur mit Kopfh\u00f6rern erlaubt.<\/p>\n<p>Der Konsum und die Verbreitung von gewaltverherrlichenden, rassistischen, politisch extremen und pornografischen Medien sind ausdr\u00fccklich verboten und k\u00f6nnen strafrechtliche Konsequenzen haben.<\/p>\n<p><strong>Gesonderte<\/strong> <strong>Regeln gelten in der Bibliothek, in der B\u00f6ll-Oase, in der Mensa, im FZ, PZ, in der Sporthalle und in den Fachr\u00e4umen.<\/strong><\/p>\n<p>&nbsp;<\/p>\n<p>&nbsp;<\/p>\n","protected":false},"excerpt":{"rendered":"<p>Schulordnung der Heinrich-B\u00f6ll-Gesamtschule (05.10.2025) Die Schulordnung soll Grundlage f\u00fcr ein erfolgreiches Lernen und Arbeiten sein. Sie soll daf\u00fcr sorgen, dass dieses Lernen und Arbeiten in einem angenehmen Klima stattfindet, in dem sich jeder wohlf\u00fchlen kann. Niemand<a class=\"moretag\" href=\"https:\/\/hbg-koeln.de\/?page_id=1295\">Read More&#8230;<\/a><\/p>\n","protected":false},"author":11,"featured_media":0,"parent":0,"menu_order":0,"comment_status":"closed","ping_status":"open","template":"","meta":{"ngg_post_thumbnail":0,"footnotes":""},"class_list":["post-1295","page","type-page","status-publish","hentry"],"_links":{"self":[{"href":"https:\/\/hbg-koeln.de\/index.php?rest_route=\/wp\/v2\/pages\/1295","targetHints":{"allow":["GET"]}}],"collection":[{"href":"https:\/\/hbg-koeln.de\/index.php?rest_route=\/wp\/v2\/pages"}],"about":[{"href":"https:\/\/hbg-koeln.de\/index.php?rest_route=\/wp\/v2\/types\/page"}],"author":[{"embeddable":true,"href":"https:\/\/hbg-koeln.de\/index.php?rest_route=\/wp\/v2\/users\/11"}],"replies":[{"embeddable":true,"href":"https:\/\/hbg-koeln.de\/index.php?rest_route=%2Fwp%2Fv2%2Fcomments&post=1295"}],"version-history":[{"count":13,"href":"https:\/\/hbg-koeln.de\/index.php?rest_route=\/wp\/v2\/pages\/1295\/revisions"}],"predecessor-version":[{"id":11219,"href":"https:\/\/hbg-koeln.de\/index.php?rest_route=\/wp\/v2\/pages\/1295\/revisions\/11219"}],"wp:attachment":[{"href":"https:\/\/hbg-koeln.de\/index.php?rest_route=%2Fwp%2Fv2%2Fmedia&parent=1295"}],"curies":[{"name":"wp","href":"https:\/\/api.w.org\/{rel}","templated":true}]}}