{"id":1352,"date":"2013-02-12T21:39:14","date_gmt":"2013-02-12T19:39:14","guid":{"rendered":"http:\/\/hbg-koeln.de\/?page_id=1352"},"modified":"2019-08-20T13:40:03","modified_gmt":"2019-08-20T11:40:03","slug":"schullaufbahn-hbg","status":"publish","type":"page","link":"https:\/\/hbg-koeln.de\/?page_id=1352","title":{"rendered":"Schullaufbahn HBG"},"content":{"rendered":"<table style=\"width: 700px;\" border=\"0\" align=\"center\">\n<tbody>\n<tr>\n<td style=\"width: 340px; background-color: #deb887;\"><strong>&nbsp; Jahrgang 5 &amp; 6<\/strong><\/td>\n<td>&nbsp;<\/td>\n<\/tr>\n<tr>\n<td style=\"width: 340px;\" valign=\"top\">\n<ul>\n<li>Grundwissen erwerben<\/li>\n<li>Lernschwierigkeiten abbauen<\/li>\n<li>selbstst\u00e4ndig arbeiten lernen<\/li>\n<li>Teamf\u00e4higkeit f\u00f6rdern<\/li>\n<\/ul>\n<\/td>\n<td valign=\"top\">\n<ul>\n<li>Klassenunterricht<\/li>\n<li>fachunabh\u00e4ngige F\u00f6rderung<\/li>\n<li>Rechtschreibf\u00f6rderung<\/li>\n<li>Intensives Sprachf\u00f6rderprogramm<\/li>\n<li>Lernzeiten<\/li>\n<li>Wahlpflichtkurse ab Klasse 6 in: Franz\u00f6sisch, T\u00fcrkisch, Arbeitslehre, Naturwissenschaften, Darstellen und Gestalten.<\/li>\n<\/ul>\n<\/td>\n<\/tr>\n<tr>\n<td style=\"width: 340px; background-color: #5f9ea0;\" valign=\"top\"><strong>&nbsp; Jahrgang 7 &amp; 8<\/strong><\/td>\n<td valign=\"top\">&nbsp;<\/td>\n<\/tr>\n<tr>\n<td style=\"width: 340px;\" valign=\"top\">\n<ul>\n<li>Zertifikatskurse, die unterschiedlichen Leistungen&nbsp;und Neigungen entsprechen<\/li>\n<li>Beginn der&nbsp;Berufswahlvorbereitung<\/li>\n<\/ul>\n<\/td>\n<td style=\"text-align: left;\" valign=\"top\">Fachleistungsdifferenzierung in&nbsp;&nbsp;<\/p>\n<ul>\n<li>Englisch (ab 7.2)<\/li>\n<li>Mathematik (ab 7.2)<\/li>\n<li>Deutsch (ab 8).<\/li>\n<li><a title=\"Fachleistungsdifferenzierung\" href=\"http:\/\/hbg-koeln.de\/?page_id=1274\">weitere Informationen zur Fachleistungsdifferenzierung<\/a><\/li>\n<\/ul>\n<p>Kursangebote im Rahmen der Erg\u00e4nzungsstunden&nbsp;ab Klasse 8 <a title=\"Angebote in den Erg\u00e4nzungsstunden ab Klasse 8\" href=\"http:\/\/hbg-koeln.de\/?page_id=1276\">(weitere Informationen)<\/a><\/p>\n<ul>\n<li>Spanisch oder Latein,<\/li>\n<li>Zertifikatskurse zur Berufsvorbereitung,<\/li>\n<li>F\u00f6rderkurse in: Deutsch, Englisch und Mathematik,<\/li>\n<li>Fachunabh\u00e4ngige F\u00f6rderung<\/li>\n<\/ul>\n<ul>\n<li>Schnupperpraktikum<\/li>\n<li><a title=\"Praktika\" href=\"http:\/\/hbg-koeln.de\/?page_id=427\">(weitere Informationen zum Sch\u00fclerpraktikum<\/a>)<\/li>\n<\/ul>\n<p>&nbsp;<\/td>\n<\/tr>\n<tr>\n<td style=\"width: 340px; background-color: #00ced1;\" valign=\"top\"><strong>&nbsp; Jahrgang 9 &amp; 10<\/strong><\/td>\n<td style=\"text-align: left;\" valign=\"top\">&nbsp;<\/td>\n<\/tr>\n<tr>\n<td style=\"width: 340px;\" valign=\"top\">Unterschiedliche <a title=\"Abschlussbedingungen\" href=\"http:\/\/hbg-koeln.de\/?page_id=1280\">Abschl\u00fcsse<\/a>:&nbsp;&nbsp;<\/p>\n<ul>\n<li>Hauptschulabschluss nach 9 und 10,<\/li>\n<li>Fachoberschulreife (mittlerer Abschluss),<\/li>\n<li>Fachoberschulreife mit Qualifikation f\u00fcr die. Oberstufe.<\/li>\n<\/ul>\n<p>&nbsp;<\/td>\n<td style=\"text-align: left;\" valign=\"top\">\n<ul>\n<li>Fachleistungsdifferenzierung in Physik<\/li>\n<li>Erg\u00e4nzungsstunden (<a title=\"Angebote in den Erg\u00e4nzungsstunden im 9.Jahrgang zur Berufsorientierung\" href=\"http:\/\/hbg-koeln.de\/?page_id=1289\">Klasse 9<\/a> \/<a title=\"Angebote in den Erg\u00e4nzungsstunden im 10. Jahrgang zur Vorbereitung auf die Sekundarstufe II\" href=\"http:\/\/hbg-koeln.de\/?page_id=1293\"> Klasse 10<\/a>)<\/li>\n<li>Praktikum <a title=\"Praktika\" href=\"http:\/\/hbg-koeln.de\/?page_id=427\">(Informationen)<\/a><\/li>\n<li>Berufsorientierung <a title=\"Berufsorientierung SI\" href=\"http:\/\/hbg-koeln.de\/?page_id=257\">(Informationen)<\/a><\/li>\n<li>Zentrale Pr\u00fcfungen Jahrgang 10 <a title=\"Zentrale Pr\u00fcfungen in der Jahrgangsstufe 10\" href=\"http:\/\/hbg-koeln.de\/?page_id=1285\">(Informationen)<\/a><\/li>\n<\/ul>\n<p>&nbsp;<\/td>\n<\/tr>\n<\/tbody>\n<\/table>\n<p>&nbsp;<\/p>\n","protected":false},"excerpt":{"rendered":"<p>&nbsp; Jahrgang 5 &amp; 6 &nbsp; Grundwissen erwerben Lernschwierigkeiten abbauen selbstst\u00e4ndig arbeiten lernen Teamf\u00e4higkeit f\u00f6rdern Klassenunterricht fachunabh\u00e4ngige F\u00f6rderung Rechtschreibf\u00f6rderung Intensives Sprachf\u00f6rderprogramm Lernzeiten Wahlpflichtkurse ab Klasse 6 in: Franz\u00f6sisch, T\u00fcrkisch, Arbeitslehre, Naturwissenschaften, Darstellen und Gestalten. &nbsp; Jahrgang<a class=\"moretag\" href=\"https:\/\/hbg-koeln.de\/?page_id=1352\">Read More&#8230;<\/a><\/p>\n","protected":false},"author":1,"featured_media":0,"parent":0,"menu_order":0,"comment_status":"closed","ping_status":"open","template":"","meta":{"ngg_post_thumbnail":0,"footnotes":""},"class_list":["post-1352","page","type-page","status-publish","hentry"],"_links":{"self":[{"href":"https:\/\/hbg-koeln.de\/index.php?rest_route=\/wp\/v2\/pages\/1352","targetHints":{"allow":["GET"]}}],"collection":[{"href":"https:\/\/hbg-koeln.de\/index.php?rest_route=\/wp\/v2\/pages"}],"about":[{"href":"https:\/\/hbg-koeln.de\/index.php?rest_route=\/wp\/v2\/types\/page"}],"author":[{"embeddable":true,"href":"https:\/\/hbg-koeln.de\/index.php?rest_route=\/wp\/v2\/users\/1"}],"replies":[{"embeddable":true,"href":"https:\/\/hbg-koeln.de\/index.php?rest_route=%2Fwp%2Fv2%2Fcomments&post=1352"}],"version-history":[{"count":31,"href":"https:\/\/hbg-koeln.de\/index.php?rest_route=\/wp\/v2\/pages\/1352\/revisions"}],"predecessor-version":[{"id":6616,"href":"https:\/\/hbg-koeln.de\/index.php?rest_route=\/wp\/v2\/pages\/1352\/revisions\/6616"}],"wp:attachment":[{"href":"https:\/\/hbg-koeln.de\/index.php?rest_route=%2Fwp%2Fv2%2Fmedia&parent=1352"}],"curies":[{"name":"wp","href":"https:\/\/api.w.org\/{rel}","templated":true}]}}