{"id":145,"date":"2012-07-02T00:38:00","date_gmt":"2012-07-01T22:38:00","guid":{"rendered":"http:\/\/hbg-koeln.de\/?page_id=145"},"modified":"2026-04-10T11:23:38","modified_gmt":"2026-04-10T10:23:38","slug":"impressum","status":"publish","type":"page","link":"https:\/\/hbg-koeln.de\/?page_id=145","title":{"rendered":"Impressum"},"content":{"rendered":"<h3>Impressum: Heinrich-B\u00f6ll-Gesamtschule<\/h3>\n<table class=\"alignleft\" style=\"border-color: #000000; width: 604px;\" border=\"1\" cellpadding=\"1\">\n<tbody>\n<tr style=\"height: 119px;\">\n<td style=\"border-color: #000000; width: 185.583px; height: 119px; text-align: left; vertical-align: top;\"><strong>&nbsp;Schulleitung:<\/strong><\/td>\n<td style=\"border-color: #000000; width: 393.417px; text-align: left; vertical-align: top; height: 119px;\">&nbsp;Rolf Grisard, Schulleiter<br \/>\n&nbsp;<br \/>\n&nbsp;Merianstr. 11 \u2013 15 \u00b7 50765 K\u00f6ln<br \/>\n&nbsp;Telefon: 0221 \u2013 26 10 7 \u2013 0 \u00b7 Fax: 0221 \u2013 70 87 9 43<br \/>\n&nbsp;E- Mail: hbg@stadt-koeln.de<\/td>\n<\/tr>\n<tr style=\"height: 138px;\">\n<td style=\"border-color: #000000; text-align: left; width: 185.583px; height: 138px; vertical-align: top;\"><strong>&nbsp;Schultr\u00e4ger:<\/strong><\/td>\n<td style=\"border-color: #000000; text-align: left; width: 393.417px; height: 138px; vertical-align: top;\">&nbsp;Stadt K\u00f6ln &#8211; Amt f\u00fcr Schulentwicklung<br \/>\n&nbsp;vertreten durch: Oberb\u00fcrgermeister Torsten Burmester<br \/>\n&nbsp;Willy-Brandt-Platz 3, 50379 K\u00f6ln<br \/>\n&nbsp;Telefon: 0221-29204 \u00b7 Telefax: 0221-29240<br \/>\n&nbsp;Email: <a href=\"mailto:Schulentwcklung@stadt-koeln.de\">Schulentwicklung@stadt-koeln.de<\/a><\/td>\n<\/tr>\n<tr style=\"height: 111.6px;\">\n<td style=\"border-color: #000000; width: 185.583px; height: 111.6px; text-align: left; vertical-align: top;\"><strong>Verantworlich f\u00fcr das redaktionelle Angebot (Webmaster) im Sinne des \u00a7 55 Abs. 2 RStV:<\/strong><\/td>\n<td style=\"border-color: #000000; width: 393.417px; height: 111.6px; text-align: left; vertical-align: top;\">&nbsp;Thomas Schulz<\/td>\n<\/tr>\n<\/tbody>\n<\/table>\n<p>&nbsp;<\/p>\n<h2>Haftung f\u00fcr Inhalte<\/h2>\n<p>Die Inhalte unserer Seiten wurden mit gr\u00f6\u00dfter Sorgfalt erstellt. F\u00fcr die Richtigkeit, Vollst\u00e4ndigkeit und Aktualit\u00e4t der Inhalte k\u00f6nnen wir jedoch keine Gew\u00e4hr \u00fcbernehmen.<\/p>\n<p>Als Diensteanbieter sind wir gem\u00e4\u00df \u00a7 7 Abs.1 TMG f\u00fcr eigene Inhalte auf diesen Seiten nach den allgemeinen Gesetzen verantwortlich. Nach \u00a7\u00a7 8 bis 10 TMG sind wir als Diensteanbieter jedoch nicht verpflichtet, \u00fcbermittelte oder gespeicherte fremde Informationen zu \u00fcberwachen oder nach Umst\u00e4nden zu forschen, die auf eine rechtswidrige T\u00e4tigkeit hinweisen. Verpflichtungen zur Entfernung oder Sperrung der Nutzung von Informationen nach den allgemeinen Gesetzen bleiben hiervon unber\u00fchrt. Eine diesbez\u00fcgliche Haftung ist jedoch erst ab dem Zeitpunkt der Kenntnis einer konkreten Rechtsverletzung m\u00f6glich. Bei bekannt werden von entsprechenden Rechtsverletzungen werden wir diese Inhalte umgehend entfernen.<\/p>\n<h2>Haftung f\u00fcr Links<\/h2>\n<p>Unser Angebot enth\u00e4lt Links zu externen Webseiten Dritter, auf deren Inhalte wir keinen Einfluss haben. Deshalb k\u00f6nnen wir f\u00fcr diese fremden Inhalte auch keine Gew\u00e4hr \u00fcbernehmen. F\u00fcr die Inhalte der verlinkten Seiten ist stets der jeweilige Anbieter oder Betreiber der Seiten verantwortlich. Die verlinkten Seiten wurden zum Zeitpunkt der Verlinkung auf m\u00f6gliche Rechtsverst\u00f6\u00dfe \u00fcberpr\u00fcft. Rechtswidrige Inhalte waren zum Zeitpunkt der Verlinkung nicht erkennbar. Eine permanente inhaltliche Kontrolle der verlinkten Seiten ist jedoch ohne konkrete Anhaltspunkte einer Rechtsverletzung nicht zumutbar. Bei bekannt werden von Rechtsverletzungen werden wir derartige Links umgehend entfernen.<\/p>\n<h2>Urheberrecht<\/h2>\n<p>Die durch die Seitenbetreiber erstellten Inhalte und Werke auf diesen Seiten unterliegen dem deutschen Urheberrecht. Beitr\u00e4ge Dritter sind als solche gekennzeichnet. Die Vervielf\u00e4ltigung, Bearbeitung, Verbreitung und jede Art der Verwertung au\u00dferhalb der Grenzen des Urheberrechtes bed\u00fcrfen der schriftlichen Zustimmung des jeweiligen Autors bzw. Erstellers. Downloads und Kopien dieser Seite sind nur f\u00fcr den privaten, nicht kommerziellen Gebrauch gestattet.<\/p>\n<p>Die Betreiber der Seiten sind bem\u00fcht, stets die Urheberrechte anderer zu beachten bzw. auf selbst erstellte sowie lizenzfreie Werke zur\u00fcckzugreifen.<\/p>\n<h2>Datenschutz<\/h2>\n<p>Durch die Nutzung unserer Website erkl\u00e4ren Sie sich mit der Erhebung, Verarbeitung und Nutzung von Daten gem\u00e4\u00df der nachfolgenden Beschreibung einverstanden. Unsere Website kann grunds\u00e4tzlich ohne Registrierung besucht werden. Dabei werden Daten wie beispielsweise aufgerufene Seiten bzw. Namen der abgerufenen Datei, Datum und Uhrzeit zu statistischen Zwecken auf dem Server gespeichert, ohne dass diese Daten unmittelbar auf Ihre Person bezogen werden. Personenbezogene Daten, insbesondere Name, Adresse oder E-Mail-Adresse werden soweit m\u00f6glich auf freiwilliger Basis erhoben.<\/p>\n<p>Wir weisen darauf hin, dass die Daten\u00fcbertragung im Internet (z.B. bei der Kommunikation per E-Mail) Sicherheitsl\u00fccken aufweisen kann. Ein l\u00fcckenloser Schutz der Daten vor dem Zugriff durch Dritte ist nicht m\u00f6glich.<\/p>\n<p>Der Nutzung von im Rahmen der Impressumspflicht ver\u00f6ffentlichten Kontaktdaten durch Dritte zur \u00dcbersendung von nicht ausdr\u00fccklich angeforderter Werbung und Informationsmaterialien wird hiermit ausdr\u00fccklich widersprochen. Die Betreiber der Seiten behalten sich ausdr\u00fccklich rechtliche Schritte im Falle der unverlangten Zusendung von Werbeinformationen, etwa durch Spam-Mails, vor.<\/p>\n<p><a href=\"http:\/\/hbg-koeln.de\/wp-content\/uploads\/2026\/04\/HBG-msb-infopfl_-lehrkraefte-datenerhebung-artikel-13_-14-dsgvo-stand_230102.pdf\">Information zum Datenschutz &#8211; Personal<\/a><\/p>\n<p><a href=\"http:\/\/hbg-koeln.de\/wp-content\/uploads\/2018\/12\/18-12-03-Info-Datenschutz-SuS-Eltern.pdf\">Information zum Datenschutz &#8211; Sch\u00fclerinnen und Sch\u00fcler &#8211; Eltern<\/a><\/p>\n<p>&nbsp;<\/p>\n<p>&nbsp;<\/p>\n<p>&nbsp;<\/p>\n","protected":false},"excerpt":{"rendered":"<p>Impressum: Heinrich-B\u00f6ll-Gesamtschule &nbsp;Schulleitung: &nbsp;Rolf Grisard, Schulleiter &nbsp; &nbsp;Merianstr. 11 \u2013 15 \u00b7 50765 K\u00f6ln &nbsp;Telefon: 0221 \u2013 26 10 7 \u2013 0 \u00b7 Fax: 0221 \u2013 70 87 9 43 &nbsp;E- Mail: hbg@stadt-koeln.de &nbsp;Schultr\u00e4ger: &nbsp;Stadt K\u00f6ln<a class=\"moretag\" href=\"https:\/\/hbg-koeln.de\/?page_id=145\">Read More&#8230;<\/a><\/p>\n","protected":false},"author":1,"featured_media":0,"parent":0,"menu_order":0,"comment_status":"closed","ping_status":"open","template":"","meta":{"ngg_post_thumbnail":0,"footnotes":""},"class_list":["post-145","page","type-page","status-publish","hentry"],"_links":{"self":[{"href":"https:\/\/hbg-koeln.de\/index.php?rest_route=\/wp\/v2\/pages\/145","targetHints":{"allow":["GET"]}}],"collection":[{"href":"https:\/\/hbg-koeln.de\/index.php?rest_route=\/wp\/v2\/pages"}],"about":[{"href":"https:\/\/hbg-koeln.de\/index.php?rest_route=\/wp\/v2\/types\/page"}],"author":[{"embeddable":true,"href":"https:\/\/hbg-koeln.de\/index.php?rest_route=\/wp\/v2\/users\/1"}],"replies":[{"embeddable":true,"href":"https:\/\/hbg-koeln.de\/index.php?rest_route=%2Fwp%2Fv2%2Fcomments&post=145"}],"version-history":[{"count":21,"href":"https:\/\/hbg-koeln.de\/index.php?rest_route=\/wp\/v2\/pages\/145\/revisions"}],"predecessor-version":[{"id":11347,"href":"https:\/\/hbg-koeln.de\/index.php?rest_route=\/wp\/v2\/pages\/145\/revisions\/11347"}],"wp:attachment":[{"href":"https:\/\/hbg-koeln.de\/index.php?rest_route=%2Fwp%2Fv2%2Fmedia&parent=145"}],"curies":[{"name":"wp","href":"https:\/\/api.w.org\/{rel}","templated":true}]}}