{"id":1518,"date":"2013-03-19T22:44:01","date_gmt":"2013-03-19T20:44:01","guid":{"rendered":"http:\/\/hbg-koeln.de\/?page_id=1518"},"modified":"2013-03-20T19:08:01","modified_gmt":"2013-03-20T17:08:01","slug":"notenfindung-zentrale-prufungungen-10","status":"publish","type":"page","link":"https:\/\/hbg-koeln.de\/?page_id=1518","title":{"rendered":"Notenfindung Zentrale Pr\u00fcfungungen (10)"},"content":{"rendered":"<h2>Notenfindung f\u00fcr die F\u00e4cher der Zentralen Pr\u00fcfungen am Ende der 10. Klasse<\/h2>\n<p><strong>Wie werden die Vornote und die Abschlussnote in den Pr\u00fcfungsf\u00e4chern gebildet?<\/strong><\/p>\n<p>In den F\u00e4chern Deutsch, Mathematik und Englisch werden die Abschlussnoten je zur H\u00e4lfte aus der Vornote und der Note der schriftlichen Pr\u00fcfung gebildet. Die Vornote erfasst die in der Klasse 10 erbrachten Leistungen. Sie wird nicht arithmetisch ermittelt. Vielmehr ber\u00fccksichtigt sie die Leistungsentwicklung der Sch\u00fclerin oder des Sch\u00fclers im Verlauf der gesamten Klasse 10 bis zum Zeitpunkt der Festlegung. Dieser Zeitpunkt liegt vor dem Termin fu\u0308r die m\u00fcndliche Pr\u00fcfung (\u00a7 30 APO-S I).<\/p>\n<p>Im Fall einer m\u00fcndlichen Abweichungspr\u00fcfung gehen die Vornote, die Pr\u00fcfungsnote (Note der schriftlichen Pr\u00fcfung) und die Note der mu\u0308ndlichen Pr\u00fcfung im Verh\u00e4ltnis 5 (Vornote) : 3 (schriftlich) : 2 (m\u00fcndlich) in die Abschlussnote ein. Ergibt sich in diesem Fall einer m\u00fcndlichen Pr\u00fcfung bei der Berechnung der Abschlussnote eine Dezimalstelle, so ist bis zur Dezimalstelle &#8222;5&#8220; (einschlie\u00dflich) die bessere Note, in allen anderen F\u00e4llen die schlechtere Note als Abschlussnote festzusetzen.<\/p>\n<p><strong>Wie werden die Pr\u00fcfungsarbeiten bewertet?<\/strong><\/p>\n<p>Die Beurteilungs- und Bewertungsvorgaben werden den Schulen mit der \u00dcbermittlung der jeweiligen Pr\u00fcfungsaufgaben zur Verf\u00fcgung gestellt. Diese Vorgaben sind verbindlich. Die Kriterien d\u00fcrfen von den Korrektoren nicht ver\u00e4ndert oder angepasst werden.<\/p>\n<p>Fu\u0308r die Pr\u00fcfungsleistungen werden entsprechend der konkreten L\u00f6sungsqualit\u00e4t Punkte vergeben. Inhaltliche Leistungen und Darstellungsleistungen im Fach Deutsch, in der Fremdsprache auch Sprachrichtigkeit, werden gesondert ausgewiesen. Im Fach Mathematik werden der Umgang mit Ma\u00dfeinheiten und die Nachvollziehbarkeit der Darstellung zusammenfassend bewertet und gesondert ausgewiesen.<\/p>\n<p>Bei der Punktezuordnung in der Auswertungsanleitung sind der erste und zweite Teil entsprechend der vorgesehenen Bearbeitungsdauer gewichtet. Bei einer Bearbeitungsdauer von z. B. 30 Minuten fu\u0308r Teil I und z. B. 60 Minuten fu\u0308r Teil II geht Teil II mit etwa doppelter Punktzahl in die Gesamtwertung ein. Der Auswertungsanleitung ist jeweils eine Tabelle zur abschlie\u00dfenden Umrechnung der Punktwerte in Noten beigef\u00fcgt. Grunds\u00e4tzlich wird davon ausgegangen, dass<\/p>\n<ul>\n<li>die Note &#8222;ausreichend&#8220; das Erreichen von etwa 45 % der H\u00f6chstpunktzahl voraussetzt,<\/li>\n<li>oberhalb der Note &#8222;ausreichend&#8220; die Zuordnung der Punktzahlen zu den Notenstufen linear verteilt ist,<\/li>\n<li>die Grenze zwischen den Noten &#8222;mangelhaft&#8220; und &#8222;ungen\u00fcgend&#8220; bei etwa 18 % der H\u00f6chstpunktzahl liegt.<\/li>\n<\/ul>\n<p><strong>M\u00fcndliche Pr\u00fcfungen<\/strong><\/p>\n<p>M\u00fcndliche Pr\u00fcfungen finden in den Pr\u00fcfungsf\u00e4chern ausschlie\u00dflich als Abweichungspr\u00fcfungen unter folgenden Bedingungen statt:<\/p>\n<ul>\n<li>Stimmen Vornote und Pr\u00fcfungsnote (Note der schriftlichen Pr\u00fcfung) \u00fcberein, ist diese Note auch die Abschlussnote.<\/li>\n<li>Weichen Vornote und Pr\u00fcfungsnote um eine Note voneinander ab, so legt die Fachlehrkraft die Abschlussnote in Abstimmung mit der Lehrkraft fest, die die Zweitkorrektur \u00fcbernimmt. Dies kann sowohl die bessere als auch die schlechtere Note sein.<\/li>\n<li>Wenn die Vornote und Pr\u00fcfungsnote um zwei Noten voneinander abweichen, kann auf Wunsch der Sch\u00fclerin bzw. des Sch\u00fclers zus\u00e4tzlich eine m\u00fcndliche Pr\u00fcfung durchgef\u00fchrt werden (\u00a7 32 Abs. 2 APO-S I). Rechnerisch ist nur in vier F\u00e4llen bei der zwei Noten Abweichung eine Verbesserung m\u00f6glich. Die Fachlehrerinnen und -lehrer beraten dann entsprechend.<\/li>\n<\/ul>\n<p><strong>Ist in den F\u00e4chern mit zentraler Pr\u00fcfung eine Nachpr\u00fcfung m\u00f6glich?<\/strong><\/p>\n<ul>\n<li>Nein. Eine Nachpr\u00fcfung ist in den Pr\u00fcfungsf\u00e4chern nicht m\u00f6glich. In den \u00fcbrigen F\u00e4chern kann jedoch wie bisher eine Nachpr\u00fcfung durchgef\u00fchrt werden (s. APO-S I, \u00a742).<\/li>\n<\/ul>\n<p>&nbsp;<\/p>\n<p>&nbsp;<\/p>\n","protected":false},"excerpt":{"rendered":"<p>Notenfindung f\u00fcr die F\u00e4cher der Zentralen Pr\u00fcfungen am Ende der 10. Klasse Wie werden die Vornote und die Abschlussnote in den Pr\u00fcfungsf\u00e4chern gebildet? In den F\u00e4chern Deutsch, Mathematik und Englisch werden die Abschlussnoten je zur H\u00e4lfte<a class=\"moretag\" href=\"https:\/\/hbg-koeln.de\/?page_id=1518\">Read More&#8230;<\/a><\/p>\n","protected":false},"author":7,"featured_media":0,"parent":0,"menu_order":0,"comment_status":"closed","ping_status":"open","template":"","meta":{"ngg_post_thumbnail":0,"footnotes":""},"class_list":["post-1518","page","type-page","status-publish","hentry"],"_links":{"self":[{"href":"https:\/\/hbg-koeln.de\/index.php?rest_route=\/wp\/v2\/pages\/1518","targetHints":{"allow":["GET"]}}],"collection":[{"href":"https:\/\/hbg-koeln.de\/index.php?rest_route=\/wp\/v2\/pages"}],"about":[{"href":"https:\/\/hbg-koeln.de\/index.php?rest_route=\/wp\/v2\/types\/page"}],"author":[{"embeddable":true,"href":"https:\/\/hbg-koeln.de\/index.php?rest_route=\/wp\/v2\/users\/7"}],"replies":[{"embeddable":true,"href":"https:\/\/hbg-koeln.de\/index.php?rest_route=%2Fwp%2Fv2%2Fcomments&post=1518"}],"version-history":[{"count":4,"href":"https:\/\/hbg-koeln.de\/index.php?rest_route=\/wp\/v2\/pages\/1518\/revisions"}],"predecessor-version":[{"id":1522,"href":"https:\/\/hbg-koeln.de\/index.php?rest_route=\/wp\/v2\/pages\/1518\/revisions\/1522"}],"wp:attachment":[{"href":"https:\/\/hbg-koeln.de\/index.php?rest_route=%2Fwp%2Fv2%2Fmedia&parent=1518"}],"curies":[{"name":"wp","href":"https:\/\/api.w.org\/{rel}","templated":true}]}}