{"id":1891,"date":"2013-12-02T23:16:32","date_gmt":"2013-12-02T21:16:32","guid":{"rendered":"http:\/\/hbg-koeln.de\/?page_id=1891"},"modified":"2019-08-20T14:44:45","modified_gmt":"2019-08-20T12:44:45","slug":"mieh-als-ne-ball-de-hbg-is-uverall","status":"publish","type":"page","link":"https:\/\/hbg-koeln.de\/?page_id=1891","title":{"rendered":"Uns Schull is do f\u00f6r alle &#8211; Dem B\u00f6ll deit dat gefalle"},"content":{"rendered":"<h2>Schull- und Veedelsz\u00f6ch 2019<\/h2>\n<p>Auch im Jahr 2019 nahm die HBG wieder an den Schull- und Veedelsz\u00f6ch teil.<\/p>\n<p>Das Motto war in diesem Jahr etwas ernster &#8211; was unseren Spa\u00df jedoch in keiner Weise schm\u00e4lerte!<\/p>\n<p>Fesch im Dreck<\/p>\n<p>sinn nur half esu jeck.<\/p>\n<p>Un et plastikfreies Meer<\/p>\n<p>muss janz fl\u00f6ck her!&nbsp;&nbsp;<\/p>\n<p>&nbsp;<\/p>\n","protected":false},"excerpt":{"rendered":"<p>Schull- und Veedelsz\u00f6ch 2019 Auch im Jahr 2019 nahm die HBG wieder an den Schull- und Veedelsz\u00f6ch teil. Das Motto war in diesem Jahr etwas ernster &#8211; was unseren Spa\u00df jedoch in keiner Weise schm\u00e4lerte! Fesch<a class=\"moretag\" href=\"https:\/\/hbg-koeln.de\/?page_id=1891\">Read More&#8230;<\/a><\/p>\n","protected":false},"author":11,"featured_media":0,"parent":1556,"menu_order":0,"comment_status":"closed","ping_status":"open","template":"","meta":{"ngg_post_thumbnail":0,"footnotes":""},"class_list":["post-1891","page","type-page","status-publish","hentry"],"_links":{"self":[{"href":"https:\/\/hbg-koeln.de\/index.php?rest_route=\/wp\/v2\/pages\/1891","targetHints":{"allow":["GET"]}}],"collection":[{"href":"https:\/\/hbg-koeln.de\/index.php?rest_route=\/wp\/v2\/pages"}],"about":[{"href":"https:\/\/hbg-koeln.de\/index.php?rest_route=\/wp\/v2\/types\/page"}],"author":[{"embeddable":true,"href":"https:\/\/hbg-koeln.de\/index.php?rest_route=\/wp\/v2\/users\/11"}],"replies":[{"embeddable":true,"href":"https:\/\/hbg-koeln.de\/index.php?rest_route=%2Fwp%2Fv2%2Fcomments&post=1891"}],"version-history":[{"count":18,"href":"https:\/\/hbg-koeln.de\/index.php?rest_route=\/wp\/v2\/pages\/1891\/revisions"}],"predecessor-version":[{"id":6629,"href":"https:\/\/hbg-koeln.de\/index.php?rest_route=\/wp\/v2\/pages\/1891\/revisions\/6629"}],"up":[{"embeddable":true,"href":"https:\/\/hbg-koeln.de\/index.php?rest_route=\/wp\/v2\/pages\/1556"}],"wp:attachment":[{"href":"https:\/\/hbg-koeln.de\/index.php?rest_route=%2Fwp%2Fv2%2Fmedia&parent=1891"}],"curies":[{"name":"wp","href":"https:\/\/api.w.org\/{rel}","templated":true}]}}