{"id":2064,"date":"2014-03-04T08:46:48","date_gmt":"2014-03-04T06:46:48","guid":{"rendered":"http:\/\/hbg-koeln.de\/?page_id=2064"},"modified":"2019-08-20T14:35:06","modified_gmt":"2019-08-20T12:35:06","slug":"boell-oase-2","status":"publish","type":"page","link":"https:\/\/hbg-koeln.de\/?page_id=2064","title":{"rendered":"B\u00f6ll-Oase"},"content":{"rendered":"<h2>B\u00f6ll-Oase<\/h2>\n<p>\u201eVerdammt lang her\u201c als vor \u00fcber 20 Jahren zwei Kollegen (Andreas Hamm, Edmund Siefener) und einige Eltern (u.a. Rose Hoss, die auch heute noch in der Oase aushilft) die Idee hatten, eine Cafeteria zu gr\u00fcnden. Nach langer Vorbereitung wurde die \u201eB\u00f6ll-Oase\u201c, in die die Cafeteria schnell umbenannt wurde, offiziell am 15.10.1992 er\u00f6ffnet.<\/p>\n<p>Heute arbeiten viele M\u00fctter und einige V\u00e4ter ehrenamtlich auf 5 Tage verteilt in der Oase.<\/p>\n<p>Was das Angebot angeht, lassen sich die Teams immer etwas einfallen: Da gibt es Sandwiches, K\u00e4sespie\u00dfe,Kuchen, frisches Obst, sogar selbstgebackene Weckchen und nat\u00fcrlich die vielf\u00e4ltig belegten Br\u00f6tchen.<\/p>\n<p>Kein Wunder, dass bei diesen \u201eLeckerchen\u201c die Oase in den Pausen immer brechend voll ist. An der Theke dr\u00e4ngeln sich Sch\u00fcler (und auch Lehrer). Dabei ist es f\u00fcr die Eltern hinter der Theke nicht immer leicht, den \u00dcberblick zu behalten und \u201ecool\u201c zu bleiben. Zum Abschalten und um neue Kraft zu tanken, wird daher j\u00e4hrlich ein \u201eOase-Ausflug\u201c gemacht.<\/p>\n<p>Die B\u00f6ll-Oase wird aber auch f\u00fcr viele andere Veranstaltungen genutzt. So findet dort jedes Jahr im Januar der traditionelle Neujahrsempfang f\u00fcr aktive Eltern statt. Angebote und Events im Rahmen des Kulturfestivals im Juni haben dort ebenfalls ihren festen Platz.<\/p>\n<p>M\u00fctter und V\u00e4ter, die Spa\u00df haben, in einem netten Team f\u00fcr ihre Kinder etwas Gutes zu tun, sind herzlich eingeladen mitzumachen. Sie k\u00f6nnen gerne mal in der B\u00f6ll-Oase vorbei kommen und mit den Eltern sprechen!<\/p>\n<p>Ansprechpartner: Michael Eckhardt (michael.eckhardt@hbg-koeln.de)<\/p>\n<p><strong>\u00d6ffnungszeiten: <\/strong><\/p>\n<p><strong>montags, mittwochs und donnerstags von 9.00 \u2013 14.00 Uhr<\/strong><\/p>\n<p><strong>dienstags und freitags von 9.00 \u2013 11.00 Uhr<\/strong><\/p>\n","protected":false},"excerpt":{"rendered":"<p>B\u00f6ll-Oase \u201eVerdammt lang her\u201c als vor \u00fcber 20 Jahren zwei Kollegen (Andreas Hamm, Edmund Siefener) und einige Eltern (u.a. Rose Hoss, die auch heute noch in der Oase aushilft) die Idee hatten, eine Cafeteria zu gr\u00fcnden.<a class=\"moretag\" href=\"https:\/\/hbg-koeln.de\/?page_id=2064\">Read More&#8230;<\/a><\/p>\n","protected":false},"author":7,"featured_media":0,"parent":555,"menu_order":0,"comment_status":"closed","ping_status":"open","template":"","meta":{"ngg_post_thumbnail":0,"footnotes":""},"class_list":["post-2064","page","type-page","status-publish","hentry"],"_links":{"self":[{"href":"https:\/\/hbg-koeln.de\/index.php?rest_route=\/wp\/v2\/pages\/2064","targetHints":{"allow":["GET"]}}],"collection":[{"href":"https:\/\/hbg-koeln.de\/index.php?rest_route=\/wp\/v2\/pages"}],"about":[{"href":"https:\/\/hbg-koeln.de\/index.php?rest_route=\/wp\/v2\/types\/page"}],"author":[{"embeddable":true,"href":"https:\/\/hbg-koeln.de\/index.php?rest_route=\/wp\/v2\/users\/7"}],"replies":[{"embeddable":true,"href":"https:\/\/hbg-koeln.de\/index.php?rest_route=%2Fwp%2Fv2%2Fcomments&post=2064"}],"version-history":[{"count":3,"href":"https:\/\/hbg-koeln.de\/index.php?rest_route=\/wp\/v2\/pages\/2064\/revisions"}],"predecessor-version":[{"id":6625,"href":"https:\/\/hbg-koeln.de\/index.php?rest_route=\/wp\/v2\/pages\/2064\/revisions\/6625"}],"up":[{"embeddable":true,"href":"https:\/\/hbg-koeln.de\/index.php?rest_route=\/wp\/v2\/pages\/555"}],"wp:attachment":[{"href":"https:\/\/hbg-koeln.de\/index.php?rest_route=%2Fwp%2Fv2%2Fmedia&parent=2064"}],"curies":[{"name":"wp","href":"https:\/\/api.w.org\/{rel}","templated":true}]}}