{"id":242,"date":"2012-10-16T22:10:10","date_gmt":"2012-10-16T20:10:10","guid":{"rendered":"http:\/\/hbg-koeln.de\/?page_id=242"},"modified":"2023-09-19T08:12:18","modified_gmt":"2023-09-19T07:12:18","slug":"eltern-ags","status":"publish","type":"page","link":"https:\/\/hbg-koeln.de\/?page_id=242","title":{"rendered":"Eltern &#8211; AGs"},"content":{"rendered":"<h1>Eltern &#8211; Arbeitsgemeinschaften<\/h1>\n<p>Die Arbeitsgemeinschaften f\u00fcr die Jahrg\u00e4nge 5 und 6 finden an einem Nachmittag von 14.35 \u2013 15.42 Uhr statt. Zu Beginn eines jeden Halbjahres w\u00e4hlen die Sch\u00fcler und Sch\u00fclerinnen eines Teams aus dem jeweiligen Themenangebot ihre Wunsch-AG, die dann f\u00fcr ein Halbjahr verpflichtend wahrgenommen wird. Seit vielen Jahren k\u00f6nnen wir durch eine Reihe aktiver Eltern unser AG-Angebot im 5. und 6. Jahrgang erweitern. Wenn Eltern ein Hobby haben, dass sie an unsere Sch\u00fcler und Sch\u00fclerinnen weitergeben m\u00f6chten, ist dies sehr gern gesehen.<\/p>\n<p>Materialien sind vorhanden unter anderem f\u00fcr Basteln, Werken, Seidenmalerei und Laubs\u00e4gearbeiten. Nat\u00fcrlich auch Spiele und B\u00e4lle, Zirkusmaterialien, Demo- Schachspiel und Schachspiele, Materialien f\u00fcr Schwarzlichttheater und Keramikarbeiten. Tischtennis- AG oder Computer- AG sind ebenfalls m\u00f6glich. Die Eltern leiten die Gruppen selbstst\u00e4ndig, werden aber in allen anfallenden Fragen und Schwierigkeiten von unseren Sozialp\u00e4dagoginnen Frau Mamier und Frau M\u00f6ller unterst\u00fctzt.<\/p>\n<p>Eltern, die regelm\u00e4\u00dfig mitarbeiten, treffen sich im Elternkreis. Im Herbst trifft man sich zum Austausch \u00fcber die laufenden AGs. Hier werden spezielle Kenntnisse und F\u00e4higkeiten einzelner Eltern weitergegeben.<\/p>\n<p>Als ein Dankesch\u00f6n der Schule werden alle aktiven Eltern im Januar zum Neujahrsempfang eingeladen. Zu diesem Kreis geh\u00f6ren auch die Eltern, die in der Cafeteria arbeiten, die Eltern des F\u00f6rdervereins und der Schulkonferenz. Sowohl das Buffet, das im Hauswirtschaftsunterricht von Sch\u00fclern und Sch\u00fclerinnen hergestellt wird, als auch kleine musikalische Auff\u00fchrungen tragen immer zu einem gelungenem Abend bei. Wir freuen uns \u00fcber jede helfende Hand und hei\u00dfen Sie herzlich willkommen im Kreis der aktiven AG-Eltern.<\/p>\n","protected":false},"excerpt":{"rendered":"<p>Eltern &#8211; Arbeitsgemeinschaften Die Arbeitsgemeinschaften f\u00fcr die Jahrg\u00e4nge 5 und 6 finden an einem Nachmittag von 14.35 \u2013 15.42 Uhr statt. Zu Beginn eines jeden Halbjahres w\u00e4hlen die Sch\u00fcler und Sch\u00fclerinnen eines Teams aus dem jeweiligen<a class=\"moretag\" href=\"https:\/\/hbg-koeln.de\/?page_id=242\">Read More&#8230;<\/a><\/p>\n","protected":false},"author":11,"featured_media":0,"parent":0,"menu_order":0,"comment_status":"closed","ping_status":"open","template":"","meta":{"ngg_post_thumbnail":0,"footnotes":""},"class_list":["post-242","page","type-page","status-publish","hentry"],"_links":{"self":[{"href":"https:\/\/hbg-koeln.de\/index.php?rest_route=\/wp\/v2\/pages\/242","targetHints":{"allow":["GET"]}}],"collection":[{"href":"https:\/\/hbg-koeln.de\/index.php?rest_route=\/wp\/v2\/pages"}],"about":[{"href":"https:\/\/hbg-koeln.de\/index.php?rest_route=\/wp\/v2\/types\/page"}],"author":[{"embeddable":true,"href":"https:\/\/hbg-koeln.de\/index.php?rest_route=\/wp\/v2\/users\/11"}],"replies":[{"embeddable":true,"href":"https:\/\/hbg-koeln.de\/index.php?rest_route=%2Fwp%2Fv2%2Fcomments&post=242"}],"version-history":[{"count":7,"href":"https:\/\/hbg-koeln.de\/index.php?rest_route=\/wp\/v2\/pages\/242\/revisions"}],"predecessor-version":[{"id":9912,"href":"https:\/\/hbg-koeln.de\/index.php?rest_route=\/wp\/v2\/pages\/242\/revisions\/9912"}],"wp:attachment":[{"href":"https:\/\/hbg-koeln.de\/index.php?rest_route=%2Fwp%2Fv2%2Fmedia&parent=242"}],"curies":[{"name":"wp","href":"https:\/\/api.w.org\/{rel}","templated":true}]}}