{"id":2439,"date":"2014-09-23T01:09:41","date_gmt":"2014-09-22T23:09:41","guid":{"rendered":"http:\/\/hbg-koeln.de\/?page_id=2439"},"modified":"2017-03-24T13:56:34","modified_gmt":"2017-03-24T11:56:34","slug":"beratung-lupo","status":"publish","type":"page","link":"https:\/\/hbg-koeln.de\/?page_id=2439","title":{"rendered":"Beratung LuPO"},"content":{"rendered":"<h1>Kurswahlen &amp; Abitur<\/h1>\n<p>Liebe Sch\u00fclerinnen und Sch\u00fcler,<\/p>\n<p>hier findet ihr eine kurze Anleitung f\u00fcr den Umgang mit LuPO (Laufbahnpr\u00fcfung und Abiturberechnung) und eine Sch\u00fclerdatei, mit der ihr Probeberechnungen zum Abitur durchf\u00fchren k\u00f6nnt.<\/p>\n<ul>\n<li>Anleitung <a href=\"http:\/\/www.hbg-koeln.de\/uploads\/LuPO.pdf\">KLICK<\/a> (unbedingt zuerst lesen!)<\/li>\n<li>leerer Lupo-Bogen (<a href=\"http:\/\/hbg-koeln.de\/uploads\/Mustermann_Max_.lpo\">KLICK<\/a>)<\/li>\n<li>Infomaterial (PowerPoint) zur Abiturberechnung <a href=\"http:\/\/hbg-koeln.de\/uploads\/regeln.ppt\">(KLICK)<\/a><\/li>\n<\/ul>\n<p>Bei Fragen und Anregungen &#8211; einfach die Beratungslehrer ansprechen.<\/p>\n<p>Thomas Schulz<\/p>\n<p>&nbsp;<\/p>\n<h1>Informationen zum Abitur<\/h1>\n<ul>\n<li><a href=\"https:\/\/broschueren.nordrheinwestfalendirekt.de\/broschuerenservice\/msw\/die-gymnasiale-oberstufe-an-gymnasien-und-gesamtschulen-in-nordrhein-westfalen-informationen-fuer-schuelerinnen-und-schueler\/1651\" target=\"_blank\">Brosch\u00fcre zur gymnasialen Oberstufe<\/a> (wirklich lesenswert) und alle Sch\u00fclerinnen und Sch\u00fcler haben am 21.3.2017 ein entsprechendes Heft erhalten.<\/li>\n<\/ul>\n<div>&nbsp;<\/div>\n","protected":false},"excerpt":{"rendered":"<p>Kurswahlen &amp; Abitur Liebe Sch\u00fclerinnen und Sch\u00fcler, hier findet ihr eine kurze Anleitung f\u00fcr den Umgang mit LuPO (Laufbahnpr\u00fcfung und Abiturberechnung) und eine Sch\u00fclerdatei, mit der ihr Probeberechnungen zum Abitur durchf\u00fchren k\u00f6nnt. Anleitung KLICK (unbedingt zuerst<a class=\"moretag\" href=\"https:\/\/hbg-koeln.de\/?page_id=2439\">Read More&#8230;<\/a><\/p>\n","protected":false},"author":1,"featured_media":0,"parent":0,"menu_order":0,"comment_status":"closed","ping_status":"open","template":"","meta":{"ngg_post_thumbnail":0,"footnotes":""},"class_list":["post-2439","page","type-page","status-publish","hentry"],"_links":{"self":[{"href":"https:\/\/hbg-koeln.de\/index.php?rest_route=\/wp\/v2\/pages\/2439","targetHints":{"allow":["GET"]}}],"collection":[{"href":"https:\/\/hbg-koeln.de\/index.php?rest_route=\/wp\/v2\/pages"}],"about":[{"href":"https:\/\/hbg-koeln.de\/index.php?rest_route=\/wp\/v2\/types\/page"}],"author":[{"embeddable":true,"href":"https:\/\/hbg-koeln.de\/index.php?rest_route=\/wp\/v2\/users\/1"}],"replies":[{"embeddable":true,"href":"https:\/\/hbg-koeln.de\/index.php?rest_route=%2Fwp%2Fv2%2Fcomments&post=2439"}],"version-history":[{"count":11,"href":"https:\/\/hbg-koeln.de\/index.php?rest_route=\/wp\/v2\/pages\/2439\/revisions"}],"predecessor-version":[{"id":5342,"href":"https:\/\/hbg-koeln.de\/index.php?rest_route=\/wp\/v2\/pages\/2439\/revisions\/5342"}],"wp:attachment":[{"href":"https:\/\/hbg-koeln.de\/index.php?rest_route=%2Fwp%2Fv2%2Fmedia&parent=2439"}],"curies":[{"name":"wp","href":"https:\/\/api.w.org\/{rel}","templated":true}]}}