{"id":2591,"date":"2014-11-17T21:28:42","date_gmt":"2014-11-17T19:28:42","guid":{"rendered":"http:\/\/hbg-koeln.de\/?page_id=2591"},"modified":"2023-04-27T09:00:25","modified_gmt":"2023-04-27T08:00:25","slug":"lesementor","status":"publish","type":"page","link":"https:\/\/hbg-koeln.de\/?page_id=2591","title":{"rendered":"Lesementor"},"content":{"rendered":"<h2>Lesementor K\u00f6ln<\/h2>\n<p>Seit dem 11.11.2014 bekommen wir in unserer Schule w\u00f6chentlich Besuch von acht ehrenamtlichen Lesementorinnen\/Lesementoren. Diese ehrenamtlichen Helfer bieten individuelle Hilfe f\u00fcr Kinder, die Schwierigkeiten beim Lesen oder im Umgang mit der deutschen Sprache haben. Die Arbeit der Lesementorinnen und Lesementoren ersetzt nicht den Deutschunterricht und ist auch keine Nachhilfe, sondern ist eine erg\u00e4nzende Unterst\u00fctzung in der Ausbildung der sprachlichen F\u00e4higkeiten der Kinder. Eine Unterrichtsstunde lang \u00fcben sie mit einem Kind in einer 1:1-Betreuung das Lesen und Verstehen altersgerechter Texte und versuchen dabei den Spa\u00df und das Interesse an B\u00fcchern zu wecken.<\/p>\n<p>In den R\u00e4umen unserer Schule kann auf diese Weise unseren Kindern die M\u00f6glichkeit gegeben werden, au\u00dferhalb des Unterrichts ihre Lesekompetenz zu st\u00e4rken und gemeinsame Gespr\u00e4che \u00fcber das Gelesene zu f\u00fchren. Es werden auf spielerische Weise und unter Ber\u00fccksichtigung der W\u00fcnsche der Kinder sprachliche Kenntnisse und F\u00e4higkeiten vermittelt und erweitert. Mit Freude beobachten wir, dass die Kinder durch diese F\u00f6rderung zus\u00e4tzlich zu ihren Lesefertigkeiten auch ihr Vertrauen in die eigenen F\u00e4higkeiten st\u00e4rken.<\/p>\n<p>Die Lesef\u00f6rderung findet mit Zustimmung der Eltern und im Austausch mit den Klassenlehrern\/Klassenlehrerinnen der teilnehmenden Kinder statt.<\/p>\n<p>Die Zusammenarbeit der Schule mit unseren Lesementorinnen\/Lesementoren hat sich bew\u00e4hrt und wir freuen uns \u00fcber weitere motivierte und zuverl\u00e4ssige Ehrenamtliche.<\/p>\n<p>Wer mehr \u00fcber die Arbeit von Lesementoren und Lesementorinnen wissen m\u00f6chte kann sich \u00fcber die Homepage https:\/\/<a href=\"http:\/\/www.lesementorkoeln.de\">lesementorkoeln.de<\/a> informieren.<\/p>\n<p>Wenn Sie Interesse an der Mitarbeit haben, wenden Sie sich direkt an LESEMENTOR K\u00f6ln oder an unsere Schule. Neue Lesementorinnen und Lesementoren sind immer sehr willkommen!!!<\/p>\n<p><a href=\"http:\/\/hbg-koeln.de\/wp-content\/uploads\/2023\/04\/Lesementoren23.jpg\"><img loading=\"lazy\" decoding=\"async\" class=\"alignleft size-medium wp-image-9649\" src=\"http:\/\/hbg-koeln.de\/wp-content\/uploads\/2023\/04\/Lesementoren23-300x221.jpg\" alt=\"\" width=\"300\" height=\"221\" srcset=\"https:\/\/hbg-koeln.de\/wp-content\/uploads\/2023\/04\/Lesementoren23-300x221.jpg 300w, https:\/\/hbg-koeln.de\/wp-content\/uploads\/2023\/04\/Lesementoren23-1024x755.jpg 1024w, https:\/\/hbg-koeln.de\/wp-content\/uploads\/2023\/04\/Lesementoren23-768x566.jpg 768w, https:\/\/hbg-koeln.de\/wp-content\/uploads\/2023\/04\/Lesementoren23-1536x1133.jpg 1536w, https:\/\/hbg-koeln.de\/wp-content\/uploads\/2023\/04\/Lesementoren23.jpg 1600w\" sizes=\"auto, (max-width: 300px) 100vw, 300px\" \/><\/a><\/p>\n<p>&nbsp;<\/p>\n<p>&nbsp;<\/p>\n<p>&nbsp;<\/p>\n","protected":false},"excerpt":{"rendered":"<p>Lesementor K\u00f6ln Seit dem 11.11.2014 bekommen wir in unserer Schule w\u00f6chentlich Besuch von acht ehrenamtlichen Lesementorinnen\/Lesementoren. Diese ehrenamtlichen Helfer bieten individuelle Hilfe f\u00fcr Kinder, die Schwierigkeiten beim Lesen oder im Umgang mit der deutschen Sprache haben.<a class=\"moretag\" href=\"https:\/\/hbg-koeln.de\/?page_id=2591\">Read More&#8230;<\/a><\/p>\n","protected":false},"author":7,"featured_media":0,"parent":0,"menu_order":0,"comment_status":"closed","ping_status":"open","template":"","meta":{"ngg_post_thumbnail":0,"footnotes":""},"class_list":["post-2591","page","type-page","status-publish","hentry"],"_links":{"self":[{"href":"https:\/\/hbg-koeln.de\/index.php?rest_route=\/wp\/v2\/pages\/2591","targetHints":{"allow":["GET"]}}],"collection":[{"href":"https:\/\/hbg-koeln.de\/index.php?rest_route=\/wp\/v2\/pages"}],"about":[{"href":"https:\/\/hbg-koeln.de\/index.php?rest_route=\/wp\/v2\/types\/page"}],"author":[{"embeddable":true,"href":"https:\/\/hbg-koeln.de\/index.php?rest_route=\/wp\/v2\/users\/7"}],"replies":[{"embeddable":true,"href":"https:\/\/hbg-koeln.de\/index.php?rest_route=%2Fwp%2Fv2%2Fcomments&post=2591"}],"version-history":[{"count":7,"href":"https:\/\/hbg-koeln.de\/index.php?rest_route=\/wp\/v2\/pages\/2591\/revisions"}],"predecessor-version":[{"id":9650,"href":"https:\/\/hbg-koeln.de\/index.php?rest_route=\/wp\/v2\/pages\/2591\/revisions\/9650"}],"wp:attachment":[{"href":"https:\/\/hbg-koeln.de\/index.php?rest_route=%2Fwp%2Fv2%2Fmedia&parent=2591"}],"curies":[{"name":"wp","href":"https:\/\/api.w.org\/{rel}","templated":true}]}}