{"id":2661,"date":"2015-01-05T21:17:01","date_gmt":"2015-01-05T19:17:01","guid":{"rendered":"http:\/\/hbg-koeln.de\/?page_id=2661"},"modified":"2025-11-19T21:25:31","modified_gmt":"2025-11-19T20:25:31","slug":"schuelervertretung","status":"publish","type":"page","link":"https:\/\/hbg-koeln.de\/?page_id=2661","title":{"rendered":"Sch\u00fcler:innenvertretung"},"content":{"rendered":"<p><strong>Die Arbeit der Sch\u00fclervertretung (SV) an der Heinrich- B\u00f6ll Gesamtschule<\/strong><\/p>\n<p>Als Vertretung der Sch\u00fclerschaft ist es unsere Aufgabe das schulische Zusammenleben an unserer Schule auch nach den W\u00fcnschen der Mitsch\u00fclerinnen und Mitsch\u00fcler anzupassen. Dabei handeln wir im Rahmen des Schulgesetzes und stellen somit ein zentrales Gremium der Mitbestimmung an unserer Schule dar. Im Folgenden m\u00f6chte ich Ihnen einen groben \u00dcberblick zu unserer Zusammensetzung und Arbeit geben.<br \/>\nDie Sch\u00fclervertretung setzt sich aus Personen des Sch\u00fclerrates zusammen, der jedes Jahr, durch die Klassensprecherwahlen, neu zusammengesetzt wird. Nachdem die Klassen- bzw. Kurssprecher\/innen gew\u00e4hlt wurden, kommt es zu einer Vollversammlung der Sch\u00fclervertretung, welche neben einem Sch\u00fclersprecher\/in auch das SV Beratungsteam w\u00e4hlt und andere Gremien zur Schulalltagsgestaltung bestimmt. Sowohl die Klassensprecher\/innen als auch die Jahrgangssprecher\/innen der Oberstufenjahrg\u00e4nge stellen die Verbindung zwischen ihren Kursen und der Sch\u00fclervertretung dar. Das SV Team und der Schulsprecher\/in stellen eine Verbindung zur Schulleitung und den Beratungslehrern\/innen her und sprechen \u00fcber schulpolitische Probleme und Projekte. Alle Beteiligten Sch\u00fclerinnen und Sch\u00fcler innerhalb dieses Kreislaufes stellen einen wichtigen Teil des schulischen Zusammenlebens dar.<br \/>\nAu\u00dferdem unterliegt der Sch\u00fclerschaft 1\/3 des Mitspracherechts in der Schulkonferenz, was uns neben der Eltern- und Lehrerschaft zu einer einflussreichen Mitbestimmungskraft an unserer Schule bringt. Die Schulkonferenz ist das Gremium der Schule, in dem Eltern, Sch\u00fcler und Lehrer die wichtigsten schulischen Angelegenheiten besprechen und \u00fcber Vorgehen abstimmen.<br \/>\nAllein aufgrund unserer Mitsprachekraft an der Gestaltung und Anpassung unseres schulischen Alltags ist die Sch\u00fclervertretung und auch die sonstige ehrenamtliche Arbeit an unserer Schule von Sch\u00fclerinnen und Sch\u00fclern f\u00fcr Sch\u00fclerinnen und Sch\u00fcler unglaublich wichtig.<br \/>\nNeben dem schulpolitischen Engagement sind auch die Organisation von Projekten auf der Tagesordnung der SV. Jede Woche trifft sich ein Teil der Sch\u00fclervertretung zur Besprechung von aktuellen Themen. Der Raum der Sch\u00fclervertretung ist einmal die Woche besetzt wo das SV Team \u00fcber neue Projekte und Probleme sich unterh\u00e4lt. Doch auch Sch\u00fcler\/innen k\u00f6nnen ihre W\u00fcnsche und Probleme \u00e4u\u00dfern und wir schauen wie wir helfen k\u00f6nnen. Die Meinung, Ideen und w\u00fcnsche sind immer willkommen.<\/p>\n<p><a href=\"http:\/\/hbg-koeln.de\/wp-content\/uploads\/2025\/05\/25-05-13-SV.jpg\"><img loading=\"lazy\" decoding=\"async\" class=\"alignleft wp-image-10712\" src=\"http:\/\/hbg-koeln.de\/wp-content\/uploads\/2025\/05\/25-05-13-SV-169x300.jpg\" alt=\"\" width=\"105\" height=\"186\" srcset=\"https:\/\/hbg-koeln.de\/wp-content\/uploads\/2025\/05\/25-05-13-SV-169x300.jpg 169w, https:\/\/hbg-koeln.de\/wp-content\/uploads\/2025\/05\/25-05-13-SV-576x1024.jpg 576w, https:\/\/hbg-koeln.de\/wp-content\/uploads\/2025\/05\/25-05-13-SV-768x1365.jpg 768w, https:\/\/hbg-koeln.de\/wp-content\/uploads\/2025\/05\/25-05-13-SV-864x1536.jpg 864w, https:\/\/hbg-koeln.de\/wp-content\/uploads\/2025\/05\/25-05-13-SV.jpg 995w\" sizes=\"auto, (max-width: 105px) 100vw, 105px\" \/><\/a><\/p>\n<p>Die Sch\u00fcler:innen auf dem Bild sind Tanisha Kattar, Heinrich Heine, Ja\u00ebl Engels, Marie Spiegelmacher, Klara Quantius, Leyla Celikaslan und nat\u00fcrlich unsere Sch\u00fclersprecherInnen Luis Pusch und Ilayda Demir.<\/p>\n<p>&nbsp;<\/p>\n<p>Sch\u00fclersprecher:innen 2025\/26: Luis Pusch und Lilith Schmitz<\/p>\n<p>SV Lehrer:innen: Kristina Neumann, Johannes Schmidt, Paul Heiliger<\/p>\n<p><span data-teams=\"true\">&nbsp;<\/span><\/p>\n","protected":false},"excerpt":{"rendered":"<p>Die Arbeit der Sch\u00fclervertretung (SV) an der Heinrich- B\u00f6ll Gesamtschule Als Vertretung der Sch\u00fclerschaft ist es unsere Aufgabe das schulische Zusammenleben an unserer Schule auch nach den W\u00fcnschen der Mitsch\u00fclerinnen und Mitsch\u00fcler anzupassen. Dabei handeln wir<a class=\"moretag\" href=\"https:\/\/hbg-koeln.de\/?page_id=2661\">Read More&#8230;<\/a><\/p>\n","protected":false},"author":7,"featured_media":0,"parent":0,"menu_order":0,"comment_status":"closed","ping_status":"open","template":"","meta":{"ngg_post_thumbnail":0,"footnotes":""},"class_list":["post-2661","page","type-page","status-publish","hentry"],"_links":{"self":[{"href":"https:\/\/hbg-koeln.de\/index.php?rest_route=\/wp\/v2\/pages\/2661","targetHints":{"allow":["GET"]}}],"collection":[{"href":"https:\/\/hbg-koeln.de\/index.php?rest_route=\/wp\/v2\/pages"}],"about":[{"href":"https:\/\/hbg-koeln.de\/index.php?rest_route=\/wp\/v2\/types\/page"}],"author":[{"embeddable":true,"href":"https:\/\/hbg-koeln.de\/index.php?rest_route=\/wp\/v2\/users\/7"}],"replies":[{"embeddable":true,"href":"https:\/\/hbg-koeln.de\/index.php?rest_route=%2Fwp%2Fv2%2Fcomments&post=2661"}],"version-history":[{"count":13,"href":"https:\/\/hbg-koeln.de\/index.php?rest_route=\/wp\/v2\/pages\/2661\/revisions"}],"predecessor-version":[{"id":11074,"href":"https:\/\/hbg-koeln.de\/index.php?rest_route=\/wp\/v2\/pages\/2661\/revisions\/11074"}],"wp:attachment":[{"href":"https:\/\/hbg-koeln.de\/index.php?rest_route=%2Fwp%2Fv2%2Fmedia&parent=2661"}],"curies":[{"name":"wp","href":"https:\/\/api.w.org\/{rel}","templated":true}]}}