{"id":2723,"date":"2015-02-22T12:42:21","date_gmt":"2015-02-22T10:42:21","guid":{"rendered":"http:\/\/hbg-koeln.de\/?page_id=2723"},"modified":"2015-02-22T12:51:32","modified_gmt":"2015-02-22T10:51:32","slug":"gesellschaftslehre","status":"publish","type":"page","link":"https:\/\/hbg-koeln.de\/?page_id=2723","title":{"rendered":"Gesellschaftslehre"},"content":{"rendered":"<p>Das Fach Gesellschaftslehre (GL) setzt sich aus den Unterrichtsf\u00e4chern Erdkunde, Geschichte und Politik zusammen. Es wird von der 5. bis zur 10. Klasse dreist\u00fcndig im Klassenverband unterrichtet und binnendifferenziert. Neben den Curriculumsinhalten f\u00f6rdert die Heinrich-B\u00f6ll-Gesamtschule Zeitzeugenprojekte im lokalen Umfeld sowie thematisch eingebettete Unterrichtsg\u00e4nge (Haus der Geschichte, EL-DE Haus, &#8230;) und f\u00e4cher\u00fcbergreifende Projekte (Wettbewerbe).<\/p>\n<p>Formen des kooperativen Lernens als besonders wirksame Arbeits- und Lernformen sind im Fach Gesellschaftslehre fest verankert.<\/p>\n<p>In der Sekundarstufe II k\u00f6nnen die Unterrichtsf\u00e4cher Geschichte und Sozialwissenschaften als Grund- und Leistungskurs gew\u00e4hlt werden.<\/p>\n","protected":false},"excerpt":{"rendered":"<p>Das Fach Gesellschaftslehre (GL) setzt sich aus den Unterrichtsf\u00e4chern Erdkunde, Geschichte und Politik zusammen. Es wird von der 5. bis zur 10. Klasse dreist\u00fcndig im Klassenverband unterrichtet und binnendifferenziert. Neben den Curriculumsinhalten f\u00f6rdert die Heinrich-B\u00f6ll-Gesamtschule Zeitzeugenprojekte<a class=\"moretag\" href=\"https:\/\/hbg-koeln.de\/?page_id=2723\">Read More&#8230;<\/a><\/p>\n","protected":false},"author":7,"featured_media":0,"parent":0,"menu_order":0,"comment_status":"closed","ping_status":"open","template":"","meta":{"ngg_post_thumbnail":0,"footnotes":""},"class_list":["post-2723","page","type-page","status-publish","hentry"],"_links":{"self":[{"href":"https:\/\/hbg-koeln.de\/index.php?rest_route=\/wp\/v2\/pages\/2723","targetHints":{"allow":["GET"]}}],"collection":[{"href":"https:\/\/hbg-koeln.de\/index.php?rest_route=\/wp\/v2\/pages"}],"about":[{"href":"https:\/\/hbg-koeln.de\/index.php?rest_route=\/wp\/v2\/types\/page"}],"author":[{"embeddable":true,"href":"https:\/\/hbg-koeln.de\/index.php?rest_route=\/wp\/v2\/users\/7"}],"replies":[{"embeddable":true,"href":"https:\/\/hbg-koeln.de\/index.php?rest_route=%2Fwp%2Fv2%2Fcomments&post=2723"}],"version-history":[{"count":2,"href":"https:\/\/hbg-koeln.de\/index.php?rest_route=\/wp\/v2\/pages\/2723\/revisions"}],"predecessor-version":[{"id":2733,"href":"https:\/\/hbg-koeln.de\/index.php?rest_route=\/wp\/v2\/pages\/2723\/revisions\/2733"}],"wp:attachment":[{"href":"https:\/\/hbg-koeln.de\/index.php?rest_route=%2Fwp%2Fv2%2Fmedia&parent=2723"}],"curies":[{"name":"wp","href":"https:\/\/api.w.org\/{rel}","templated":true}]}}