{"id":2726,"date":"2015-02-22T12:44:22","date_gmt":"2015-02-22T10:44:22","guid":{"rendered":"http:\/\/hbg-koeln.de\/?page_id=2726"},"modified":"2021-12-14T22:12:18","modified_gmt":"2021-12-14T21:12:18","slug":"sport","status":"publish","type":"page","link":"https:\/\/hbg-koeln.de\/?page_id=2726","title":{"rendered":"Sport"},"content":{"rendered":"<p>Das Unterrichtsfach Sport wird von der 5. bis zur 10. Klasse dreist\u00fcndig im Klassenverband unterrichtet. Im 6. Jahrgang geht jede Klasse ins naheliegende Chorweilerbad und wird im Schwimmen unterrichtet.<\/p>\n<p>In der Sekundarstufe I und II bilden Basketball und Badminton die Schwerpunktsportarten.<\/p>\n<p>Die gro\u00dfe Au\u00dfensportanlage und die N\u00e4he zur angrenzenden Bezirkssportanlage K\u00f6ln-Chorweiler &nbsp;und dem Naherholungsgebiet F\u00fchlinger See bieten der Heinrich-B\u00f6ll-Gesamtschule vielf\u00e4ltige M\u00f6glichkeiten, Schulsport au\u00dferhalb der Sporthalle stattfinden zu lassen. Neben einer Triathlon AG unterh\u00e4lt die Schule eine Kooperation mit dem RTHC Leverkusen. Die Schule nutzt 1ner 2er und 4er Boote, sowie eine Kooperation mit der RSG. In diesem Rahmen richtet die Heinrich-B\u00f6ll-Gesamtschule j\u00e4hrlich die Stadtmeisterschaften der K\u00f6lner Schulen im Radsport aus.<\/p>\n<p>Regelm\u00e4\u00dfig nimmt die Heinrich-B\u00f6ll-Gesamtschule an Stadtmeisterschaften unterschiedlicher Sportarten und am K\u00f6lner Schulmarathon teil.<\/p>\n<p>In der Sekundarstufe II wird das Unterrichtsfach Sport als Grund- und Leistungskurs angeboten.<\/p>\n\n\nngg_shortcode_0_placeholder\n","protected":false},"excerpt":{"rendered":"<p>Das Unterrichtsfach Sport wird von der 5. bis zur 10. Klasse dreist\u00fcndig im Klassenverband unterrichtet. Im 6. Jahrgang geht jede Klasse ins naheliegende Chorweilerbad und wird im Schwimmen unterrichtet. In der Sekundarstufe I und II bilden<a class=\"moretag\" href=\"https:\/\/hbg-koeln.de\/?page_id=2726\">Read More&#8230;<\/a><\/p>\n","protected":false},"author":7,"featured_media":0,"parent":0,"menu_order":0,"comment_status":"closed","ping_status":"open","template":"","meta":{"ngg_post_thumbnail":0,"footnotes":""},"class_list":["post-2726","page","type-page","status-publish","hentry"],"_links":{"self":[{"href":"https:\/\/hbg-koeln.de\/index.php?rest_route=\/wp\/v2\/pages\/2726","targetHints":{"allow":["GET"]}}],"collection":[{"href":"https:\/\/hbg-koeln.de\/index.php?rest_route=\/wp\/v2\/pages"}],"about":[{"href":"https:\/\/hbg-koeln.de\/index.php?rest_route=\/wp\/v2\/types\/page"}],"author":[{"embeddable":true,"href":"https:\/\/hbg-koeln.de\/index.php?rest_route=\/wp\/v2\/users\/7"}],"replies":[{"embeddable":true,"href":"https:\/\/hbg-koeln.de\/index.php?rest_route=%2Fwp%2Fv2%2Fcomments&post=2726"}],"version-history":[{"count":2,"href":"https:\/\/hbg-koeln.de\/index.php?rest_route=\/wp\/v2\/pages\/2726\/revisions"}],"predecessor-version":[{"id":8601,"href":"https:\/\/hbg-koeln.de\/index.php?rest_route=\/wp\/v2\/pages\/2726\/revisions\/8601"}],"wp:attachment":[{"href":"https:\/\/hbg-koeln.de\/index.php?rest_route=%2Fwp%2Fv2%2Fmedia&parent=2726"}],"curies":[{"name":"wp","href":"https:\/\/api.w.org\/{rel}","templated":true}]}}