{"id":2742,"date":"2015-02-26T18:55:58","date_gmt":"2015-02-26T16:55:58","guid":{"rendered":"http:\/\/hbg-koeln.de\/?page_id=2742"},"modified":"2015-02-26T19:02:49","modified_gmt":"2015-02-26T17:02:49","slug":"englisch","status":"publish","type":"page","link":"https:\/\/hbg-koeln.de\/?page_id=2742","title":{"rendered":"Englisch"},"content":{"rendered":"<p>Englisch (SEK I)<\/p>\n<table class=\"aligncenter\" style=\"border-color: #000000; height: 5px;\" border=\"1\" width=\"575\" cellpadding=\"1\">\n<tbody>\n<tr>\n<td style=\"text-align: center;\"><\/td>\n<td style=\"text-align: center;\">5.Jahrgang<\/td>\n<td style=\"text-align: center;\">6.Jahrgang<\/td>\n<td style=\"text-align: center;\">7.Jahrgang<\/td>\n<td style=\"text-align: center;\">8.Jahrgang<\/td>\n<td style=\"text-align: center;\">9.Jahrgang<\/td>\n<td style=\"text-align: center;\">10.Jahrgang<\/td>\n<\/tr>\n<tr>\n<td style=\"text-align: center;\">Anzahl der Stunde pro Woche<\/td>\n<td style=\"text-align: center;\">5<\/td>\n<td style=\"text-align: center;\">4<\/td>\n<td style=\"text-align: center;\">4<\/td>\n<td style=\"text-align: center;\">4<\/td>\n<td style=\"text-align: center;\">3<\/td>\n<td style=\"text-align: center;\">4<\/td>\n<\/tr>\n<tr>\n<td style=\"text-align: center;\">Differenzierung in Grund- und Erweiterungskurse<\/td>\n<td style=\"text-align: center;\">&#8211;<\/td>\n<td style=\"text-align: center;\">&#8211;<\/td>\n<td style=\"text-align: center;\">Zuordnung zum 2. Halbjahr, Unterricht im Klassenverband<\/td>\n<td style=\"text-align: center;\">ja<\/td>\n<td style=\"text-align: center;\">ka<\/td>\n<td style=\"text-align: center;\">ja<\/td>\n<\/tr>\n<tr>\n<td style=\"text-align: center;\">\u00a0Anzahl der schriftlichen Arbeiten pro Schuljahr<\/td>\n<td style=\"text-align: center;\">6<\/td>\n<td style=\"text-align: center;\">\u00a06<\/td>\n<td style=\"text-align: center;\">\u00a06<\/td>\n<td style=\"text-align: center;\">\u00a05<\/td>\n<td style=\"text-align: center;\">\u00a04-5<\/td>\n<td style=\"text-align: center;\">\u00a04-5<\/td>\n<\/tr>\n<tr>\n<td style=\"text-align: center;\">\u00a0Zus\u00e4tzliche Forder- und F\u00f6rderm\u00f6glichkeit<\/td>\n<td style=\"text-align: center;\"><\/td>\n<td style=\"text-align: center;\"><\/td>\n<td style=\"text-align: center;\"><\/td>\n<td style=\"text-align: center;\">\u00a02 Std. Fachmodul f\u00fcr sehr leistungsschwache SuS<\/td>\n<td style=\"text-align: center;\">2 Std. F\u00f6rderunterricht f\u00fcr sehr leistungsschwache SuS<\/td>\n<td style=\"text-align: center;\">2 Std. Vorbereitungs- unterricht f\u00fcr leistungsstarke SuS<\/td>\n<\/tr>\n<tr>\n<td style=\"text-align: center;\">Zus\u00e4tzliche Angebote<\/td>\n<td style=\"text-align: center;\">\u00a0Big Challenge\u201c \u2013 europ. Wettbewerb<\/td>\n<td style=\"text-align: center;\">\u00a0Big Challenge\u201c \u2013 europ. Wettbewerb<\/td>\n<td style=\"text-align: center;\">\u00a0Big Challenge\u201c \u2013 europ. Wettbewerb<\/td>\n<td style=\"text-align: center;\">\u201eBig Challenge\u201c \u2013 europ. Wettbewerb, Eastbourne-Fahrt<\/td>\n<td style=\"text-align: center;\">\n<p>\u201eBig Challenge\u201c \u2013 europ. Wettbewerb,<\/p>\n<p>Cambridge Certificate Course (oder im 10. Jg.)<\/td>\n<td style=\"text-align: center;\">\u00a0Cambridge Certificate Course (oder im 9. Jg.)<\/td>\n<\/tr>\n<tr>\n<td style=\"text-align: center;\">\u00a0Teilnahme an zentralen Tests<\/td>\n<td style=\"text-align: center;\"><\/td>\n<td style=\"text-align: center;\"><\/td>\n<td style=\"text-align: center;\"><\/td>\n<td style=\"text-align: center;\">Lernstandserhebung<\/td>\n<td style=\"text-align: center;\"><\/td>\n<td style=\"text-align: center;\">Zentrale Abschlusspr\u00fcfung<\/td>\n<\/tr>\n<\/tbody>\n<\/table>\n<p>&nbsp;<\/p>\n","protected":false},"excerpt":{"rendered":"<p>Englisch (SEK I) 5.Jahrgang 6.Jahrgang 7.Jahrgang 8.Jahrgang 9.Jahrgang 10.Jahrgang Anzahl der Stunde pro Woche 5 4 4 4 3 4 Differenzierung in Grund- und Erweiterungskurse &#8211; &#8211; Zuordnung zum 2. Halbjahr, Unterricht im Klassenverband ja ka<a class=\"moretag\" href=\"https:\/\/hbg-koeln.de\/?page_id=2742\">Read More&#8230;<\/a><\/p>\n","protected":false},"author":7,"featured_media":0,"parent":0,"menu_order":0,"comment_status":"closed","ping_status":"open","template":"","meta":{"ngg_post_thumbnail":0,"footnotes":""},"class_list":["post-2742","page","type-page","status-publish","hentry"],"_links":{"self":[{"href":"https:\/\/hbg-koeln.de\/index.php?rest_route=\/wp\/v2\/pages\/2742","targetHints":{"allow":["GET"]}}],"collection":[{"href":"https:\/\/hbg-koeln.de\/index.php?rest_route=\/wp\/v2\/pages"}],"about":[{"href":"https:\/\/hbg-koeln.de\/index.php?rest_route=\/wp\/v2\/types\/page"}],"author":[{"embeddable":true,"href":"https:\/\/hbg-koeln.de\/index.php?rest_route=\/wp\/v2\/users\/7"}],"replies":[{"embeddable":true,"href":"https:\/\/hbg-koeln.de\/index.php?rest_route=%2Fwp%2Fv2%2Fcomments&post=2742"}],"version-history":[{"count":4,"href":"https:\/\/hbg-koeln.de\/index.php?rest_route=\/wp\/v2\/pages\/2742\/revisions"}],"predecessor-version":[{"id":2747,"href":"https:\/\/hbg-koeln.de\/index.php?rest_route=\/wp\/v2\/pages\/2742\/revisions\/2747"}],"wp:attachment":[{"href":"https:\/\/hbg-koeln.de\/index.php?rest_route=%2Fwp%2Fv2%2Fmedia&parent=2742"}],"curies":[{"name":"wp","href":"https:\/\/api.w.org\/{rel}","templated":true}]}}