{"id":2836,"date":"2015-03-15T12:16:18","date_gmt":"2015-03-15T10:16:18","guid":{"rendered":"http:\/\/hbg-koeln.de\/?page_id=2836"},"modified":"2021-11-30T21:35:59","modified_gmt":"2021-11-30T20:35:59","slug":"musik","status":"publish","type":"page","link":"https:\/\/hbg-koeln.de\/?page_id=2836","title":{"rendered":"Musik"},"content":{"rendered":"<p>Das Fach Musik wird in den Klassen 5 und 6 im Klassenverband unterrichtet, in Klasse 7-10 sieht die Stundentafel einen j\u00e4hrlichen Wechsel zwischen den F\u00e4chern Kunst und Musik vor.<\/p>\n<p>Die Heinrich-B\u00f6ll-Gesamtschule bietet sehr gute r\u00e4umliche Voraussetzungen &#8211; es stehen 4 eingerichtete Bandr\u00e4ume, ein Keyboardraum und zahlreiche \u00dcbeinstrumente (Gitarren etc.) zur Verf\u00fcgung. Der Schwerpunkt des Musikunterrichts liegt deshalb auf dem eigenen Musizieren (Singen, Rhythmus, Keyboard&#8230;)<br \/>\nErg\u00e4nzt und erweitert wird der Musikunterricht hier durch die Mittagsstationen, in denen interessierte Sch\u00fcler*innen unter Anleitung Instrumente erlernen k\u00f6nnen. Wer die Stationen regelm\u00e4\u00dfig besucht und\/oder Mitglied der <a href=\"http:\/\/hbg-koeln.de\/?page_id=870\">Big Band<\/a> ist, kann auch in den Pausen die Musik- und Bandr\u00e4ume zum \u00dcben nutzen.<\/p>\n<p>In der Sekundarstufe II wird Musik nach einem Vorbereitungsjahr in der Einf\u00fchrungsphase (EF) im 12. Jahrgang (Q1) als instrumentalpraktischer Kurs angeboten.<\/p>\n<p>Wir kooperieren im Fach Musik in einzelnen Klassen mit der K\u00f6lner Philharmonie (Response-Projekte), Tanz in Schulen (Tanzprokekte) und anderen au\u00dferschulischen Partnern. Berichte zu den aktuellen Kooperationen werden auf der Homepage ver\u00f6ffentlicht.<\/p>\n<p>Besonders hervorzuheben ist die Instrumental-AG, in der Sch\u00fcler*innen im Rahmen der AG die M\u00f6glichkiet haben, ein Instrument zu lernen. N\u00e4here Informationen zur BigBand und Instrumental-AG finden Sie <a href=\"https:\/\/hbg-koeln.de\/?page_id=2056\">hier<\/a>.<\/p>\n<p>Dar\u00fcber hinaus bieten wir als IG einen Schulchor und mehrere Pop\/Rock-Bands an.<\/p>\n<p>&nbsp;<\/p>\n","protected":false},"excerpt":{"rendered":"<p>Das Fach Musik wird in den Klassen 5 und 6 im Klassenverband unterrichtet, in Klasse 7-10 sieht die Stundentafel einen j\u00e4hrlichen Wechsel zwischen den F\u00e4chern Kunst und Musik vor. Die Heinrich-B\u00f6ll-Gesamtschule bietet sehr gute r\u00e4umliche Voraussetzungen<a class=\"moretag\" href=\"https:\/\/hbg-koeln.de\/?page_id=2836\">Read More&#8230;<\/a><\/p>\n","protected":false},"author":7,"featured_media":0,"parent":0,"menu_order":0,"comment_status":"closed","ping_status":"open","template":"","meta":{"ngg_post_thumbnail":0,"footnotes":""},"class_list":["post-2836","page","type-page","status-publish","hentry"],"_links":{"self":[{"href":"https:\/\/hbg-koeln.de\/index.php?rest_route=\/wp\/v2\/pages\/2836","targetHints":{"allow":["GET"]}}],"collection":[{"href":"https:\/\/hbg-koeln.de\/index.php?rest_route=\/wp\/v2\/pages"}],"about":[{"href":"https:\/\/hbg-koeln.de\/index.php?rest_route=\/wp\/v2\/types\/page"}],"author":[{"embeddable":true,"href":"https:\/\/hbg-koeln.de\/index.php?rest_route=\/wp\/v2\/users\/7"}],"replies":[{"embeddable":true,"href":"https:\/\/hbg-koeln.de\/index.php?rest_route=%2Fwp%2Fv2%2Fcomments&post=2836"}],"version-history":[{"count":8,"href":"https:\/\/hbg-koeln.de\/index.php?rest_route=\/wp\/v2\/pages\/2836\/revisions"}],"predecessor-version":[{"id":8451,"href":"https:\/\/hbg-koeln.de\/index.php?rest_route=\/wp\/v2\/pages\/2836\/revisions\/8451"}],"wp:attachment":[{"href":"https:\/\/hbg-koeln.de\/index.php?rest_route=%2Fwp%2Fv2%2Fmedia&parent=2836"}],"curies":[{"name":"wp","href":"https:\/\/api.w.org\/{rel}","templated":true}]}}