{"id":2840,"date":"2015-03-15T19:21:09","date_gmt":"2015-03-15T17:21:09","guid":{"rendered":"http:\/\/hbg-koeln.de\/?page_id=2840"},"modified":"2015-03-15T20:52:20","modified_gmt":"2015-03-15T18:52:20","slug":"faecherinformation-oberstufe","status":"publish","type":"page","link":"https:\/\/hbg-koeln.de\/?page_id=2840","title":{"rendered":"F\u00e4cherinformation Oberstufe"},"content":{"rendered":"<p>Liebe Sch\u00fclerinnen und Sch\u00fcler,<\/p>\n<p>auch in der gymnasialen Oberstufe gibt es bestimmte F\u00e4cher, die ihr belegen m\u00fcsst. Andere F\u00e4cher k\u00f6nnt ihr euch aber aus dem Angebot der Schule aussuchen.<\/p>\n<p>Welche F\u00e4cher Wahl- oder Pflichtf\u00e4cher sind, ist in der Allgemeinen Pr\u00fcfungsordnung f\u00fcr die gymnasiale Oberstufe (APO-GOSt) festgelegt.<\/p>\n<p>Ihr werdet f\u00fcr die Einf\u00fchrungsphase (EF, 11. Jg.) Grundkurse w\u00e4hlen.<\/p>\n<p>Ihr werdet sp\u00e4ter f\u00fcr die Qualifikationsphase (Q1 und Q2, 12 und 13. Jg.) zwei Leistungskurse und Grundkurse w\u00e4hlen.<\/p>\n<p>Wichtig dabei ist, dass ihr alle F\u00e4cher von der Einf\u00fchrungsphase an belegt haben m\u00fcsst, d.h. ihr m\u00fcsst euch von Anfang an f\u00fcr euren F\u00e4cherkanon entscheiden, sp\u00e4ter k\u00f6nnt ihr keine F\u00e4cher mehr hinzuw\u00e4hlen!<\/p>\n<p>Die meisten der im vorliegenden Heft angesprochenen F\u00e4cher kennt ihr bereits aus der Sekundarstufe I. Es gibt aber auch eine Reihe von F\u00e4chern, die ihr bis jetzt noch nicht kennengelernt habt.<\/p>\n<p>Um euch die F\u00e4cherwahl zu erleichtern, haben Lehrerinnen und Lehrer aus der Oberstufe diese Brosch\u00fcre zusammengestellt. Sie informiert euch dar\u00fcber, was in der gymnasialen Oberstufe unserer Schule in den einzelnen F\u00e4chern behandelt wird und welche Arbeitsweisen und Methoden f\u00fcr diese F\u00e4cher jeweils typisch sind.<\/p>\n<p>Hier findet ihr eine eine kurze \u00dcbersicht zu den einzelnen F\u00e4chern.<\/p>\n<p><a href=\"http:\/\/hbg-koeln.de\/uploads\/faecher.pdf\">KLICK (PDF)<\/a><\/p>\n<p>&nbsp;<\/p>\n<p>Thomas Schulz<br \/>\nAbteilungsleiter Sekundarstufe II<\/p>\n","protected":false},"excerpt":{"rendered":"<p>Liebe Sch\u00fclerinnen und Sch\u00fcler, auch in der gymnasialen Oberstufe gibt es bestimmte F\u00e4cher, die ihr belegen m\u00fcsst. Andere F\u00e4cher k\u00f6nnt ihr euch aber aus dem Angebot der Schule aussuchen. Welche F\u00e4cher Wahl- oder Pflichtf\u00e4cher sind, ist<a class=\"moretag\" href=\"https:\/\/hbg-koeln.de\/?page_id=2840\">Read More&#8230;<\/a><\/p>\n","protected":false},"author":1,"featured_media":0,"parent":0,"menu_order":0,"comment_status":"closed","ping_status":"open","template":"","meta":{"ngg_post_thumbnail":0,"footnotes":""},"class_list":["post-2840","page","type-page","status-publish","hentry"],"_links":{"self":[{"href":"https:\/\/hbg-koeln.de\/index.php?rest_route=\/wp\/v2\/pages\/2840","targetHints":{"allow":["GET"]}}],"collection":[{"href":"https:\/\/hbg-koeln.de\/index.php?rest_route=\/wp\/v2\/pages"}],"about":[{"href":"https:\/\/hbg-koeln.de\/index.php?rest_route=\/wp\/v2\/types\/page"}],"author":[{"embeddable":true,"href":"https:\/\/hbg-koeln.de\/index.php?rest_route=\/wp\/v2\/users\/1"}],"replies":[{"embeddable":true,"href":"https:\/\/hbg-koeln.de\/index.php?rest_route=%2Fwp%2Fv2%2Fcomments&post=2840"}],"version-history":[{"count":2,"href":"https:\/\/hbg-koeln.de\/index.php?rest_route=\/wp\/v2\/pages\/2840\/revisions"}],"predecessor-version":[{"id":2904,"href":"https:\/\/hbg-koeln.de\/index.php?rest_route=\/wp\/v2\/pages\/2840\/revisions\/2904"}],"wp:attachment":[{"href":"https:\/\/hbg-koeln.de\/index.php?rest_route=%2Fwp%2Fv2%2Fmedia&parent=2840"}],"curies":[{"name":"wp","href":"https:\/\/api.w.org\/{rel}","templated":true}]}}