{"id":293,"date":"2012-07-02T12:35:31","date_gmt":"2012-07-02T10:35:31","guid":{"rendered":"http:\/\/hbg-koeln.de\/?page_id=293"},"modified":"2012-12-04T19:34:49","modified_gmt":"2012-12-04T17:34:49","slug":"ehemalige","status":"publish","type":"page","link":"https:\/\/hbg-koeln.de\/?page_id=293","title":{"rendered":"Ehemaligentreffen"},"content":{"rendered":"<h1>Ehemaligentreffen der HBG<\/h1>\n<p>Seit vielen Jahren lassen wir die Ehemaligen am Schulleben teilnehmen. Am 3. Freitag im November findet in jedem Jahr ein Treffen statt, bei dem im Laufe des Abends bis zu 1000 Personen teilnehmen. Der Austausch untereinander und mit den Lehrerinnen und Lehrern ist immer wieder ein besonderes Erlebnis.<\/p>\n<p>Die Emailadressen werden aufgenommen, um dann auf bestimmte Aktionen in der Schule hinzuweisen und m\u00f6glicherweise ei ne Unterst\u00fctzung zu erhalten\u00a0Dieses Netzwerk soll immer weiter ausgebaut und verfeinert werden, so dass in Zukunft auch Praktikantenpl\u00e4tze und Ausbildungspl\u00e4tze zur Verf\u00fcgung gestellt werden. Es sieht n\u00e4mlich so aus, dass viele unserer ehemaligen Sch\u00fclerinnen und Sch\u00fcler jetzt auch schon ein reiferes Alter erreicht haben und Firmeninhaber sind, bzw. an verantwortlicher Stelle in Betrieben sitzen. Sie k\u00f6nnen unseren Jugendlichen mit Rat und Tat zur Seite stehen. Am Ende unserer Bem\u00fchungen soll ein Netzwerk stehen , durch das wir mit unseren Ehemaligen verbunden sind. Heute schon schicken viele Ehemaligen ihr Kind wieder auf diese Schule, weil aus eigenen Erfahrungen und aus dem jetzigen Ruf der Heinrich-B\u00f6ll-Gesamtschule ihnen klar ist, welch gute Wahl sie hier treffen k\u00f6nnen.<\/p>\n<p>&nbsp;<\/p>\n<p style=\"text-align: center;\"><strong><br \/>\n<\/strong><\/p>\n<p>&nbsp;<\/p>\n","protected":false},"excerpt":{"rendered":"<p>Ehemaligentreffen der HBG Seit vielen Jahren lassen wir die Ehemaligen am Schulleben teilnehmen. Am 3. Freitag im November findet in jedem Jahr ein Treffen statt, bei dem im Laufe des Abends bis zu 1000 Personen teilnehmen.<a class=\"moretag\" href=\"https:\/\/hbg-koeln.de\/?page_id=293\">Read More&#8230;<\/a><\/p>\n","protected":false},"author":2,"featured_media":0,"parent":0,"menu_order":0,"comment_status":"closed","ping_status":"open","template":"","meta":{"ngg_post_thumbnail":0,"footnotes":""},"class_list":["post-293","page","type-page","status-publish","hentry"],"_links":{"self":[{"href":"https:\/\/hbg-koeln.de\/index.php?rest_route=\/wp\/v2\/pages\/293","targetHints":{"allow":["GET"]}}],"collection":[{"href":"https:\/\/hbg-koeln.de\/index.php?rest_route=\/wp\/v2\/pages"}],"about":[{"href":"https:\/\/hbg-koeln.de\/index.php?rest_route=\/wp\/v2\/types\/page"}],"author":[{"embeddable":true,"href":"https:\/\/hbg-koeln.de\/index.php?rest_route=\/wp\/v2\/users\/2"}],"replies":[{"embeddable":true,"href":"https:\/\/hbg-koeln.de\/index.php?rest_route=%2Fwp%2Fv2%2Fcomments&post=293"}],"version-history":[{"count":10,"href":"https:\/\/hbg-koeln.de\/index.php?rest_route=\/wp\/v2\/pages\/293\/revisions"}],"predecessor-version":[{"id":300,"href":"https:\/\/hbg-koeln.de\/index.php?rest_route=\/wp\/v2\/pages\/293\/revisions\/300"}],"wp:attachment":[{"href":"https:\/\/hbg-koeln.de\/index.php?rest_route=%2Fwp%2Fv2%2Fmedia&parent=293"}],"curies":[{"name":"wp","href":"https:\/\/api.w.org\/{rel}","templated":true}]}}