{"id":3414,"date":"2015-09-22T06:08:50","date_gmt":"2015-09-22T04:08:50","guid":{"rendered":"http:\/\/hbg-koeln.de\/?page_id=3414"},"modified":"2021-12-14T21:43:57","modified_gmt":"2021-12-14T20:43:57","slug":"informatik","status":"publish","type":"page","link":"https:\/\/hbg-koeln.de\/?page_id=3414","title":{"rendered":"Informatik"},"content":{"rendered":"<h3><img loading=\"lazy\" decoding=\"async\" class=\"ngg-singlepic ngg-none aligncenter\" src=\"http:\/\/hbg-koeln.de\/wp-content\/gallery\/informatik\/BildOben_1920.jpg\" alt=\"BildOben_1920\" width=\"962\" height=\"137\"><\/h3>\n<h4>Computergest\u00fctzter Unterricht an der Heinrich-B\u00f6ll-Gesamtschule<\/h4>\n<p>In allen Klassen und F\u00e4chern lernen unsere Sch\u00fclerinnen und Sch\u00fcler den Umgang <a href=\"http:\/\/hbg-koeln.de\/wp-content\/uploads\/2021\/12\/InformatikRaum-scaled.jpg\"><img loading=\"lazy\" decoding=\"async\" class=\"size-medium wp-image-8549 alignright\" src=\"http:\/\/hbg-koeln.de\/wp-content\/uploads\/2021\/12\/InformatikRaum-300x225.jpg\" alt=\"\" width=\"300\" height=\"225\" srcset=\"https:\/\/hbg-koeln.de\/wp-content\/uploads\/2021\/12\/InformatikRaum-300x225.jpg 300w, https:\/\/hbg-koeln.de\/wp-content\/uploads\/2021\/12\/InformatikRaum-1024x768.jpg 1024w, https:\/\/hbg-koeln.de\/wp-content\/uploads\/2021\/12\/InformatikRaum-768x576.jpg 768w, https:\/\/hbg-koeln.de\/wp-content\/uploads\/2021\/12\/InformatikRaum-1536x1152.jpg 1536w, https:\/\/hbg-koeln.de\/wp-content\/uploads\/2021\/12\/InformatikRaum-2048x1536.jpg 2048w\" sizes=\"auto, (max-width: 300px) 100vw, 300px\" \/><\/a> mit den Techniken, die f\u00fcr ihre sp\u00e4teren Ausbildungs- bzw. Studieng\u00e4nge wichtig sind. Schlie\u00dflich gibt es kaum noch einen Bereich, in dem Kenntnisse der Informationstechnologien nicht n\u00fctzlich oder gar Voraussetzung sind. Unsere Schule bietet mit ihren sechs Informatikr\u00e4umen und zahlreichen weiteren Computerarbeitspl\u00e4tzen, auch in den Klassenzimmern, daf\u00fcr beste Voraussetzungen.<\/p>\n<h4>Informatik in der Sekundarstufe I<\/h4>\n<p>Die informationstechnische Grundbildung beginnt mit dem 5. Schuljahr. In den Klassen 8, 9 und 10 haben interessierte Schu\u0308lerinnen und Sch\u00fcler die M\u00f6glichkeit, weitergehende Kenntnisse, die Grundlagen f\u00fcr technikorientiere Berufe und fu\u0308r die Oberstufe bilden, zu erwerben. Die Heinrich-B\u00f6ll-Gesamtschule bietet dafu\u0308r unterschiedliche Kursformate an:<\/p>\n<ul>\n<li>halbj\u00e4hrige Zertifikatskurse<\/li>\n<li>zweij\u00e4hrige Zertifikatskurse<\/li>\n<li>eine Arbeitsgemeinschaft zur Robotik<\/li>\n<\/ul>\n<h4>Informatik in der Sekundarstufe II<\/h4>\n<p>In der Einf\u00fchrungsphase (11. Jahrgang) k\u00f6nnen die Sch\u00fcler und Sch\u00fclerinnen das Fach Informatik w\u00e4hlen. In der Qualifikationsphase I und II (12. und 13. Jahrgang) kann das Fach bis zum Abitur weitergef\u00fchrt werden.<\/p>\n<p>Die inhaltlichen Schwerpunkte des Unterrichtes sind:<\/p>\n<ul>\n<li>Programmieren in Java (eine der meist verwendeten Programmiersprachen)<\/li>\n<li>Datenbanken (z.B.: Ein Onlineshop &#8211; Wie sicher sind meine Daten?)<\/li>\n<li>Theoretische Informatik (Grundlagen der Programmiersprachen)<\/li>\n<li>Kommunikation in Netzwerken (z.B.: Ein Chatserver &#8211; Wie funktioniert Datenaustausch?)<\/li>\n<\/ul>\n<hr>\n<p>Neu in der Ausstattung haben wir IPad-Wagen und IPad-Koffer.<\/p>\n<p><a href=\"http:\/\/hbg-koeln.de\/wp-content\/uploads\/2021\/12\/IpadWagen-scaled.jpg\"><img loading=\"lazy\" decoding=\"async\" class=\"aligncenter size-medium wp-image-8550\" src=\"http:\/\/hbg-koeln.de\/wp-content\/uploads\/2021\/12\/IpadWagen-300x225.jpg\" alt=\"\" width=\"300\" height=\"225\" srcset=\"https:\/\/hbg-koeln.de\/wp-content\/uploads\/2021\/12\/IpadWagen-300x225.jpg 300w, https:\/\/hbg-koeln.de\/wp-content\/uploads\/2021\/12\/IpadWagen-1024x768.jpg 1024w, https:\/\/hbg-koeln.de\/wp-content\/uploads\/2021\/12\/IpadWagen-768x576.jpg 768w, https:\/\/hbg-koeln.de\/wp-content\/uploads\/2021\/12\/IpadWagen-1536x1152.jpg 1536w, https:\/\/hbg-koeln.de\/wp-content\/uploads\/2021\/12\/IpadWagen-2048x1536.jpg 2048w\" sizes=\"auto, (max-width: 300px) 100vw, 300px\" \/><\/a><\/p>\n","protected":false},"excerpt":{"rendered":"<p>Computergest\u00fctzter Unterricht an der Heinrich-B\u00f6ll-Gesamtschule In allen Klassen und F\u00e4chern lernen unsere Sch\u00fclerinnen und Sch\u00fcler den Umgang mit den Techniken, die f\u00fcr ihre sp\u00e4teren Ausbildungs- bzw. Studieng\u00e4nge wichtig sind. Schlie\u00dflich gibt es kaum noch einen Bereich,<a class=\"moretag\" href=\"https:\/\/hbg-koeln.de\/?page_id=3414\">Read More&#8230;<\/a><\/p>\n","protected":false},"author":7,"featured_media":0,"parent":0,"menu_order":0,"comment_status":"closed","ping_status":"closed","template":"","meta":{"ngg_post_thumbnail":0,"footnotes":""},"class_list":["post-3414","page","type-page","status-publish","hentry"],"_links":{"self":[{"href":"https:\/\/hbg-koeln.de\/index.php?rest_route=\/wp\/v2\/pages\/3414","targetHints":{"allow":["GET"]}}],"collection":[{"href":"https:\/\/hbg-koeln.de\/index.php?rest_route=\/wp\/v2\/pages"}],"about":[{"href":"https:\/\/hbg-koeln.de\/index.php?rest_route=\/wp\/v2\/types\/page"}],"author":[{"embeddable":true,"href":"https:\/\/hbg-koeln.de\/index.php?rest_route=\/wp\/v2\/users\/7"}],"replies":[{"embeddable":true,"href":"https:\/\/hbg-koeln.de\/index.php?rest_route=%2Fwp%2Fv2%2Fcomments&post=3414"}],"version-history":[{"count":13,"href":"https:\/\/hbg-koeln.de\/index.php?rest_route=\/wp\/v2\/pages\/3414\/revisions"}],"predecessor-version":[{"id":8552,"href":"https:\/\/hbg-koeln.de\/index.php?rest_route=\/wp\/v2\/pages\/3414\/revisions\/8552"}],"wp:attachment":[{"href":"https:\/\/hbg-koeln.de\/index.php?rest_route=%2Fwp%2Fv2%2Fmedia&parent=3414"}],"curies":[{"name":"wp","href":"https:\/\/api.w.org\/{rel}","templated":true}]}}