{"id":3499,"date":"2015-11-03T01:34:26","date_gmt":"2015-11-02T23:34:26","guid":{"rendered":"http:\/\/hbg-koeln.de\/?page_id=3499"},"modified":"2019-08-20T14:46:03","modified_gmt":"2019-08-20T12:46:03","slug":"zirkus","status":"publish","type":"page","link":"https:\/\/hbg-koeln.de\/?page_id=3499","title":{"rendered":"Zirkus"},"content":{"rendered":"<p>Alle zwei Jahre kommen zirkusinteressierte Sch\u00fcler und LehrerInnen und Sozialp\u00e4dagoginnen zu einem gro\u00dfen Zirkusprojekt zusammen. Freie Gruppen, die in der Mittagsfreizeit \u00fcben, sowie Zirkus-AGs aus dem 5.und 7. Jahrgang, die IG Instrumental, Darstellen und Gestalten sowie Klassen, die im Sportunterricht, z.B. Akrobatiknummern trainiert haben, nehmen an diesem Projekt teil. Jede Gruppe \u00fcbt individuell, an zwei Nachmittagen treffen sich alle Gruppen in der Sporthalle, sie pr\u00e4sentieren ihre bisherigen Zirkusnummern. Wir KollegInnen legen den Programmablauf fest, sprechen \u00fcber die Musikbegleitung und die Kost\u00fcme der Artisten. Der H\u00f6hepunkt des Projektes ist dann die Auff\u00fchrung in einem richtigen Zirkuszelt, welches wir vom Zirkus Linoluckynelli oder vom ZAK Zirkus- und Artistikzentrum anmieten. Die Zuschauer sind Klassen aus den Jahrg\u00e4ngen 5-7 sowie die Eltern der Artisten.<\/p>\n<p>Im September 2000 fand unsere erste gro\u00dfe Zirkusauff\u00fchrung statt. Anlass war das internationale Kinder-und Jugend-Zirkus-Festival, welches im September 2000 im aufgebauten Zirkuszelt unter der M\u00fclheimer Br\u00fccke stattfand und vom K\u00f6lner Kinderzirkus Linoluckynelli veranstaltet wurde.<br \/>\nZirkusinteressierte Sch\u00fcler und Sch\u00fclerinnen k\u00f6nnen in jeder Pause aktiv werden und ihre F\u00e4higkeiten \u00fcben und verbessern. In der aktiven Pause (10.25-10.55) stehen sowohl im FZ als auch im PZ Zirkusmaterialien zum Ausleihen bereit. Hier sind besonders T\u00fccher, B\u00e4lle und Ringe zum Jonglieren gefragt, ebenso kleine und gro\u00dfe Diabolos.<br \/>\nIn der Mittagsfreizeit sind die Zirkusm\u00f6glichkeiten noch weit umfangreicher. Eine spezielle Zirkusstation mit gro\u00dfem Manegeteppich ist von 12.40- 13.30 Uhr ge\u00f6ffnet. Unter fachkundiger Anleitung k\u00f6nnen die Sch\u00fcler und Sch\u00fclerinnen Einrad und Hocheinrad fahren, auf Tonnen, Kugeln und Rola Bolas balancieren, mit B\u00e4ndern und Kiwidos experimentieren und choreografieren, Diabolo spielen, Devil Sticks und Teller drehen, Nagelbrett und Scherben benutzen und T\u00fccher, B\u00e4lle, Ringe und Keulen jonglieren lernen.<br \/>\nManege frei!<\/p>\nngg_shortcode_0_placeholder\n","protected":false},"excerpt":{"rendered":"<p>Alle zwei Jahre kommen zirkusinteressierte Sch\u00fcler und LehrerInnen und Sozialp\u00e4dagoginnen zu einem gro\u00dfen Zirkusprojekt zusammen. Freie Gruppen, die in der Mittagsfreizeit \u00fcben, sowie Zirkus-AGs aus dem 5.und 7. Jahrgang, die IG Instrumental, Darstellen und Gestalten sowie<a class=\"moretag\" href=\"https:\/\/hbg-koeln.de\/?page_id=3499\">Read More&#8230;<\/a><\/p>\n","protected":false},"author":7,"featured_media":0,"parent":0,"menu_order":0,"comment_status":"closed","ping_status":"closed","template":"","meta":{"ngg_post_thumbnail":0,"footnotes":""},"class_list":["post-3499","page","type-page","status-publish","hentry"],"_links":{"self":[{"href":"https:\/\/hbg-koeln.de\/index.php?rest_route=\/wp\/v2\/pages\/3499","targetHints":{"allow":["GET"]}}],"collection":[{"href":"https:\/\/hbg-koeln.de\/index.php?rest_route=\/wp\/v2\/pages"}],"about":[{"href":"https:\/\/hbg-koeln.de\/index.php?rest_route=\/wp\/v2\/types\/page"}],"author":[{"embeddable":true,"href":"https:\/\/hbg-koeln.de\/index.php?rest_route=\/wp\/v2\/users\/7"}],"replies":[{"embeddable":true,"href":"https:\/\/hbg-koeln.de\/index.php?rest_route=%2Fwp%2Fv2%2Fcomments&post=3499"}],"version-history":[{"count":4,"href":"https:\/\/hbg-koeln.de\/index.php?rest_route=\/wp\/v2\/pages\/3499\/revisions"}],"predecessor-version":[{"id":6630,"href":"https:\/\/hbg-koeln.de\/index.php?rest_route=\/wp\/v2\/pages\/3499\/revisions\/6630"}],"wp:attachment":[{"href":"https:\/\/hbg-koeln.de\/index.php?rest_route=%2Fwp%2Fv2%2Fmedia&parent=3499"}],"curies":[{"name":"wp","href":"https:\/\/api.w.org\/{rel}","templated":true}]}}