{"id":3656,"date":"2015-11-29T20:24:02","date_gmt":"2015-11-29T18:24:02","guid":{"rendered":"http:\/\/hbg-koeln.de\/?page_id=3656"},"modified":"2026-02-15T21:19:38","modified_gmt":"2026-02-15T20:19:38","slug":"anmeldung","status":"publish","type":"page","link":"https:\/\/hbg-koeln.de\/?page_id=3656","title":{"rendered":"<b>Informationen zur Anmeldung 26\/27<\/b>"},"content":{"rendered":"\r\n<p><strong><span style=\"font-size: 18pt;\">Anmeldung f\u00fcr das Schuljahr 2026\/27, 5. Jahrgang, an der Heinrich-B\u00f6ll-Gesamtschule<\/span><\/strong><\/p>\r\n<p><strong>Der Anmeldezeitraum vom 6.2. &#8211; 11.2.2026 ist beendet. Es sind nun keine Anmeldungen mehr m\u00f6glich. Bitte melden Sie Ihr Kind an einer anderen Schule an.<\/strong><\/p>\r\n<p>&#8212;&#8212;&#8212;&#8212;&#8212;&#8212;&#8212;&#8212;&#8212;&#8212;&#8212;&#8212;&#8212;&#8212;&#8212;&#8212;&#8212;&#8212;&#8212;&#8212;&#8212;&#8212;&#8212;&#8212;&#8212;&#8212;&#8212;&#8212;&#8212;&#8212;&#8212;&#8212;&#8212;&#8212;&#8211;<\/p>\r\n<p>&nbsp;<\/p>\r\n<p>&nbsp;<\/p>\r\n<p><a href=\"http:\/\/hbg-koeln.de\/wp-content\/uploads\/2026\/01\/Anmeldeformular-26-27z.pdf\">Unser Anmeldeformular f\u00fcr das Schuljahr 2026\/27 finden Sie hier.<\/a><\/p>\r\n<p><strong>1. Termine und Zeiten<br>Sie k\u00f6nnen Ihr Kind zwischen Freitag, 06.02.26 und Mi, 11.02.2026 (Anmeldeschluss: 12 Uhr) an der Gesamtschule anmelden.&nbsp;<\/strong><br>Um lange Wartezeiten bei der Anmeldung zu vermeiden, reservieren Sie bitte vorher (ab dem 06.11.2025) telefonisch einen Termin im Sekretariat unserer Schule. Das Anmeldegespr\u00e4ch findet im P\u00e4dagogischen Zentrum der Schule statt.<br>Telefonnummer des Sekretariats: <strong>0221 \/ 26107-21<\/strong><\/p>\r\n<p><strong>2. Unterlagen, die Sie bitte zur Anmeldung mitbringen<\/strong><\/p>\r\n<ul>\r\n<li>das ausgef\u00fcllte Anmeldeformular mit den Unterschriften aller Sorgeberechtigten<\/li>\r\n<li>Kopie des Halbjahreszeugnisses der Klasse 4<\/li>\r\n<li>ein Passfoto Ihres Kindes<\/li>\r\n<li>Anmeldeschein der Stadt K\u00f6ln (erhalten Sie von der Grundschule)<\/li>\r\n<li>Kopien der Geburtsurkunde Ihres Kindes \/ Ausweise \/ ggf. Sorgerechtsnachweise<\/li>\r\n<li>\u00dcbergabebogen der Grundschule (falls vorhanden)<\/li>\r\n<\/ul>\r\n<p>Wichtig: Bitte bringen Sie Ihr Kind mit.<\/p>\r\n<p>Die Unterschrift beider Sorgeberechtigten ist erforderlich. Dies kann auch als Erkl\u00e4rung geschehen, z.B. mit dem Wortlaut: &#8222;Ich bin mit der Anmeldung meines Kindes (Name) an der Heinrich-B\u00f6ll-Gesamtschule zum Schuljahr 26\/27 einverstanden. (Datum, Unterschrift)&#8220;. Wer allein sorgeberechtigt ist, ben\u00f6tigt einen Sorgerechtsnachweis, der dies best\u00e4tigt.<br>H\u00e4rtef\u00e4lle m\u00fcssen bei der Anmeldung schriftlich mit den notwendigen Nachweisen angezeigt werden.<\/p>\r\n<p><strong>3. Anmeldung von Kindern mit sonderp\u00e4dagogischem Unterst\u00fctzungsbedarf<br><\/strong>Damit wir gen\u00fcgend Zeit f\u00fcr ein beratendes Anmeldegespr\u00e4ch haben, vereinbaren Sie bitte einen Anmeldetermin \u00fcber unser Sekretariat.<br>Bitte bringen Sie zus\u00e4tzlich zu den oben stehenden Unterlagen noch Folgendes mit:<\/p>\r\n<ul>\r\n<li>Kopie des Antrags auf Teilnahme am Gemeinsamen Lernen (bisher \u201eAnlage D\u201c)<\/li>\r\n<li>die Elternbenachrichtigung des Schulamtes \u00fcber die Schulen des Gemeinsamen Lernens<\/li>\r\n<\/ul>\r\n<p><strong>4. Wann bekommen Sie Bescheid, ob Ihr Kind aufgenommen wurde?<br><\/strong>Wir bem\u00fchen uns, Ihnen bis zum Fr, 20.02.2026 mitzuteilen, ob Ihr Kind an unserer Schule aufgenommen werden kann.<\/p>\r\n<p><strong>5. Zus\u00e4tzliche Information zum Aufnahmeverfahren f\u00fcr Sch\u00fclerinnen und Sch\u00fcler ohne sonderp\u00e4dagogischen Unterst\u00fctzungsbedarf<br><\/strong>Bei einem Anmelde\u00fcberhang werden folgende Aufnahmekriterien gem\u00e4\u00df APO-SI ber\u00fccksichtigt:<\/p>\r\n<ul>\r\n<li>Leistungsheterogenit\u00e4t (Ber\u00fccksichtigung von Sch\u00fclerinnen und Sch\u00fclern mit unterschiedlicher Leistungsf\u00e4higkeit)<\/li>\r\n<li>ausgewogenes Verh\u00e4ltnis von M\u00e4dchen und Jungen<\/li>\r\n<li>Losverfahren<\/li>\r\n<\/ul>\r\n<p><strong>6. Zus\u00e4tzliche Information zum Aufnahmeverfahren f\u00fcr Sch\u00fclerinnen und Sch\u00fcler mit sonderp\u00e4dagogischem Unterst\u00fctzungsbedarf<br><\/strong>Bei einem Anmelde\u00fcberhang werden folgende Aufnahmekriterien gem\u00e4\u00df APO-SI ber\u00fccksichtigt:<\/p>\r\n<ul>\r\n<li>ausgewogenes Verh\u00e4ltnis von M\u00e4dchen und Jungen<\/li>\r\n<li>Losverfahren<\/li>\r\n<\/ul>\r\n<hr class=\"wp-block-separator\">","protected":false},"excerpt":{"rendered":"<p>Anmeldung f\u00fcr das Schuljahr 2026\/27, 5. Jahrgang, an der Heinrich-B\u00f6ll-Gesamtschule Der Anmeldezeitraum vom 6.2. &#8211; 11.2.2026 ist beendet. Es sind nun keine Anmeldungen mehr m\u00f6glich. Bitte melden Sie Ihr Kind an einer anderen Schule an. &#8212;&#8212;&#8212;&#8212;&#8212;&#8212;&#8212;&#8212;&#8212;&#8212;&#8212;&#8212;&#8212;&#8212;&#8212;&#8212;&#8212;&#8212;&#8212;&#8212;&#8212;&#8212;&#8212;&#8212;&#8212;&#8212;&#8212;&#8212;&#8212;&#8212;&#8212;&#8212;&#8212;&#8212;&#8211;<a class=\"moretag\" href=\"https:\/\/hbg-koeln.de\/?page_id=3656\">Read More&#8230;<\/a><\/p>\n","protected":false},"author":9,"featured_media":0,"parent":0,"menu_order":0,"comment_status":"closed","ping_status":"closed","template":"","meta":{"ngg_post_thumbnail":0,"footnotes":""},"class_list":["post-3656","page","type-page","status-publish","hentry"],"_links":{"self":[{"href":"https:\/\/hbg-koeln.de\/index.php?rest_route=\/wp\/v2\/pages\/3656","targetHints":{"allow":["GET"]}}],"collection":[{"href":"https:\/\/hbg-koeln.de\/index.php?rest_route=\/wp\/v2\/pages"}],"about":[{"href":"https:\/\/hbg-koeln.de\/index.php?rest_route=\/wp\/v2\/types\/page"}],"author":[{"embeddable":true,"href":"https:\/\/hbg-koeln.de\/index.php?rest_route=\/wp\/v2\/users\/9"}],"replies":[{"embeddable":true,"href":"https:\/\/hbg-koeln.de\/index.php?rest_route=%2Fwp%2Fv2%2Fcomments&post=3656"}],"version-history":[{"count":82,"href":"https:\/\/hbg-koeln.de\/index.php?rest_route=\/wp\/v2\/pages\/3656\/revisions"}],"predecessor-version":[{"id":11242,"href":"https:\/\/hbg-koeln.de\/index.php?rest_route=\/wp\/v2\/pages\/3656\/revisions\/11242"}],"wp:attachment":[{"href":"https:\/\/hbg-koeln.de\/index.php?rest_route=%2Fwp%2Fv2%2Fmedia&parent=3656"}],"curies":[{"name":"wp","href":"https:\/\/api.w.org\/{rel}","templated":true}]}}