{"id":3665,"date":"2015-12-01T21:59:43","date_gmt":"2015-12-01T19:59:43","guid":{"rendered":"http:\/\/hbg-koeln.de\/?page_id=3665"},"modified":"2015-12-01T21:59:43","modified_gmt":"2015-12-01T19:59:43","slug":"deutsch","status":"publish","type":"page","link":"https:\/\/hbg-koeln.de\/?page_id=3665","title":{"rendered":"Deutsch"},"content":{"rendered":"<p><span style=\"text-decoration: underline;\"><strong>Deutsch Sekundarstufe I (Jahrgang 5 bis 10)<\/strong><\/span><\/p>\n<p>Die deutsche Sprache bildet die Grundlage f\u00fcr alle Schulf\u00e4cher. Daher hat das Fach Deutsch eine besondere Verantwortung.<\/p>\n<p><strong>Jahrgang 5 und 6:<\/strong><br \/>\nHier bieten wir im Klassenverband individuelle F\u00f6rderung an: Zwei Lehrkr\u00e4fte sind im Deutschunterricht (Doppelbesetzung). Kinder mit Lese-Rechtschreib-Problemen haben zus\u00e4tzlich eine F\u00f6rderstunde pro Woche.<br \/>\nAlle Sch\u00fclerInnen erhalten eine Einf\u00fchrung in die Textverarbeitung.<br \/>\nIn Freiarbeitsstunden (FA) wird das selbstst\u00e4ndige Arbeiten einge\u00fcbt.<\/p>\n<p><strong>Jahrgang 7 bis 10:<\/strong><br \/>\nIn den Jahrg\u00e4ngen 8 bis 10 werden die Sch\u00fclerInnen Grundkursen (G-Kurs) und Erweiterungskursen zugewiesen (E-Kurs). Der Unterricht findet weiter im Klassenverband statt.<\/p>\n<p>Da die Deutschnote f\u00fcr den Schulabschluss besonders wichtig ist, bieten wir f\u00fcr einzelne Sch\u00fclerInnen, deren Abschluss gef\u00e4hrdet ist, in den Jahrg\u00e4ngen 8 und 9 eine zus\u00e4tzliche F\u00f6rderung an (F\u00f6rdermodul).<\/p>\n<p>Im Jahrgang 10 werden leistungsstarke Sch\u00fclerInnen, die in die Sekundarstufe II gehen werden, besonders gefordert (Fordermodul).<\/p>\n<p><strong>Stundentafel Sek I (<a href=\"http:\/\/hbg-koeln.de\/wp-content\/uploads\/2015\/12\/Deutsch_SEK1.pdf\">Deutsch_SEK1<\/a>)<\/strong><\/p>\n<p><strong>Lehrplan Sek I (<a href=\"http:\/\/hbg-koeln.de\/wp-content\/uploads\/2015\/12\/Deutsch_Lehrplan_SEK1.pdf\">Deutsch_Lehrplan_SEK1<\/a>)<\/strong><\/p>\n<p>&nbsp;<\/p>\n<p><span style=\"text-decoration: underline;\"><strong>Deutsch Sekundarstufe II<\/strong><\/span><\/p>\n<p>In der <strong>Oberstufe<\/strong> wird das Fach Deutsch in Grund- und Leistungskursen unterrichtet. Bei Bedarf wird in der Einf\u00fchrungsphase ein Vertiefungskurs zur F\u00f6rderung angeboten. Theaterinteressierte Sch\u00fclerInnen haben die M\u00f6glichkeit, das Fach Literatur zu w\u00e4hlen.<\/p>\n<p><strong>Lehrplan EF (<a href=\"http:\/\/hbg-koeln.de\/wp-content\/uploads\/2015\/12\/KLP-SII-EF-\u00dcbersichtsraster.pdf\">KLP SII-EF-\u00dcbersichtsraster<\/a>)<\/strong><br \/>\n<strong>Lehrplan Q1 (<a href=\"http:\/\/hbg-koeln.de\/wp-content\/uploads\/2015\/12\/KLP-SII-Q1-\u00dcbersichtsraster.pdf\">KLP SII-Q1-\u00dcbersichtsraster<\/a>)<\/strong><br \/>\n<strong>Lehrplan Q2 (<a href=\"http:\/\/hbg-koeln.de\/wp-content\/uploads\/2015\/12\/KLP-SII-Q2-\u00dcbersichtsraster.pdf\">KLP SII-Q2-\u00dcbersichtsraster<\/a>)<\/strong><\/p>\n","protected":false},"excerpt":{"rendered":"<p>Deutsch Sekundarstufe I (Jahrgang 5 bis 10) Die deutsche Sprache bildet die Grundlage f\u00fcr alle Schulf\u00e4cher. Daher hat das Fach Deutsch eine besondere Verantwortung. Jahrgang 5 und 6: Hier bieten wir im Klassenverband individuelle F\u00f6rderung an:<a class=\"moretag\" href=\"https:\/\/hbg-koeln.de\/?page_id=3665\">Read More&#8230;<\/a><\/p>\n","protected":false},"author":7,"featured_media":0,"parent":0,"menu_order":0,"comment_status":"closed","ping_status":"closed","template":"","meta":{"ngg_post_thumbnail":0,"footnotes":""},"class_list":["post-3665","page","type-page","status-publish","hentry"],"_links":{"self":[{"href":"https:\/\/hbg-koeln.de\/index.php?rest_route=\/wp\/v2\/pages\/3665","targetHints":{"allow":["GET"]}}],"collection":[{"href":"https:\/\/hbg-koeln.de\/index.php?rest_route=\/wp\/v2\/pages"}],"about":[{"href":"https:\/\/hbg-koeln.de\/index.php?rest_route=\/wp\/v2\/types\/page"}],"author":[{"embeddable":true,"href":"https:\/\/hbg-koeln.de\/index.php?rest_route=\/wp\/v2\/users\/7"}],"replies":[{"embeddable":true,"href":"https:\/\/hbg-koeln.de\/index.php?rest_route=%2Fwp%2Fv2%2Fcomments&post=3665"}],"version-history":[{"count":1,"href":"https:\/\/hbg-koeln.de\/index.php?rest_route=\/wp\/v2\/pages\/3665\/revisions"}],"predecessor-version":[{"id":3671,"href":"https:\/\/hbg-koeln.de\/index.php?rest_route=\/wp\/v2\/pages\/3665\/revisions\/3671"}],"wp:attachment":[{"href":"https:\/\/hbg-koeln.de\/index.php?rest_route=%2Fwp%2Fv2%2Fmedia&parent=3665"}],"curies":[{"name":"wp","href":"https:\/\/api.w.org\/{rel}","templated":true}]}}