{"id":4031,"date":"2016-01-09T19:14:18","date_gmt":"2016-01-09T17:14:18","guid":{"rendered":"http:\/\/hbg-koeln.de\/?page_id=4031"},"modified":"2023-12-29T21:45:42","modified_gmt":"2023-12-29T20:45:42","slug":"entschuldigung-beurlaubung","status":"publish","type":"page","link":"https:\/\/hbg-koeln.de\/?page_id=4031","title":{"rendered":"Entschuldigung &#038; Beurlaubung SII"},"content":{"rendered":"<div class=\"page\" title=\"Page 1\">\r\n<div class=\"layoutArea\">\r\n<div class=\"column\">\r\n<h3>Entschuldigung bei Unterrichtsvers\u00e4umnis (Krankheit, Krankmeldung, Beurlaubung)<\/h3>\r\n<p>Alle Entschuldigungen m\u00fcssen zun\u00e4chst bei den Beratungslehrern abgegeben werden \u2013 B\u00fcrozeiten h\u00e4ngen aus!<\/p>\r\n<p>Die Sch\u00fcler f\u00fcllen ein Formular mit einer Begr\u00fcndung aus (kann im B\u00fcro abgeholt oder unter www.hbg-koeln.de heruntergeladen werden). Das Formular muss innerhalb von 3 Tagen nach Wiedererscheinen bei den Beratungslehrern vorgelegt werden!<\/p>\r\n<p>Die Sch\u00fcler bekommen dann f\u00fcr die entschuldigten Stunden einen Stempel mit Unterschrift in ihren Schulplaner.<\/p>\r\n<p>Diese Bescheinigung im Schulplaner zeigen die Sch\u00fcler den Fachlehrern und NUR dann sind die Stunden entschuldigt!<\/p>\r\n<h3>Entschuldigung bei Klausuren<\/h3>\r\n<p>Die Sch\u00fcler\/innen rufen zwischen 7.30 und 7.45 Uhr in der Schule an (0221 261070) und melden sich krank.<\/p>\r\n<p>Sofort beim Wiedererscheinen muss den Beratungslehrern ein \u00e4rztliches Attest vorgelegt werden.<\/p>\r\n<p>Die Sch\u00fcler bekommen den Nachschreibtermin dann mitgeteilt.<\/p>\r\n<p>Dar\u00fcber hinaus gilt die oben erkl\u00e4rte Regelung bei Unterrichtsvers\u00e4umnissen. (Formular, Schulplaner etc.)<\/p>\r\n<p>N\u00e4here Ausf\u00fchrungen und gesetzliche Bestimmungen zu diesem Verfahren finden sich auf dem Formular. (s.o.)<\/p>\r\n<p>Thomas Schulz<br>Abteilungsleiter Sekundarstufe II<br>Heinrich-B\u00f6ll-Gesamtschule<\/p>\r\n<\/div>\r\n<\/div>\r\n<\/div>\r\n<ul>\r\n<li><a href=\"http:\/\/hbg-koeln.de\/uploads\/formular_s2_a.pdf\">Formular zur Beurlaubung<\/a><\/li>\r\n<li><a href=\"http:\/\/hbg-koeln.de\/uploads\/formular_s2_b.pdf\">Formular f\u00fcr Entschuldigungen \/ Krankmeldungen<\/a><\/li>\r\n<li><a href=\"http:\/\/hbg-koeln.de\/uploads\/Antrag Nachschreibeklausur.pdf\">Formular f\u00fcr Antrag Nachschreibeklausur<\/a><\/li>\r\n<\/ul>\r\n","protected":false},"excerpt":{"rendered":"<p>Entschuldigung bei Unterrichtsvers\u00e4umnis (Krankheit, Krankmeldung, Beurlaubung) Alle Entschuldigungen m\u00fcssen zun\u00e4chst bei den Beratungslehrern abgegeben werden \u2013 B\u00fcrozeiten h\u00e4ngen aus! Die Sch\u00fcler f\u00fcllen ein Formular mit einer Begr\u00fcndung aus (kann im B\u00fcro abgeholt oder unter www.hbg-koeln.de heruntergeladen<a class=\"moretag\" href=\"https:\/\/hbg-koeln.de\/?page_id=4031\">Read More&#8230;<\/a><\/p>\n","protected":false},"author":1,"featured_media":0,"parent":0,"menu_order":0,"comment_status":"closed","ping_status":"closed","template":"","meta":{"ngg_post_thumbnail":0,"footnotes":""},"class_list":["post-4031","page","type-page","status-publish","hentry"],"_links":{"self":[{"href":"https:\/\/hbg-koeln.de\/index.php?rest_route=\/wp\/v2\/pages\/4031","targetHints":{"allow":["GET"]}}],"collection":[{"href":"https:\/\/hbg-koeln.de\/index.php?rest_route=\/wp\/v2\/pages"}],"about":[{"href":"https:\/\/hbg-koeln.de\/index.php?rest_route=\/wp\/v2\/types\/page"}],"author":[{"embeddable":true,"href":"https:\/\/hbg-koeln.de\/index.php?rest_route=\/wp\/v2\/users\/1"}],"replies":[{"embeddable":true,"href":"https:\/\/hbg-koeln.de\/index.php?rest_route=%2Fwp%2Fv2%2Fcomments&post=4031"}],"version-history":[{"count":5,"href":"https:\/\/hbg-koeln.de\/index.php?rest_route=\/wp\/v2\/pages\/4031\/revisions"}],"predecessor-version":[{"id":10078,"href":"https:\/\/hbg-koeln.de\/index.php?rest_route=\/wp\/v2\/pages\/4031\/revisions\/10078"}],"wp:attachment":[{"href":"https:\/\/hbg-koeln.de\/index.php?rest_route=%2Fwp%2Fv2%2Fmedia&parent=4031"}],"curies":[{"name":"wp","href":"https:\/\/api.w.org\/{rel}","templated":true}]}}