{"id":4414,"date":"2016-03-17T07:56:46","date_gmt":"2016-03-17T05:56:46","guid":{"rendered":"http:\/\/hbg-koeln.de\/?page_id=4414"},"modified":"2024-09-10T14:29:29","modified_gmt":"2024-09-10T13:29:29","slug":"ehemaligen-treffen","status":"publish","type":"page","link":"https:\/\/hbg-koeln.de\/?page_id=4414","title":{"rendered":"Ehemaligen-Treffen"},"content":{"rendered":"<h2>EINLADUNG:<\/h2>\n<p>Liebe ehemalige Sch\u00fclerinnen und Sch\u00fcler,<br \/>\nliebe (ehemaligen) Lehrerinnen und Lehrer,<\/p>\n<p>auch in diesem Jahr wird es ein Ehemaligen &#8211; Treffen geben. Hierzu sind alle ehemaligen Sch\u00fclerinnen und Sch\u00fcler und Lehrerinnen und Lehrer herzlich eingeladen. Ein paar Informationen in K\u00fcrze:<\/p>\n<ul>\n<li><strong>Termin: Freitag, 15.11.2024 ab 19 Uhr<\/strong><\/li>\n<li>Ort: Heinrich &#8211; B\u00f6ll &#8211; Gesamtschule<\/li>\n<li>Eingeladen: Ehemalige Sch\u00fclerinnen und Sch\u00fcler mit Abitur; ehemalige Sch\u00fclerinnen und Sch\u00fcler mit anderen Abschl\u00fcssen (Mindestalter: 20 Jahre)<br \/>\n(ehemalige) Lehrerinnen und Lehrer<\/li>\n<li>Unkostenbeitrag: Es wird um eine Spende zur Deckung der Unkosten sowie f\u00fcr den F\u00f6rderverein der HBG gebeten.\n<div>&nbsp;<\/div>\n<div>Bitte gebt diese Information an andere Ehemaligen und eure Lehrer:innen weiter. Vielen Dank!<\/div>\n<\/li>\n<\/ul>\n<p>Wir freuen uns auf ein Wiedersehen im November!<br \/>\nEuer Orga-Team Ehemaligen-Treffen<\/p>\n<p>&nbsp;<\/p>\n<p><iframe style=\"position: absolute; top: 0px; left: 0px; width: 1px; height: 1px; visibility: hidden; background: #ffffff none repeat scroll 0% 0%;\" name=\"xdcom_frame\" width=\"300\" height=\"150\"><\/iframe><\/p>\n","protected":false},"excerpt":{"rendered":"<p>EINLADUNG: Liebe ehemalige Sch\u00fclerinnen und Sch\u00fcler, liebe (ehemaligen) Lehrerinnen und Lehrer, auch in diesem Jahr wird es ein Ehemaligen &#8211; Treffen geben. Hierzu sind alle ehemaligen Sch\u00fclerinnen und Sch\u00fcler und Lehrerinnen und Lehrer herzlich eingeladen. Ein<a class=\"moretag\" href=\"https:\/\/hbg-koeln.de\/?page_id=4414\">Read More&#8230;<\/a><\/p>\n","protected":false},"author":7,"featured_media":0,"parent":0,"menu_order":0,"comment_status":"closed","ping_status":"closed","template":"","meta":{"ngg_post_thumbnail":0,"footnotes":""},"class_list":["post-4414","page","type-page","status-publish","hentry"],"_links":{"self":[{"href":"https:\/\/hbg-koeln.de\/index.php?rest_route=\/wp\/v2\/pages\/4414","targetHints":{"allow":["GET"]}}],"collection":[{"href":"https:\/\/hbg-koeln.de\/index.php?rest_route=\/wp\/v2\/pages"}],"about":[{"href":"https:\/\/hbg-koeln.de\/index.php?rest_route=\/wp\/v2\/types\/page"}],"author":[{"embeddable":true,"href":"https:\/\/hbg-koeln.de\/index.php?rest_route=\/wp\/v2\/users\/7"}],"replies":[{"embeddable":true,"href":"https:\/\/hbg-koeln.de\/index.php?rest_route=%2Fwp%2Fv2%2Fcomments&post=4414"}],"version-history":[{"count":9,"href":"https:\/\/hbg-koeln.de\/index.php?rest_route=\/wp\/v2\/pages\/4414\/revisions"}],"predecessor-version":[{"id":10391,"href":"https:\/\/hbg-koeln.de\/index.php?rest_route=\/wp\/v2\/pages\/4414\/revisions\/10391"}],"wp:attachment":[{"href":"https:\/\/hbg-koeln.de\/index.php?rest_route=%2Fwp%2Fv2%2Fmedia&parent=4414"}],"curies":[{"name":"wp","href":"https:\/\/api.w.org\/{rel}","templated":true}]}}