{"id":442,"date":"2012-09-12T20:00:53","date_gmt":"2012-09-12T18:00:53","guid":{"rendered":"http:\/\/hbg-koeln.de\/?page_id=442"},"modified":"2025-09-27T12:57:22","modified_gmt":"2025-09-27T11:57:22","slug":"forderverein-2","status":"publish","type":"page","link":"https:\/\/hbg-koeln.de\/?page_id=442","title":{"rendered":"F\u00f6rderverein"},"content":{"rendered":"<h1 lang=\"de-DE\">F\u00f6rderverein Heinrich-B\u00f6ll-Gesamtschule e.V.<\/h1>\n<h2 lang=\"de-DE\">1. Wer wir sind<\/h2>\n<p lang=\"de-DE\">Wir sind Eltern, Lehrerinnen und Lehrer sowie F\u00f6rderer der Heinrich-B\u00f6ll-Gesamtschule und m\u00f6chten mit unserem Engagement die Schule ideell und finanziell st\u00e4rken, damit wir viele kleine Aktivit\u00e4ten, aber auch gro\u00dfe Projekte f\u00fcr unsere Sch\u00fclerinnen und Sch\u00fcler erm\u00f6glichen k\u00f6nnen. Unser Verein besteht seit 1975. Die Gemeinn\u00fctzigkeit wurde zuletzt mit Bescheid vom 15.01.2013 best\u00e4tigt.<\/p>\n<h2 lang=\"de-DE\">2. Unsere Ziele<\/h2>\n<p lang=\"de-DE\">Durch die Bereitstellung finanzieller Mittel zum Nutzen aller Sch\u00fclerinnen und Sch\u00fcler wollen wir die Qualit\u00e4t des schulischen und au\u00dferschulischen Lernens unterst\u00fctzen und verbessern. Viele Subventionen wurden gek\u00fcrzt oder gestrichen. Hier wollen wir einen Beitrag leisten und allen Sch\u00fclerinnen und Sch\u00fclern erm\u00f6glichen, die Angebote der Schule zu nutzen. Wir m\u00f6chten das Angebot der Schule erweitern, indem wir verschiedene Projekte f\u00f6rdern. Oft reichen die Mittel nicht, alle p\u00e4dagogischen Ziele zu erreichen. Ganz wichtig ist uns auch, die Schule bei der Umsetzung des Schulprogramms zu unterst\u00fctzen. (<a title=\"Schulprogramm\" href=\"http:\/\/hbg-koeln.de\/?page_id=537\">Hier finden Sie das Schulprogramm<\/a>)<\/p>\n<h2 lang=\"de-DE\">3. Mitglied werden<\/h2>\n<p lang=\"de-DE\">Werden Sie doch auch Mitglied in unserem F\u00f6rderverein. Der Mindestbeitrag von j\u00e4hrlich 12 \u20ac kommt letztlich auch Ihren Kindern zu Gute. Wenn Sie sich nicht verpflichten wollen, \u00fcberweisen Sie uns doch einfach einen kleinen Geldbetrag. Diesen k\u00f6nnen Sie sogar als Spende steuerlich geltend machen, da wir als gemeinn\u00fctzig anerkannt sind. Als Nachweis gegen\u00fcber dem Finanzamt reicht die Vorlage des Kontoauszugs oder Einzahlungsbelegs aus.<\/p>\n<p lang=\"de-DE\">\u00dcbrigens: Wir freuen uns auch \u00fcber alle Ehemaligen (Sch\u00fclerinnen und Sch\u00fcler, Lehrerinnen und Lehrer), die unserem Verein die Treue halten oder wieder eintreten.<\/p>\n<h2 lang=\"de-DE\">4. Vereinsstruktur<\/h2>\n<h3 lang=\"de-DE\">4.1 Vorstand<\/h3>\n<p lang=\"de-DE\">Der Vorstand besteht aus der ersten und zweiten Vorsitzenden sowie der Schatzmeisterin. Dem Vorstand beigeordnet sind der Schulleiter und der Vorsitzende der Schulpflegschaft. Unser Vorstand wurde im April 2016 neu gew\u00e4hlt. Zur Unterst\u00fctzung des Vorstands in seiner Vereinst\u00e4tigkeit sind zus\u00e4tzlich 2 Beisitzer von der Mitgliederversammlung gew\u00e4hlt worden.<\/p>\n<h3 lang=\"de-DE\">4.2 Satzung<\/h3>\n<p lang=\"de-DE\">Anbei einige Ausz\u00fcge aus unserer Satzung.<\/p>\n<p lang=\"de-DE\">Der Verein f\u00fchrt den Namen \u201eF\u00f6rderverein der Heinrich-B\u00f6ll-Gesamtschule\u201c Der Sitz des Vereins ist K\u00f6ln-Chorweiler. Gesch\u00e4ftsjahr des Vereins ist das Kalenderjahr.<\/p>\n<p lang=\"de-DE\">Der Verein verfolgt ausschlie\u00dflich und unmittelbar gemeinn\u00fctzige Zwecke. Zweck des Vereins ist die F\u00f6rderung von Bildung und Erziehung im Rahmen der Gesamtschulp\u00e4dagogik. Der Satzungszweck wird verwirklicht insbesondere durch die:<\/p>\n<ul>\n<li>\n<p lang=\"de-DE\">Beschaffung wissenschaftlicher, k\u00fcnstlerischer und technischer Unterrichtsmittel,<\/p>\n<\/li>\n<li>\n<p lang=\"de-DE\">Durchf\u00fchrung von sportlichen und kulturellen Schulveranstaltungen,<\/p>\n<\/li>\n<li>\n<p lang=\"de-DE\">Unterst\u00fctzung bed\u00fcrftiger und f\u00f6rderungsw\u00fcrdiger Sch\u00fcler,<\/p>\n<\/li>\n<li>\n<p lang=\"de-DE\">F\u00f6rderung der Elternarbeit auf dem Gebiet des Schulwesens,<\/p>\n<\/li>\n<li>\n<p lang=\"de-DE\">Unterst\u00fctzung der T\u00e4tigkeit der Sch\u00fclermitverwaltung,<\/p>\n<\/li>\n<li>\n<p lang=\"de-DE\">Pflege der Beziehungen zum Schultr\u00e4ger und Unterst\u00fctzung der Interessen der Schule in der \u00d6ffentlichkeit.<\/p>\n<\/li>\n<\/ul>\n<p lang=\"de-DE\">Aus den Mitteln der Kasse d\u00fcrfen nur solche Ausgaben bestritten werden, f\u00fcr deren Deckung weder der Schultr\u00e4ger noch eine sonstige staatliche oder beh\u00f6rdliche Stelle gesetzlich verpflichtet ist.<\/p>\n<p lang=\"de-DE\">Mitglieder des Vereins k\u00f6nnen die Eltern der Sch\u00fcler oder ehemalige Sch\u00fcler sowie andere nat\u00fcrliche oder juristische Personen werden; die bereit sind, die Aufgaben des Vereins zu f\u00f6rdern und sich zur Zahlung des Beitrags verpflichten.<\/p>\n<h3 lang=\"de-DE\">4.3 Mitgliedsbeitr\u00e4ge<\/h3>\n<p lang=\"de-DE\">Der Mitgliedsbeitrag betr\u00e4gt mindestens 12 \u20ac j\u00e4hrlich. Er ist Anfang des Kalenderjahres zu entrichten.<br \/>\nDie Beitragszahlung erfolgt bevorzugt per Lastschrift, die in der Regel kurz vor der regul\u00e4ren Mitgliederversammlung im ersten Jahresquartal erfolgt.<\/p>\n<h3 lang=\"de-DE\">4.4 Bankverbindung f\u00fcr Mitgliedsbeitr\u00e4ge und Spenden<\/h3>\n<p lang=\"de-DE\"><strong>F\u00f6rderverein Heinrich-B\u00f6ll-Gesamtschule e. V.<\/strong><br \/>\n<strong> Sparkasse K\u00f6lnBonn<\/strong><br \/>\n<strong> IBAN: DE37 3705 0198&nbsp; 0001 5027 64&nbsp; <\/strong><br \/>\n<strong> BIC: COLSDE33XXX<\/strong><\/p>\n<h3 lang=\"de-DE\">4.5 Einnahmen<\/h3>\n<p lang=\"de-DE\">Die wichtigste Einnahme des Vereins sind die Mitgliedsbeitr\u00e4ge, da diese regelm\u00e4\u00dfig flie\u00dfen und somit kalkulierbar sind. Aus diesem Grund ist jede Mitgliedschaft unverzichtbar \u2013 auch wenn der geringe Mindestbeitrag von 12 \u20ac j\u00e4hrlich zun\u00e4chst einmal so klingt, als k\u00f6nne damit nicht viel erreicht werden.<\/p>\n<p lang=\"de-DE\">Eine weitere wichtige Einnahmequelle sind Spenden, ohne die gr\u00f6\u00dfere Projekte nicht verwirklicht werden k\u00f6nnten.<\/p>\n<p lang=\"de-DE\">Eine oft wenig erw\u00e4hnte, aber dennoch unverzichtbare Einnahmequelle sind Sachspenden, aber auch die \u201eEigenleistung\u201c, die Sch\u00fclerinnen und Sch\u00fcler, Eltern, Lehrerinnen und Lehrer sowie F\u00f6rderer unseres Vereins oder unserer Schule erbringen.<\/p>\n<h2 lang=\"de-DE\">5. Wen und was f\u00f6rdern wir<\/h2>\n<p lang=\"de-DE\">Wir f\u00f6rdern dort, wo keine Subventionen greifen, wo keine M\u00f6glichkeit der Mittelbeantragung bei den staatlichen Organen besteht. Dies bedeutet, dass vorher genau gepr\u00fcft werden muss, ob die finanziellen Mittel anderweitig beantragt werden k\u00f6nnen. Wir haben uns gegen\u00fcber den Vereinsmitgliedern und Spendern verpflichtet, sorgf\u00e4ltig mit den zur Verf\u00fcgung stehenden Mitteln umzugehen.<\/p>\n<p lang=\"de-DE\">Seit Bestehen unseres Vereins haben wir folgende Bereiche gef\u00f6rdert: Freizeitbereich, Arbeitsgemeinschaften, Schulprojekte, Anschaffungen, \u00d6ffentlichkeitsarbeit, Unterst\u00fctzung bed\u00fcrftiger Sch\u00fclerinnen und Sch\u00fcler.<\/p>\n<p lang=\"de-DE\">Folgende Beispiele zeigen wie wichtig unsere Arbeit ist:<\/p>\n<ul>\n<li>\n<p lang=\"de-DE\">Zusch\u00fcsse zu Klassen-\/Studienfahrten und Sprachf\u00f6rderungen finanzschwacher Sch\u00fclerinnen und Sch\u00fcler.<\/p>\n<\/li>\n<li>\n<p lang=\"de-DE\">Zusch\u00fcsse zu Veranstaltungen.<\/p>\n<\/li>\n<li>\n<p lang=\"de-DE\">Zusch\u00fcsse f\u00fcr Unterrichts-\/Schulausstattungen.<\/p>\n<\/li>\n<li>\n<p lang=\"de-DE\">Zusch\u00fcsse f\u00fcr Ausstattungen bei Repr\u00e4sentation (z.B. schuleigene T-Shirts).<\/p>\n<\/li>\n<li>\n<p lang=\"de-DE\">Zusch\u00fcsse zum Gewaltpr\u00e4vention-Programm.<\/p>\n<\/li>\n<li>\n<p lang=\"de-DE\">Zwischenfinanzierung f\u00fcr bewilligte aber noch nicht ausgezahlte Bildungspaketfinanzierungen.<\/p>\n<\/li>\n<li>\n<p lang=\"de-DE\">Vorfinanzierung zur Instrumentenbeschaffung der Instrumental AG.<\/p>\n<\/li>\n<li>\n<p lang=\"de-DE\">Zusch\u00fcsse f\u00fcr sportliche Aktivit\u00e4ten, wie<\/p>\n<ul>\n<li>\n<p lang=\"de-DE\">die Radgruppe,<\/p>\n<\/li>\n<li>\n<p lang=\"de-DE\">die Tennis AG und<\/p>\n<\/li>\n<li>\n<p lang=\"de-DE\">das Tanzprojekt.<\/p>\n<\/li>\n<\/ul>\n<\/li>\n<li>\n<p lang=\"de-DE\">Finanzierung des \u201eBrief an die Eltern\u201c.<\/p>\n<\/li>\n<li>\n<p lang=\"de-DE\">Zusch\u00fcsse zur Teilnahme am \u201eSchull- und Veedlesz\u00f6ch\u201c.<\/p>\n<\/li>\n<li>\n<p lang=\"de-DE\">Finanzierung des psychologischen Eingangstests.<\/p>\n<\/li>\n<li>\n<p lang=\"de-DE\">Finanzierung der Sanit\u00e4tsgruppe.<\/p>\n<\/li>\n<li>\n<p lang=\"de-DE\">Zusch\u00fcsse zur Erstellung der Sch\u00fclerzeitung.<\/p>\n<\/li>\n<\/ul>\n<h2 lang=\"de-DE\">6. Aktuelles<\/h2>\n<p lang=\"de-DE\">F\u00fcr folgende Projekte werden noch dringend Spender und Sponsoren gesucht:<\/p>\n<h3 lang=\"de-DE\">6.1 Schulpark<\/h3>\n<p lang=\"de-DE\">Im Au\u00dfenbereich hinter der Mensa soll ein Schulpark geschaffen werden, der Platz f\u00fcr vielf\u00e4ltige kreative Aktivit\u00e4ten aller Jahrg\u00e4nge bietet.<\/p>\n<h3 lang=\"de-DE\">6.2 P\u00e4dagogisches Zentrum<\/h3>\n<p lang=\"de-DE\">Insbesondere f\u00fcr gr\u00f6\u00dfere Veranstaltungen soll hier die Technik modernisiert und erweitert werden, damit eine passende Akustik und Beleuchtung gew\u00e4hrleistet ist.<\/p>\n<h2 lang=\"de-DE\">7. In eigener Sache<\/h2>\n<p lang=\"de-DE\">Unsere Seiten werden st\u00e4ndig \u00fcberarbeitet und erg\u00e4nzt. \u00c4nderungen und Hinweise zu unserer Internetpr\u00e4sentation<br \/>\nbitte per Mail an: foerderverein@hbg-koeln.de<\/p>\n<p lang=\"de-DE\">Oder per Brief an den F\u00f6rderverein.<\/p>\n<h2 lang=\"de-DE\">8. Kontakt<\/h2>\n<p lang=\"de-DE\">F\u00f6rderverein der HBG e.V.<br \/>\nMerianstr. 11-15<br \/>\n50765 K\u00f6ln<br \/>\n0221 \u2013 26 10 70<\/p>\n<p lang=\"de-DE\">Vorsitzender: Alexander Quantius<br \/>\n2. Vorsitzende: Monika K\u00f6nig<br \/>\nSchatzmeisterin: Birgit Vitt-B\u00fcdenbender<\/p>\n<h2 lang=\"de-DE\">Material:<\/h2>\n<ul>\n<li>Satzung: <a href=\"http:\/\/hbg-koeln.de\/?attachment_id=1675\" rel=\"attachment wp-att-1675\">F\u00f6rderverein Neue Satzung<\/a><\/li>\n<li>Mitgliedsantrag:&nbsp;<a href=\"http:\/\/hbg-koeln.de\/wp-content\/uploads\/2016\/05\/Mitgliedsantrag-F\u00f6rderverein.pdf\">Beitrittserklaerung<\/a><\/li>\n<li>Vereinfachte Spendenbescheinigung:&nbsp;<a href=\"http:\/\/hbg-koeln.de\/uploads\/hbg_spende.pdf\" rel=\"attachment wp-att-1677\">Vereinfachte Spendenbescheinigung<\/a><\/li>\n<\/ul>\n","protected":false},"excerpt":{"rendered":"<p>F\u00f6rderverein Heinrich-B\u00f6ll-Gesamtschule e.V. 1. Wer wir sind Wir sind Eltern, Lehrerinnen und Lehrer sowie F\u00f6rderer der Heinrich-B\u00f6ll-Gesamtschule und m\u00f6chten mit unserem Engagement die Schule ideell und finanziell st\u00e4rken, damit wir viele kleine Aktivit\u00e4ten, aber auch gro\u00dfe<a class=\"moretag\" href=\"https:\/\/hbg-koeln.de\/?page_id=442\">Read More&#8230;<\/a><\/p>\n","protected":false},"author":11,"featured_media":0,"parent":0,"menu_order":0,"comment_status":"closed","ping_status":"closed","template":"","meta":{"ngg_post_thumbnail":0,"footnotes":""},"class_list":["post-442","page","type-page","status-publish","hentry"],"_links":{"self":[{"href":"https:\/\/hbg-koeln.de\/index.php?rest_route=\/wp\/v2\/pages\/442","targetHints":{"allow":["GET"]}}],"collection":[{"href":"https:\/\/hbg-koeln.de\/index.php?rest_route=\/wp\/v2\/pages"}],"about":[{"href":"https:\/\/hbg-koeln.de\/index.php?rest_route=\/wp\/v2\/types\/page"}],"author":[{"embeddable":true,"href":"https:\/\/hbg-koeln.de\/index.php?rest_route=\/wp\/v2\/users\/11"}],"replies":[{"embeddable":true,"href":"https:\/\/hbg-koeln.de\/index.php?rest_route=%2Fwp%2Fv2%2Fcomments&post=442"}],"version-history":[{"count":36,"href":"https:\/\/hbg-koeln.de\/index.php?rest_route=\/wp\/v2\/pages\/442\/revisions"}],"predecessor-version":[{"id":10899,"href":"https:\/\/hbg-koeln.de\/index.php?rest_route=\/wp\/v2\/pages\/442\/revisions\/10899"}],"wp:attachment":[{"href":"https:\/\/hbg-koeln.de\/index.php?rest_route=%2Fwp%2Fv2%2Fmedia&parent=442"}],"curies":[{"name":"wp","href":"https:\/\/api.w.org\/{rel}","templated":true}]}}