{"id":4611,"date":"2016-06-16T10:52:37","date_gmt":"2016-06-16T08:52:37","guid":{"rendered":"http:\/\/hbg-koeln.de\/?page_id=4611"},"modified":"2022-03-16T18:09:11","modified_gmt":"2022-03-16T17:09:11","slug":"faecher","status":"publish","type":"page","link":"https:\/\/hbg-koeln.de\/?page_id=4611","title":{"rendered":"F\u00e4cher"},"content":{"rendered":"<ul>\n<li>Chemie<\/li>\n<li><a href=\"https:\/\/hbg-koeln.de\/?page_id=3665\">Deutsch<\/a><\/li>\n<li><a href=\"https:\/\/hbg-koeln.de\/?page_id=2742\">Englisch<\/a><\/li>\n<li>Erziehungswissenschaften<\/li>\n<li>F\u00f6rdern und Fordern<\/li>\n<li><a href=\"https:\/\/hbg-koeln.de\/?page_id=5345\">Franz\u00f6sisch<\/a><\/li>\n<li>Geschichte<\/li>\n<li><a href=\"https:\/\/hbg-koeln.de\/?page_id=2723\">Gesellschaftslehre<\/a><\/li>\n<li>Hauswirtschaft<\/li>\n<li><a href=\"https:\/\/hbg-koeln.de\/?page_id=3414\">Informatik<\/a><\/li>\n<li><a href=\"https:\/\/hbg-koeln.de\/?page_id=3013\">Kunst<\/a><\/li>\n<li><a href=\"https:\/\/hbg-koeln.de\/?page_id=2750\">Latein<\/a><\/li>\n<li><a href=\"https:\/\/hbg-koeln.de\/?page_id=4537\">Mathematik<\/a><\/li>\n<li><a href=\"https:\/\/hbg-koeln.de\/?page_id=2836\">Musik<\/a><\/li>\n<li><a href=\"https:\/\/hbg-koeln.de\/?page_id=5325\">Naturwissenschaft<\/a><\/li>\n<li><a href=\"https:\/\/hbg-koeln.de\/?page_id=8714\">P\u00e4dagogik<\/a><\/li>\n<li><a href=\"https:\/\/hbg-koeln.de\/?page_id=8868\">Philosophie<\/a><\/li>\n<li>Physik<\/li>\n<li><a href=\"https:\/\/hbg-koeln.de\/?page_id=2730\">Religion<\/a><\/li>\n<li><a href=\"https:\/\/hbg-koeln.de\/?page_id=2961\">Sozialwissenschaft<\/a><\/li>\n<li>Spanisch<\/li>\n<li><a href=\"https:\/\/hbg-koeln.de\/?page_id=2726\">Sport<\/a><\/li>\n<li><a href=\"https:\/\/hbg-koeln.de\/?page_id=8576\">Technik<\/a><\/li>\n<li>T\u00fcrkisch<\/li>\n<li>Wirtschaft<\/li>\n<\/ul>\n\n","protected":false},"excerpt":{"rendered":"<p>Chemie Deutsch Englisch Erziehungswissenschaften F\u00f6rdern und Fordern Franz\u00f6sisch Geschichte Gesellschaftslehre Hauswirtschaft Informatik Kunst Latein Mathematik Musik Naturwissenschaft P\u00e4dagogik Philosophie Physik Religion Sozialwissenschaft Spanisch Sport Technik T\u00fcrkisch Wirtschaft<\/p>\n","protected":false},"author":2,"featured_media":0,"parent":0,"menu_order":0,"comment_status":"closed","ping_status":"closed","template":"","meta":{"ngg_post_thumbnail":0,"footnotes":""},"class_list":["post-4611","page","type-page","status-publish","hentry"],"_links":{"self":[{"href":"https:\/\/hbg-koeln.de\/index.php?rest_route=\/wp\/v2\/pages\/4611","targetHints":{"allow":["GET"]}}],"collection":[{"href":"https:\/\/hbg-koeln.de\/index.php?rest_route=\/wp\/v2\/pages"}],"about":[{"href":"https:\/\/hbg-koeln.de\/index.php?rest_route=\/wp\/v2\/types\/page"}],"author":[{"embeddable":true,"href":"https:\/\/hbg-koeln.de\/index.php?rest_route=\/wp\/v2\/users\/2"}],"replies":[{"embeddable":true,"href":"https:\/\/hbg-koeln.de\/index.php?rest_route=%2Fwp%2Fv2%2Fcomments&post=4611"}],"version-history":[{"count":7,"href":"https:\/\/hbg-koeln.de\/index.php?rest_route=\/wp\/v2\/pages\/4611\/revisions"}],"predecessor-version":[{"id":8870,"href":"https:\/\/hbg-koeln.de\/index.php?rest_route=\/wp\/v2\/pages\/4611\/revisions\/8870"}],"wp:attachment":[{"href":"https:\/\/hbg-koeln.de\/index.php?rest_route=%2Fwp%2Fv2%2Fmedia&parent=4611"}],"curies":[{"name":"wp","href":"https:\/\/api.w.org\/{rel}","templated":true}]}}