{"id":484,"date":"2012-09-12T21:35:44","date_gmt":"2012-09-12T19:35:44","guid":{"rendered":"http:\/\/hbg-koeln.de\/?page_id=484"},"modified":"2013-09-27T14:31:38","modified_gmt":"2013-09-27T12:31:38","slug":"menupunkt-elternarbeit","status":"publish","type":"page","link":"https:\/\/hbg-koeln.de\/?page_id=484","title":{"rendered":"Elternarbeit"},"content":{"rendered":"<h1>Elternarbeit<\/h1>\n<p>Die Heinrich-B\u00f6ll-Gesamtschule arbeitet intensiv mit M\u00fcttern und V\u00e4tern zusammen. Das Engagement aktiver Eltern in Mitwirkungsgremien, im F\u00f6rderverein und im \u00fcbrigen Schulleben ist ein entscheidender Pluspunkt f\u00fcr ein angenehmes Schulklima, in dem das soziale Lernen und das fachliche Lernen Hand in Hand gehen.<\/p>\n<p>Durch die Mitarbeit von Eltern in AGs k\u00f6nnen neue Themen angeboten werden und die Gruppen k\u00f6nnen kleiner sein. Bei Zirkus- und Theaterauff\u00fchrungen sind M\u00fctter hinter den Kulissen t\u00e4tig, um Kinder zu schminken, sie zu unterst\u00fctzen und beruhigend auf sie einzuwirken. Ohne die Mitarbeit von Eltern bei Schulfesten und dem Tag der offenen T\u00fcr w\u00e4re die positive Darstellung der Heinrich-B\u00f6ll-Gesamtschule nicht so perfekt m\u00f6glich.<\/p>\n<p>Seit 17 Jahren gibt es die B\u00f6ll-Oase an unserer Schule, die jeden Tag f\u00fcr die Sch\u00fclerinnen und Sch\u00fcler aber auch f\u00fcr Besucher und das Kollegium ge\u00f6ffnet ist. \u00dcber 30 M\u00fctter arbeiten in dieser Cafeteria ehrenamtlich. Dadurch wird eine positive Atmosph\u00e4re geschaffen, die allen Nutzern zugutekommt. Diese Arbeit wurde bereits mehrfach durch den Oberb\u00fcrgermeister der Stadt K\u00f6ln im Rahmen des Ehrenamtstages gew\u00fcrdigt.<\/p>\n<p>In jedem Jahr werden bei einem Neujahrsempfang alle aktiven Eltern der Heinrich-B\u00f6ll-Gesamtschule von der Schulleitung geehrt und durch einen sch\u00f6nen Abend mit kulinarischen und musikalischen Darbietungen verw\u00f6hnt.<\/p>\n<p>&nbsp;<\/p>\n<p>Hier gibt es Informationen zu folgenden Punkten:<\/p>\n<ul>\n<li><a title=\"F\u00f6rderverein\" href=\"http:\/\/hbg-koeln.de\/?page_id=442\">F\u00f6rderverein<\/a><\/li>\n<li><a title=\"Schulpflegschaft\" href=\"http:\/\/www.hbg-koeln.de\">Schulpflegschaft<\/a><\/li>\n<li><a title=\"Die Schulcafeteria \u201cB\u00f6ll-Oase\u201d\" href=\"http:\/\/hbg-koeln.de\/?page_id=251\">B\u00f6ll-Oase<\/a><\/li>\n<li><a title=\"Schulgarten\" href=\"http:\/\/hbg-koeln.de\/?page_id=294\">Schulgarten<\/a><\/li>\n<\/ul>\n<p>Informationen der Stadt K\u00f6ln zur Beantragung von Leistungen zur Finanzierung von Ausfl\u00fcgen, Klassenfahrten, Mittagsverpflegung, Nachhilfestunden\u00a0etc.:<\/p>\n<ul>\n<li><a title=\"Bildungspaket\" href=\"http:\/\/www.stadt-koeln.de\/5\/bildungspaket\/\" target=\"_blank\">Bildungspaket<\/a><\/li>\n<\/ul>\n","protected":false},"excerpt":{"rendered":"<p>Elternarbeit Die Heinrich-B\u00f6ll-Gesamtschule arbeitet intensiv mit M\u00fcttern und V\u00e4tern zusammen. Das Engagement aktiver Eltern in Mitwirkungsgremien, im F\u00f6rderverein und im \u00fcbrigen Schulleben ist ein entscheidender Pluspunkt f\u00fcr ein angenehmes Schulklima, in dem das soziale Lernen und<a class=\"moretag\" href=\"https:\/\/hbg-koeln.de\/?page_id=484\">Read More&#8230;<\/a><\/p>\n","protected":false},"author":1,"featured_media":0,"parent":0,"menu_order":0,"comment_status":"closed","ping_status":"open","template":"","meta":{"ngg_post_thumbnail":0,"footnotes":""},"class_list":["post-484","page","type-page","status-publish","hentry"],"_links":{"self":[{"href":"https:\/\/hbg-koeln.de\/index.php?rest_route=\/wp\/v2\/pages\/484","targetHints":{"allow":["GET"]}}],"collection":[{"href":"https:\/\/hbg-koeln.de\/index.php?rest_route=\/wp\/v2\/pages"}],"about":[{"href":"https:\/\/hbg-koeln.de\/index.php?rest_route=\/wp\/v2\/types\/page"}],"author":[{"embeddable":true,"href":"https:\/\/hbg-koeln.de\/index.php?rest_route=\/wp\/v2\/users\/1"}],"replies":[{"embeddable":true,"href":"https:\/\/hbg-koeln.de\/index.php?rest_route=%2Fwp%2Fv2%2Fcomments&post=484"}],"version-history":[{"count":12,"href":"https:\/\/hbg-koeln.de\/index.php?rest_route=\/wp\/v2\/pages\/484\/revisions"}],"predecessor-version":[{"id":565,"href":"https:\/\/hbg-koeln.de\/index.php?rest_route=\/wp\/v2\/pages\/484\/revisions\/565"}],"wp:attachment":[{"href":"https:\/\/hbg-koeln.de\/index.php?rest_route=%2Fwp%2Fv2%2Fmedia&parent=484"}],"curies":[{"name":"wp","href":"https:\/\/api.w.org\/{rel}","templated":true}]}}