{"id":5325,"date":"2017-03-10T12:07:10","date_gmt":"2017-03-10T10:07:10","guid":{"rendered":"http:\/\/hbg-koeln.de\/?page_id=5325"},"modified":"2023-05-07T21:43:54","modified_gmt":"2023-05-07T20:43:54","slug":"naturwissenschaft","status":"publish","type":"page","link":"https:\/\/hbg-koeln.de\/?page_id=5325","title":{"rendered":"Naturwissenschaft"},"content":{"rendered":"<p><strong>Sekundarstufe I<\/strong><\/p>\r\n<p>Zu Beginn der schulischen Laufbahn in Jahrgangsstufe 5 und 6 werden die Lernenden im Fach Naturwissenschaften (NW) unterrichtet. Hierin werden Themenschwerpunkte der F\u00e4cher Biologie, Chemie und Physik vernetzend vermittelt. Ab Jahrgangsstufe 7 werden die drei F\u00e4cher separat unterrichtet.<\/p>\r\n<p><strong>Abb. 1: <\/strong>Unterricht in den naturwissenschaftlichen F\u00e4chern nach Jahrg\u00e4ngen.<\/p>\r\n<p><a href=\"http:\/\/hbg-koeln.de\/wp-content\/uploads\/2023\/05\/Abb-1.png\"><img loading=\"lazy\" decoding=\"async\" class=\"size-medium wp-image-9654 aligncenter\" src=\"http:\/\/hbg-koeln.de\/wp-content\/uploads\/2023\/05\/Abb-1-300x126.png\" alt=\"\" width=\"300\" height=\"126\" srcset=\"https:\/\/hbg-koeln.de\/wp-content\/uploads\/2023\/05\/Abb-1-300x126.png 300w, https:\/\/hbg-koeln.de\/wp-content\/uploads\/2023\/05\/Abb-1-768x322.png 768w, https:\/\/hbg-koeln.de\/wp-content\/uploads\/2023\/05\/Abb-1.png 934w\" sizes=\"auto, (max-width: 300px) 100vw, 300px\" \/><\/a><\/p>\r\n<p>Im Rahmen der <strong>MINT-F\u00f6rderung<\/strong> k\u00f6nnen besonders interessierte Kinder ab Jahrgang 7 das Wahrpflichtfach Naturwissenschaften hinzu w\u00e4hlen. Dieses z\u00e4hlt als Hauptfach, indem auch Klausuren geschrieben werden. Unterrichtet werden dort alltagsrelevante Themengebiete, die s\u00e4mtliche Naturwissenschaften ber\u00fchren. Au\u00dferunterrichtliche Angebote wie die Garten-AG, die Umwelt-AG und die Naturforscher-AG runden das Angebot ab.<\/p>\r\n<p>J\u00e4hrlich bietet wir im Rahmen unseres Programms zur <strong>Begabtenf\u00f6rderung \u201e<\/strong>HBG-studiert\u201c ein naturwissenschaftliches Modul an. Zum Beispiel geht in einem Modul um den Nachweis von Blutspuren mit forensischen Methoden.<a href=\"http:\/\/hbg-koeln.de\/wp-content\/uploads\/2023\/05\/Abb-2.png\"><img loading=\"lazy\" decoding=\"async\" class=\"size-medium wp-image-9655 aligncenter\" src=\"http:\/\/hbg-koeln.de\/wp-content\/uploads\/2023\/05\/Abb-2-300x108.png\" alt=\"\" width=\"300\" height=\"108\" srcset=\"https:\/\/hbg-koeln.de\/wp-content\/uploads\/2023\/05\/Abb-2-300x108.png 300w, https:\/\/hbg-koeln.de\/wp-content\/uploads\/2023\/05\/Abb-2-768x276.png 768w, https:\/\/hbg-koeln.de\/wp-content\/uploads\/2023\/05\/Abb-2.png 794w\" sizes=\"auto, (max-width: 300px) 100vw, 300px\" \/><\/a><\/p>\r\n<p><strong>Abb.2:<\/strong> Leuchtende Blutspur, HBG-Schriftzug.<\/p>\r\n<p><strong>Sekundarstufe II<\/strong><\/p>\r\n<p>In der gymnasialen Oberstufe k\u00f6nnen die F\u00e4cher Biologie, Physik und Chemie belegt werden.<\/p>\r\n<p><a href=\"http:\/\/hbg-koeln.de\/wp-content\/uploads\/2023\/05\/Abb-3.png\"><img loading=\"lazy\" decoding=\"async\" class=\"size-medium wp-image-9656 aligncenter\" src=\"http:\/\/hbg-koeln.de\/wp-content\/uploads\/2023\/05\/Abb-3-300x147.png\" alt=\"\" width=\"300\" height=\"147\" srcset=\"https:\/\/hbg-koeln.de\/wp-content\/uploads\/2023\/05\/Abb-3-300x147.png 300w, https:\/\/hbg-koeln.de\/wp-content\/uploads\/2023\/05\/Abb-3-1024x502.png 1024w, https:\/\/hbg-koeln.de\/wp-content\/uploads\/2023\/05\/Abb-3-768x376.png 768w, https:\/\/hbg-koeln.de\/wp-content\/uploads\/2023\/05\/Abb-3.png 1176w\" sizes=\"auto, (max-width: 300px) 100vw, 300px\" \/><\/a><\/p>\r\n<p><strong>Abb.3:<\/strong> Sch\u00fclerinnen und Sch\u00fcler experimentieren selbst\u00e4ndig im Chemieunterricht.<\/p>\r\n<p>Die r\u00e4umliche N\u00e4he zu Gro\u00dfkonzernen wie der Bayer AG erm\u00f6glicht Ausfl\u00fcge zu relevanten au\u00dferschulischen Lernorten.<\/p>\r\n<p><img decoding=\"async\" class=\"ngg-singlepic ngg-none\" src=\"http:\/\/hbg-koeln.de\/wp-content\/gallery\/hp-nw\/Abb3.JPG\" alt=\"Abb3\"><\/p>\r\n<p>Abb. 3: Sch\u00fclerinnen und Sch\u00fcler eines Biologie-Kurses im \u201eBaylab\u201c in Leverkusen.<\/p>\r\n<p><strong>Ausstattung<\/strong><\/p>\r\n<p>Es stehen insgesamt zw\u00f6lf gro\u00dfe, moderne und voll ausgestattete R\u00e4ume speziell f\u00fcr den naturwissenschaftlichen Unterricht zur Verf\u00fcgung. Jeder dieser R\u00e4ume verf\u00fcgt sowohl \u00fcber ein Tischarrangement wie im Klassenraum, als auch \u00fcber separate Tischgruppen, die extra zum Experimentieren genutzt werden k\u00f6nnen.<\/p>\r\n<p><a href=\"http:\/\/hbg-koeln.de\/wp-content\/uploads\/2023\/05\/Abb-5.png\"><img loading=\"lazy\" decoding=\"async\" class=\"size-medium wp-image-9657 aligncenter\" src=\"http:\/\/hbg-koeln.de\/wp-content\/uploads\/2023\/05\/Abb-5-300x112.png\" alt=\"\" width=\"300\" height=\"112\" srcset=\"https:\/\/hbg-koeln.de\/wp-content\/uploads\/2023\/05\/Abb-5-300x112.png 300w, https:\/\/hbg-koeln.de\/wp-content\/uploads\/2023\/05\/Abb-5-1024x381.png 1024w, https:\/\/hbg-koeln.de\/wp-content\/uploads\/2023\/05\/Abb-5-768x286.png 768w, https:\/\/hbg-koeln.de\/wp-content\/uploads\/2023\/05\/Abb-5.png 1105w\" sizes=\"auto, (max-width: 300px) 100vw, 300px\" \/><\/a><strong>Abb. 5:<\/strong> Naturwissenschaftlicher Unterrichtsraum.<\/p>\r\n<p>Diese Trennung erm\u00f6glicht es den Sch\u00fclerinnen und Sch\u00fclern, sich bei Untersuchungen und Experimenten voll und ganz auf die praktische Arbeit zu konzentrieren.&nbsp;&nbsp;&nbsp;&nbsp;&nbsp;&nbsp;&nbsp;&nbsp;&nbsp;&nbsp;&nbsp;&nbsp;&nbsp;&nbsp;&nbsp;&nbsp;&nbsp;&nbsp;&nbsp;<\/p>\r\n<p>Weiterhin ist jeder Raum mit Beamer, AppleTV und Dokumentenkamera ausgestattet, so dass die Sch\u00fclerinnen und Sch\u00fcler ihre Lernprodukte schnell und unkompliziert pr\u00e4sentieren k\u00f6nnen. F\u00fcr die interaktive Arbeit mit digitalen Medien steht zudem ein iPad-Wagen mit 32 iPads zur Verf\u00fcgung. Informations- und Lehrveranstaltungen k\u00f6nnen zus\u00e4tzlich auch in zwei verschiedenen&nbsp; H\u00f6rs\u00e4len stattfinden.<a href=\"http:\/\/hbg-koeln.de\/wp-content\/uploads\/2023\/05\/Abb-6-scaled.jpg\"><img loading=\"lazy\" decoding=\"async\" class=\"size-medium wp-image-9658 aligncenter\" src=\"http:\/\/hbg-koeln.de\/wp-content\/uploads\/2023\/05\/Abb-6-300x225.jpg\" alt=\"\" width=\"300\" height=\"225\" srcset=\"https:\/\/hbg-koeln.de\/wp-content\/uploads\/2023\/05\/Abb-6-300x225.jpg 300w, https:\/\/hbg-koeln.de\/wp-content\/uploads\/2023\/05\/Abb-6-1024x768.jpg 1024w, https:\/\/hbg-koeln.de\/wp-content\/uploads\/2023\/05\/Abb-6-768x576.jpg 768w, https:\/\/hbg-koeln.de\/wp-content\/uploads\/2023\/05\/Abb-6-1536x1152.jpg 1536w, https:\/\/hbg-koeln.de\/wp-content\/uploads\/2023\/05\/Abb-6-2048x1536.jpg 2048w\" sizes=\"auto, (max-width: 300px) 100vw, 300px\" \/><\/a><strong>Abb. 6:<\/strong> iPad-Wagen mit 32 iPads.<\/p>\r\n<p>Die N\u00e4he zum Erholungsgebiet F\u00fchlinger See kommt der Schule hier in besonderem Ma\u00dfe zugute. In den Stunden der Mittagsfreizeit stehen Angebote wie die Umwelt-Station zur Verf\u00fcgung.<\/p>\r\n<p>Den Bau einer Wasserrakete k\u00f6nnen Sie sich hier ansehen:<\/p>\r\n<div style=\"width: 352px;\" class=\"wp-video\"><video class=\"wp-video-shortcode\" id=\"video-5325-1\" width=\"352\" height=\"640\" preload=\"metadata\" controls=\"controls\"><source type=\"video\/mp4\" src=\"http:\/\/hbg-koeln.de\/wp-content\/uploads\/2022\/01\/Wasserraketen.mp4?_=1\" \/><a href=\"http:\/\/hbg-koeln.de\/wp-content\/uploads\/2022\/01\/Wasserraketen.mp4\">http:\/\/hbg-koeln.de\/wp-content\/uploads\/2022\/01\/Wasserraketen.mp4<\/a><\/video><\/div>\r\n<p><img decoding=\"async\" class=\"ngg-singlepic ngg-none\" src=\"http:\/\/hbg-koeln.de\/wp-content\/gallery\/hp-nw\/Abb5.JPG\" alt=\"Abb5\"><\/p>\r\n\r\nngg_shortcode_0_placeholder\r\n","protected":false},"excerpt":{"rendered":"<p>Sekundarstufe I Zu Beginn der schulischen Laufbahn in Jahrgangsstufe 5 und 6 werden die Lernenden im Fach Naturwissenschaften (NW) unterrichtet. Hierin werden Themenschwerpunkte der F\u00e4cher Biologie, Chemie und Physik vernetzend vermittelt. Ab Jahrgangsstufe 7 werden die<a class=\"moretag\" href=\"https:\/\/hbg-koeln.de\/?page_id=5325\">Read More&#8230;<\/a><\/p>\n","protected":false},"author":7,"featured_media":0,"parent":0,"menu_order":0,"comment_status":"closed","ping_status":"closed","template":"","meta":{"ngg_post_thumbnail":0,"footnotes":""},"class_list":["post-5325","page","type-page","status-publish","hentry"],"_links":{"self":[{"href":"https:\/\/hbg-koeln.de\/index.php?rest_route=\/wp\/v2\/pages\/5325","targetHints":{"allow":["GET"]}}],"collection":[{"href":"https:\/\/hbg-koeln.de\/index.php?rest_route=\/wp\/v2\/pages"}],"about":[{"href":"https:\/\/hbg-koeln.de\/index.php?rest_route=\/wp\/v2\/types\/page"}],"author":[{"embeddable":true,"href":"https:\/\/hbg-koeln.de\/index.php?rest_route=\/wp\/v2\/users\/7"}],"replies":[{"embeddable":true,"href":"https:\/\/hbg-koeln.de\/index.php?rest_route=%2Fwp%2Fv2%2Fcomments&post=5325"}],"version-history":[{"count":8,"href":"https:\/\/hbg-koeln.de\/index.php?rest_route=\/wp\/v2\/pages\/5325\/revisions"}],"predecessor-version":[{"id":9661,"href":"https:\/\/hbg-koeln.de\/index.php?rest_route=\/wp\/v2\/pages\/5325\/revisions\/9661"}],"wp:attachment":[{"href":"https:\/\/hbg-koeln.de\/index.php?rest_route=%2Fwp%2Fv2%2Fmedia&parent=5325"}],"curies":[{"name":"wp","href":"https:\/\/api.w.org\/{rel}","templated":true}]}}