{"id":5345,"date":"2017-03-29T20:59:12","date_gmt":"2017-03-29T18:59:12","guid":{"rendered":"http:\/\/hbg-koeln.de\/?page_id=5345"},"modified":"2024-12-04T15:13:37","modified_gmt":"2024-12-04T14:13:37","slug":"franzoesisch-2","status":"publish","type":"page","link":"https:\/\/hbg-koeln.de\/?page_id=5345","title":{"rendered":"Franz\u00f6sisch"},"content":{"rendered":"<p>Die Franz\u00f6sischklassen nehmen regelm\u00e4\u00dfig am franz\u00f6sischen Kinder- und Jugendfilmfestival &#8222;Cin\u00e9F\u00eate&#8220; teil. Die Sch\u00fclerInnen schauen einen franz\u00f6sischsprachigen Film, der im Unterricht vor- und nachbereitet wird.&nbsp;<\/p>\r\n<p>Bei einem Tagesausflug ins Nachbarland Belgien im ersten Lernjahr wenden die Sch\u00fclerInnen ihr erlerntes Wissen im Rahmen eines kurzen Einkaufsdialoges an.<\/p>\r\n<p>Im dritten Lernjahr fahren die Sch\u00fclerInnen f\u00fcr einen Tag nach Li\u00e8ge und wenden ihr erworbenes Wissen im Rahmen einer Stadtrallye an.<\/p>\r\n<p>Bei einer freiwilligen mehrt\u00e4gigen Fahrt nach Lille im vierten Lernjahr besuchen die Sch\u00fclerInnen unsere Partnerstadt Lille. Dort besteht die M\u00f6glichkeit, eine franz\u00f6sische Schule kennenzulernen und sich mit franz\u00f6sischen Sch\u00fclerInnen auszutauschen. Seit 2017 haben wir Kontakt zu zwei Schulen in Lille.<\/p>\r\n<p>Ab dem Schuljahr 2019\/20 bieten wir eine DELF-IG an. Hier k\u00f6nnen interessierte Sch\u00fclerInnen das international anerkannte &#8222;dipl\u00f4me d&#8217;\u00e9tudes en langue fran\u00e7aise&#8220; ablegen.<\/p>\r\n<p><a href=\"http:\/\/hbg-koeln.de\/wp-content\/uploads\/2024\/12\/Franzoesisch-2024.pdf\">Franzo\u0308sisch-2024<\/a><\/p>\r\n<!-- \/wp:post-content -->","protected":false},"excerpt":{"rendered":"<p>Die Franz\u00f6sischklassen nehmen regelm\u00e4\u00dfig am franz\u00f6sischen Kinder- und Jugendfilmfestival &#8222;Cin\u00e9F\u00eate&#8220; teil. Die Sch\u00fclerInnen schauen einen franz\u00f6sischsprachigen Film, der im Unterricht vor- und nachbereitet wird.&nbsp; Bei einem Tagesausflug ins Nachbarland Belgien im ersten Lernjahr wenden die Sch\u00fclerInnen<a class=\"moretag\" href=\"https:\/\/hbg-koeln.de\/?page_id=5345\">Read More&#8230;<\/a><\/p>\n","protected":false},"author":7,"featured_media":0,"parent":0,"menu_order":0,"comment_status":"closed","ping_status":"closed","template":"","meta":{"ngg_post_thumbnail":0,"footnotes":""},"class_list":["post-5345","page","type-page","status-publish","hentry"],"_links":{"self":[{"href":"https:\/\/hbg-koeln.de\/index.php?rest_route=\/wp\/v2\/pages\/5345","targetHints":{"allow":["GET"]}}],"collection":[{"href":"https:\/\/hbg-koeln.de\/index.php?rest_route=\/wp\/v2\/pages"}],"about":[{"href":"https:\/\/hbg-koeln.de\/index.php?rest_route=\/wp\/v2\/types\/page"}],"author":[{"embeddable":true,"href":"https:\/\/hbg-koeln.de\/index.php?rest_route=\/wp\/v2\/users\/7"}],"replies":[{"embeddable":true,"href":"https:\/\/hbg-koeln.de\/index.php?rest_route=%2Fwp%2Fv2%2Fcomments&post=5345"}],"version-history":[{"count":4,"href":"https:\/\/hbg-koeln.de\/index.php?rest_route=\/wp\/v2\/pages\/5345\/revisions"}],"predecessor-version":[{"id":10475,"href":"https:\/\/hbg-koeln.de\/index.php?rest_route=\/wp\/v2\/pages\/5345\/revisions\/10475"}],"wp:attachment":[{"href":"https:\/\/hbg-koeln.de\/index.php?rest_route=%2Fwp%2Fv2%2Fmedia&parent=5345"}],"curies":[{"name":"wp","href":"https:\/\/api.w.org\/{rel}","templated":true}]}}