{"id":585,"date":"2012-09-16T08:29:51","date_gmt":"2012-09-16T06:29:51","guid":{"rendered":"http:\/\/hbg-koeln.de\/?page_id=585"},"modified":"2019-08-20T15:04:19","modified_gmt":"2019-08-20T13:04:19","slug":"leistungssport","status":"publish","type":"page","link":"https:\/\/hbg-koeln.de\/?page_id=585","title":{"rendered":"Leistungssport"},"content":{"rendered":"<h1>Partnerschule des Leistungssports<\/h1>\n<p>\u00dcber das schulische Angebot hinaus will unsere Schule helfen, sportliche Talente zu entdecken und zu f\u00f6rdern. Dies geschieht durch enge Zusammenarbeit der Schule mit zwei Vereinen:<\/p>\n<h2>Vereine:<\/h2>\n<ul>\n<li>Radsport: RSG Heinrich-B\u00f6ll-Gesamtschule<\/li>\n<li>Rudern: RTHC Leverkusen (Partnerverein)<\/li>\n<\/ul>\n<h2>Ma\u00dfnahmen:<\/h2>\n<ul>\n<li>Sportprofilklasse in der Sekundarstufe I<\/li>\n<li>Schulsport mit LK-Sport in der Oberstufe<\/li>\n<li>Sport-AGs &#8211; Talentsichtung<\/li>\n<li>Hausaufgabenbetreuung \/ Nachhilfe f\u00fcr Leistungssportler<\/li>\n<li>Mittagessen &#8211; Schulmensa<\/li>\n<li>Leistungssport im Verein &#8211; Talentf\u00f6rderung<\/li>\n<li>Trainingspl\u00e4ne &#8211; an die Stundenpl\u00e4ne angepasst<\/li>\n<\/ul>\n<h2><img decoding=\"async\" class=\"ngg-singlepic ngg-center\" src=\"http:\/\/hbg-koeln.de\/wp-content\/gallery\/allgemeine-bilder\/rsg.jpg\" alt=\"rsg\"><\/h2>\n<h2>Schule:<\/h2>\n<p>Im Ganztagsunterricht in den 5. und 6. Klassen werden zahlreiche Sport AGs wie Radsport und Rudern, aber auch Basketball, Fu\u00dfball, Tennis u.a. angeboten. In den 7. bis 10. Klassen stellt die Schule regelm\u00e4\u00dfig sehr erfolgreiche Schulmannschaften, insbesondere in den Sportarten Radsport, Rudern, Fu\u00dfball und Basketball. Das breitgef\u00e4cherte Sportangebot rundet dann in der gymnasialen Oberstufe der Heinrich-B\u00f6ll-Gesamtschule der Leistungskurs Sport ab.<\/p>\n<p>Ein enges Zusammenwirken mit den Sportfachverb\u00e4nden und den \u00f6rtlichen Sportvereinen hat die Schule seit vielen Jahren zum verl\u00e4sslichen Partner f\u00fcr die Talentsichtung und Talentf\u00f6rderung im K\u00f6lner Norden gemacht.<\/p>\n<p>Davon profitiert in besonderem Ma\u00dfe auch das Sportangebot der Sportprofilklasse in der Sekundarstufe I (eine von 8 Klassen im Jahrgang).<\/p>\n<p>Auch andere Schulen aus dem K\u00f6lner Norden arbeiten eng mit der Heinrich-B\u00f6ll-Gesamtschule im Projekt zusammen, wie z. B. die Waldorfschule Chorweiler, die Gesamtschule Bocklem\u00fcnd u.v.a.<\/p>\n<p>Damit die schulischen Anforderungen an die Sportler optimal erf\u00fcllt werden k\u00f6nnen, gibt es seit 2000 die Einrichtung einer festen Nachhilfe und Hausaufgabenbetreuung durch Lehrkr\u00e4fte der Schule.<\/p>\n<h2>Radsport:<\/h2>\n<p>Die RSG Heinrich-B\u00f6ll-Gesamtschule stellt einen Fahrradkeller mit 40 Stra\u00dfenrennr\u00e4dern zur Verf\u00fcgung.<\/p>\n<p>Ein idealer Raum f\u00fcr die Hausaufgabenbetreuung und Freizeitgestaltung ist der Radsportraum mit angrenzender Werkstatt und Duschen \/ Toiletten. Der gesamte Radsportbereich ist \u00fcber einen Nebeneingang erreichbar und ist deshalb auch au\u00dferhalb der Schulzeiten und am Wochenende zug\u00e4nglich.<\/p>\n<p>Auf der Radrennbahn in K\u00f6ln-M\u00fcngersdorf steht den Sch\u00fclern eine eigene Kabine mit 20 Bahnrennr\u00e4dern zur Verf\u00fcgung. Der Weg zum Rad-Stadion K\u00f6ln (Chorweiler &#8211; M\u00fcngersdorf) wird aus radsportlichen Gr\u00fcnden grunds\u00e4tzlich mit dem Rennrad zur\u00fcckgelegt (10 km).<\/p>\n<p>Die wenig befahrenen Nebenwege und Gr\u00fcnanlagen des K\u00f6lner Nordens sind optimale Trainingsst\u00e4tten f\u00fcr das Stra\u00dfentraining. Die Sporthallen der Schule, der Kraftraum und die Gr\u00fcnanlage bieten auch f\u00fcr das Radsportwintertraining ideale Bedingungen. Die RSG arbeitet seit langem mit dem Radsportverein RRC G\u00fcnther &#8211; K\u00f6ln-Longerich als weiterem Partnerverein eng im Training und der Wettkampfbetreuung zusammen (Trainingsgemeinschaft).<\/p>\n<h2>Rudern:<\/h2>\n<p>In nur 500 m Luftlinie Entfernung befindet sich die Regattastrecke des F\u00fchlinger Sees mit Ruderinfrastruktur (Bootshaus, st\u00e4dtische Boote, Vereine). Der Partnerverein RTHC Leverkusen betreut hier sowohl die AG-Sch\u00fcler als auch die Schulmannschaften. Leistungsruderer werden bis zur deutschen Spitze herangef\u00fchrt und auch bei internationalen Wettk\u00e4mpfen gef\u00f6rdert.<\/p>\n<h2>Ansprechpartner:<\/h2>\n<table style=\"width: 621px; height: 218px;\" border=\"0\" align=\"center\">\n<tbody>\n<tr>\n<td style=\"background-color: #4682b4;\"><strong>Heinrich-B\u00f6ll-Gesamtschule<\/strong><\/td>\n<td style=\"background-color: #4682b4;\"><strong>Projektleiter Radsport<\/strong><\/td>\n<\/tr>\n<tr>\n<td valign=\"top\">J\u00f6rg Dammertz (stellvertr.Schulleiter)<br \/>\nTel.: (0221) 26 10 70<br \/>\nFax: (0221) 7 08 79 43<\/td>\n<td valign=\"top\">W. Schleicher&nbsp;(Dipl.-Sportlehrer)<br \/>\nTel.: (0221) 7 00 15 32 (Di. + Do.)<br \/>\n(0221) 94 97 61-20 (Mo., Mi., Fr.)<br \/>\nFax: (0221) 94 97 61-25<br \/>\nMobil:&nbsp;0152 54548084<\/td>\n<\/tr>\n<tr>\n<td valign=\"top\">info@hbg-koeln.de<\/td>\n<td valign=\"top\">radstadion.koeln@netcologne.de<\/td>\n<\/tr>\n<tr>\n<td>&nbsp;<\/td>\n<td>&nbsp;<\/td>\n<\/tr>\n<tr>\n<td style=\"background-color: #4682b4;\"><strong>Projektleiter Rudern<\/strong><\/td>\n<td style=\"background-color: #4682b4;\"><strong>Olympiast\u00fctzpunkt<\/strong><br \/>\n<strong>K\u00f6ln-Bonn-Leverkusen<\/strong><\/td>\n<\/tr>\n<tr>\n<td valign=\"top\">Ralf M\u00fcller<br \/>\nMobil: 0160 &#8211; 9 72 41 688<\/td>\n<td valign=\"top\">Michael Scharf&nbsp;(OSP-Leiter)<br \/>\nTel.: (0221) 48 62 64<\/td>\n<\/tr>\n<tr>\n<td valign=\"top\">&nbsp;<\/td>\n<td valign=\"top\">info@osp-koeln.de<\/td>\n<\/tr>\n<\/tbody>\n<\/table>\n<p>&nbsp;<\/p>\n","protected":false},"excerpt":{"rendered":"<p>Partnerschule des Leistungssports \u00dcber das schulische Angebot hinaus will unsere Schule helfen, sportliche Talente zu entdecken und zu f\u00f6rdern. Dies geschieht durch enge Zusammenarbeit der Schule mit zwei Vereinen: Vereine: Radsport: RSG Heinrich-B\u00f6ll-Gesamtschule Rudern: RTHC Leverkusen<a class=\"moretag\" href=\"https:\/\/hbg-koeln.de\/?page_id=585\">Read More&#8230;<\/a><\/p>\n","protected":false},"author":1,"featured_media":0,"parent":0,"menu_order":0,"comment_status":"closed","ping_status":"open","template":"","meta":{"ngg_post_thumbnail":0,"footnotes":""},"class_list":["post-585","page","type-page","status-publish","hentry"],"_links":{"self":[{"href":"https:\/\/hbg-koeln.de\/index.php?rest_route=\/wp\/v2\/pages\/585","targetHints":{"allow":["GET"]}}],"collection":[{"href":"https:\/\/hbg-koeln.de\/index.php?rest_route=\/wp\/v2\/pages"}],"about":[{"href":"https:\/\/hbg-koeln.de\/index.php?rest_route=\/wp\/v2\/types\/page"}],"author":[{"embeddable":true,"href":"https:\/\/hbg-koeln.de\/index.php?rest_route=\/wp\/v2\/users\/1"}],"replies":[{"embeddable":true,"href":"https:\/\/hbg-koeln.de\/index.php?rest_route=%2Fwp%2Fv2%2Fcomments&post=585"}],"version-history":[{"count":23,"href":"https:\/\/hbg-koeln.de\/index.php?rest_route=\/wp\/v2\/pages\/585\/revisions"}],"predecessor-version":[{"id":6639,"href":"https:\/\/hbg-koeln.de\/index.php?rest_route=\/wp\/v2\/pages\/585\/revisions\/6639"}],"wp:attachment":[{"href":"https:\/\/hbg-koeln.de\/index.php?rest_route=%2Fwp%2Fv2%2Fmedia&parent=585"}],"curies":[{"name":"wp","href":"https:\/\/api.w.org\/{rel}","templated":true}]}}