{"id":601,"date":"2012-09-16T12:08:23","date_gmt":"2012-09-16T10:08:23","guid":{"rendered":"http:\/\/hbg-koeln.de\/?page_id=601"},"modified":"2021-11-01T16:35:02","modified_gmt":"2021-11-01T15:35:02","slug":"601-2","status":"publish","type":"page","link":"https:\/\/hbg-koeln.de\/?page_id=601","title":{"rendered":"Schulsanit\u00e4tsteam"},"content":{"rendered":"<h1>Schulsanit\u00e4tsteam<\/h1>\n<p><strong><u>20 neue Schulsanis wurden ausgebildet (29.10.2021)<br \/>\n<\/u><\/strong><\/p>\n<p>Letzte Woche wurden wieder 20 Sch\u00fclerInnen des 9ten Jahrgangs als Schulsanit\u00e4ter\/innen ausgebildet. Die Sch\u00fcler\/innen lernten an zwei Tagen kleine Wunden zu versorgen, Verb\u00e4nde anzulegen bis hin zu der stabilen Seitenlage, Herzdruckmassage, die Anwendung des Defibrillators, das richtige Absetzen des Notrufs und vieles mehr\u2026 Es hat allen Beteiligten sehr viel Spa\u00df gemacht, da es zum theoretischen Teil auch viel Praxis gab. Jede\/r Sch\u00fcler\/in konnte viel ausprobieren und alle offenen Fragen wurden beantwortet. Ab sofort k\u00f6nnen die neu ausgebildeten Schulsanit\u00e4ter\/innen aktiv ihr neues Wissen umsetzen und verletzten Mitsch\u00fclern\/innen an unserer Schule helfen. <em>(Britta Mandok und Eva Grotendorst)<\/em><\/p>\n<p><img loading=\"lazy\" decoding=\"async\" class=\" wp-image-8365 alignleft\" src=\"http:\/\/hbg-koeln.de\/wp-content\/uploads\/2021\/11\/01-Sani.jpg\" alt=\"\" width=\"635\" height=\"476\" srcset=\"https:\/\/hbg-koeln.de\/wp-content\/uploads\/2021\/11\/01-Sani.jpg 412w, https:\/\/hbg-koeln.de\/wp-content\/uploads\/2021\/11\/01-Sani-300x225.jpg 300w\" sizes=\"auto, (max-width: 635px) 100vw, 635px\" \/><\/p>\n","protected":false},"excerpt":{"rendered":"<p>Schulsanit\u00e4tsteam 20 neue Schulsanis wurden ausgebildet (29.10.2021) Letzte Woche wurden wieder 20 Sch\u00fclerInnen des 9ten Jahrgangs als Schulsanit\u00e4ter\/innen ausgebildet. Die Sch\u00fcler\/innen lernten an zwei Tagen kleine Wunden zu versorgen, Verb\u00e4nde anzulegen bis hin zu der stabilen<a class=\"moretag\" href=\"https:\/\/hbg-koeln.de\/?page_id=601\">Read More&#8230;<\/a><\/p>\n","protected":false},"author":1,"featured_media":0,"parent":0,"menu_order":0,"comment_status":"closed","ping_status":"open","template":"","meta":{"ngg_post_thumbnail":0,"footnotes":""},"class_list":["post-601","page","type-page","status-publish","hentry"],"_links":{"self":[{"href":"https:\/\/hbg-koeln.de\/index.php?rest_route=\/wp\/v2\/pages\/601","targetHints":{"allow":["GET"]}}],"collection":[{"href":"https:\/\/hbg-koeln.de\/index.php?rest_route=\/wp\/v2\/pages"}],"about":[{"href":"https:\/\/hbg-koeln.de\/index.php?rest_route=\/wp\/v2\/types\/page"}],"author":[{"embeddable":true,"href":"https:\/\/hbg-koeln.de\/index.php?rest_route=\/wp\/v2\/users\/1"}],"replies":[{"embeddable":true,"href":"https:\/\/hbg-koeln.de\/index.php?rest_route=%2Fwp%2Fv2%2Fcomments&post=601"}],"version-history":[{"count":5,"href":"https:\/\/hbg-koeln.de\/index.php?rest_route=\/wp\/v2\/pages\/601\/revisions"}],"predecessor-version":[{"id":8366,"href":"https:\/\/hbg-koeln.de\/index.php?rest_route=\/wp\/v2\/pages\/601\/revisions\/8366"}],"wp:attachment":[{"href":"https:\/\/hbg-koeln.de\/index.php?rest_route=%2Fwp%2Fv2%2Fmedia&parent=601"}],"curies":[{"name":"wp","href":"https:\/\/api.w.org\/{rel}","templated":true}]}}