{"id":623,"date":"2012-09-18T22:40:14","date_gmt":"2012-09-18T20:40:14","guid":{"rendered":"http:\/\/hbg-koeln.de\/?page_id=623"},"modified":"2013-02-24T10:41:37","modified_gmt":"2013-02-24T08:41:37","slug":"gymnasiale-oberstufe","status":"publish","type":"page","link":"https:\/\/hbg-koeln.de\/?page_id=623","title":{"rendered":"Gymnasiale Oberstufe (allgemein)"},"content":{"rendered":"<h1>Gymnasiale Oberstufe<\/h1>\n<p>Die Gymnasiale Oberstufe der Heinrich-B\u00f6ll-Gesamtschule<\/p>\n<ul>\n<li>unterrichtet in den Jahrg\u00e4ngen der Oberstufe etwa 100 Sch\u00fcler und Sch\u00fclerinnen (pro Jahrgang)<\/li>\n<li>vergibt alle Abschl\u00fcsse der gymnasialen Oberstufe<\/li>\n<li>verf\u00fcgt \u00fcber ein breites F\u00e4cherangebot<\/li>\n<li>legt gro\u00dfen Wert auf qualifizierten Unterricht<\/li>\n<li>bietet eine intensive Schullaufbahnberatung<\/li>\n<li>f\u00f6rdert die Selbst\u00e4ndigkeit und Lernkompetenz<\/li>\n<li>bereitet gezielt auf Studium und Beruf vor<\/li>\n<li>bietet Internetzugang in allen Kurs- und Arbeitsr\u00e4umen<\/li>\n<li>verf\u00fcgt \u00fcber hervorragende Sportm\u00f6glichkeiten<\/li>\n<\/ul>\n<p>Die Oberstufe einer Gesamtschule entspricht in Organisationsform, in Inhalt und Anforderungen den Oberstufen an Gymnasien.<\/p>\n<ul>\n<li>Das Ziel ist dementsprechend das Abitur, die Allgemeine Hochschulreife, nach Jahrgangstufe 13 (Q2).<\/li>\n<li>Die Schullaufbahn kann aber auch schon vorher nach Jahrgang 12 (Q1) mit dem schulischen Teil der Fachhochschulreife beendet werden.<\/li>\n<\/ul>\n<h2>Das F\u00e4cherangebot<\/h2>\n<p>Das F\u00e4cherangebot an der Heinrich-B\u00f6ll-Gesamtschule ist aufgrund der recht hohen Sch\u00fclerzahl pro Jahrgang sehr reichhaltig:<\/p>\n<table style=\"width: 700px;\" border=\"0\" align=\"center\">\n<tbody>\n<tr>\n<td valign=\"top\">\n<ul>\n<li>Deutsch<\/li>\n<li>Englisch<\/li>\n<li>Franz\u00f6sisch<\/li>\n<li>Spanisch (ab 11)<\/li>\n<li>Latein (ab 9)<\/li>\n<\/ul>\n<\/td>\n<td valign=\"top\">\n<ul>\n<li>Geschichte<\/li>\n<li>Sozialwissenschaften<\/li>\n<li>P\u00e4dagogik<\/li>\n<li>Philosophie<\/li>\n<li>Religionslehre<\/li>\n<\/ul>\n<\/td>\n<td valign=\"top\">\n<ul>\n<li>Mathematik<\/li>\n<li>Physik<\/li>\n<li>Chemie<\/li>\n<li>Biologie<\/li>\n<li>Informatik<\/li>\n<\/ul>\n<\/td>\n<td valign=\"top\">\n<ul>\n<li>Kunst<\/li>\n<li>Musik<\/li>\n<li>Literatur<\/li>\n<li>Sport<\/li>\n<\/ul>\n<\/td>\n<\/tr>\n<\/tbody>\n<\/table>\n<p>Leistungskurse werden in der Regel in den F\u00e4chern Deutsch, Englisch, Geschichte, P\u00e4dagogik, Mathematik, Biologie und Sport angeboten.<\/p>\n<p>In der Jahrgangsstufen 11 (EF) und 12 (Q1) werden Vertiefungskurse zur fachlichen F\u00f6rderung in den F\u00e4chern Mathematik, Englisch und Deutsch angeboten. In der Jahrgangstufe 12 (Q1) werden Projektkurse in unterschiedlichen F\u00e4cherkombinationen vor dem Hintergrund einer Exzellenzf\u00f6rderung angeboten<\/p>\n<h2>Der Unterricht:<\/h2>\n<p>Grundlagen des Unterrichts sind die Richtlinien und Lehrpl\u00e4ne f\u00fcr die gymnasiale Oberstufe.<\/p>\n<p>Im Unterricht unserer Oberstufe wird auf der einen Seite den Sch\u00fclerInnen ein hohes Ma\u00df an Hilfestellungen zum Erreichen des Lernzieles angeboten, auf der anderen Seite wird aber auch der Wille zum erfolgreichen Lernen, d.h. ein hohes Ma\u00df an Eigeninitiative bei den Sch\u00fclerInnen vorausgesetzt.<\/p>\n<p>Wir arbeiten mit modernen Formen des eigenverantwortlichen Lernens und legen dem Unterricht aktuelle Themen zugrunde.<\/p>\n<h2>Laufbahnberatung:<\/h2>\n<p>F\u00fcr eine intensive Schullaufbahnberatung und \u2013betreuung stehen jeder Jahrgangsstufe je 2 BeratungslehrerInnen zur Verf\u00fcgung, die sich individuell um die schulischen Belange jedes Sch\u00fclers und jeder Sch\u00fclerin und des gesamten Jahrgangs k\u00fcmmern.\u00a0Wir sichern unserer Sch\u00fclerInnen eine umfassende Beratung und eine bestm\u00f6gliche Betreuung zu.<\/p>\n<h2>Selbst\u00e4ndiges und eigenverantwortliches Lernen<\/h2>\n<p>Selbst\u00e4ndiges und eigenverantwortliches Lernen steht im Zentrum der Arbeit in der Oberstufe an der Heinrich-B\u00f6ll-Gesamtschule. Hierf\u00fcr steht den Sch\u00fclerInnen u.a. die Bibliothek und ein Oberstufenarbeitsraum, das sogenannte Oberstufenzentrum (OZ), zur Verf\u00fcgung.<\/p>\n<p>Unsere umfangreiche Bibliothek mit einem Bestand von etwa 40.000 Exemplaren l\u00e4dt durch ihre helle und freundliche Atmosph\u00e4re zum Arbeiten ein. Hier werden die Sch\u00fclerInnen durch die beiden hilfsbereiten Bibliothekare stets dabei unterst\u00fctzt, einschl\u00e4gige Fachliteratur zu finden und zu bearbeiten. Neben umfassenden Nachschlagewerken besitzt unsere Bibliothek neueste Fachliteratur zu allen Wissensgebieten sowie Zeitschriften und Belletristik. Allen Sch\u00fclerInnen der Oberstufe stehen hier zwei moderne Internet-Arbeitspl\u00e4tze zur Verf\u00fcgung.<\/p>\n<p>Bibliothek, Sch\u00fclerarbeitsraum und alle Kursr\u00e4ume sind k\u00fcnftig mit internetf\u00e4higen Computern ausgestattet. So stehen online-Informationen f\u00fcr individuelle Recherche und Einsatz im Unterricht zur Verf\u00fcgung.<\/p>\n<h2>Bewusste und fundierte Berufs- und Studienwahl<\/h2>\n<p>Ein besonderes Anliegen unserer Oberstufe ist es, Sch\u00fclerInnen in die Lage zu versetzen, nach dem Abitur eine m\u00f6glichst bewusste und fundierte Berufs- und Studienwahl zu treffen. Hier arbeiten wir eng mit den Berufsberatern der Bundesanstalt f\u00fcr Arbeit zusammen. Neben etlichen Informationstagen finden mehrere Pr\u00e4senztage unsereres Beraters, Herrn Dr\u00e4ger, f\u00fcr die individuelle Beratung der Sch\u00fclerInnen statt.<\/p>\n<h2>Projekte und Studienfahrten<\/h2>\n<p>In jedem Herbst findet eine Projektwoche statt:<\/p>\n<ul>\n<li>In der Jahrgangsstufe 11 (EF) erarbeiten Sch\u00fclerInnen eine Pr\u00e4sentation eines selbst ausgew\u00e4hlten Themenbereiches aus dem Oberstufencurriculum.<\/li>\n<li>In der Jahrgangsstufe 12 (Q1) findet eine ausf\u00fchrliche Ein\u00fcbung aller f\u00fcr die Anfertigung der Facharbeit erforderlichen\u00a0Arbeitstechniken statt. Im Zusammenarbeit mit der Stadtbibliothek K\u00f6ln wird insbesondere in Verfahren der Online-Recherche eingef\u00fchrt.<\/li>\n<li>In der Projektwoche der Jahrgangsstufe 13 (Q2) haben die Leistungskurse Gelegenheit eine Studienfahrt ins Ausland durchzuf\u00fchren.<\/li>\n<\/ul>\n<p>&nbsp;<\/p>\n<p>&nbsp;<\/p>\n","protected":false},"excerpt":{"rendered":"<p>Gymnasiale Oberstufe Die Gymnasiale Oberstufe der Heinrich-B\u00f6ll-Gesamtschule unterrichtet in den Jahrg\u00e4ngen der Oberstufe etwa 100 Sch\u00fcler und Sch\u00fclerinnen (pro Jahrgang) vergibt alle Abschl\u00fcsse der gymnasialen Oberstufe verf\u00fcgt \u00fcber ein breites F\u00e4cherangebot legt gro\u00dfen Wert auf qualifizierten<a class=\"moretag\" href=\"https:\/\/hbg-koeln.de\/?page_id=623\">Read More&#8230;<\/a><\/p>\n","protected":false},"author":1,"featured_media":0,"parent":0,"menu_order":0,"comment_status":"closed","ping_status":"open","template":"","meta":{"ngg_post_thumbnail":0,"footnotes":""},"class_list":["post-623","page","type-page","status-publish","hentry"],"_links":{"self":[{"href":"https:\/\/hbg-koeln.de\/index.php?rest_route=\/wp\/v2\/pages\/623","targetHints":{"allow":["GET"]}}],"collection":[{"href":"https:\/\/hbg-koeln.de\/index.php?rest_route=\/wp\/v2\/pages"}],"about":[{"href":"https:\/\/hbg-koeln.de\/index.php?rest_route=\/wp\/v2\/types\/page"}],"author":[{"embeddable":true,"href":"https:\/\/hbg-koeln.de\/index.php?rest_route=\/wp\/v2\/users\/1"}],"replies":[{"embeddable":true,"href":"https:\/\/hbg-koeln.de\/index.php?rest_route=%2Fwp%2Fv2%2Fcomments&post=623"}],"version-history":[{"count":8,"href":"https:\/\/hbg-koeln.de\/index.php?rest_route=\/wp\/v2\/pages\/623\/revisions"}],"predecessor-version":[{"id":625,"href":"https:\/\/hbg-koeln.de\/index.php?rest_route=\/wp\/v2\/pages\/623\/revisions\/625"}],"wp:attachment":[{"href":"https:\/\/hbg-koeln.de\/index.php?rest_route=%2Fwp%2Fv2%2Fmedia&parent=623"}],"curies":[{"name":"wp","href":"https:\/\/api.w.org\/{rel}","templated":true}]}}