{"id":6808,"date":"2019-12-09T22:24:40","date_gmt":"2019-12-09T20:24:40","guid":{"rendered":"http:\/\/hbg-koeln.de\/?page_id=6808"},"modified":"2023-11-30T10:50:29","modified_gmt":"2023-11-30T09:50:29","slug":"schulbibliothek","status":"publish","type":"page","link":"https:\/\/hbg-koeln.de\/?page_id=6808","title":{"rendered":"Schulbibliothek"},"content":{"rendered":"\r\n<p>In der Heinrich-B\u00f6ll-Gesamtschule gibt es neben dem klassischen Unterricht auch einige weitere Institutionen, die allen Sch\u00fclerinnen und Sch\u00fclern kostenfrei zur Verf\u00fcgung stehen. Eine davon ist unsere spannende Schulbibliothek.<br>Die Bibi ist gro\u00df, gem\u00fctlich und l\u00e4dt zum Lesen, Lernen und Zur\u00fcckziehen ein. Aber auch ganze Schulklassen sind bei uns willkommen, f\u00fcr die wir gerne \u201eHandapparate\u201c zu verschiedenen Themen zusammenstellen k\u00f6nnen.<br>Wer nun denkt, in der Bibi gibt es nur B\u00fccher zum Lernen, der irrt sich gl\u00fccklicherweise, denn wir haben noch einiges mehr zu bieten:<br>Unser Bestand teilt sich in f\u00fcnf gro\u00dfe Bereiche auf:<br>1. Kinder- und Jugendliteratur (gelbes Etikett), <br>2. Kinder- und Jugendsachb\u00fccher (blaues Etikett)<br>3. Romane von A-Z (rotes Etikett), <br>4. B\u00fccher f\u00fcr \u201ejunge Erwachsene\u201c (oranges Etikett)<br>5. Fachliteratur (wei\u00dfes Etikett)<br>Au\u00dferdem haben wir noch viele kleinere Bestandsgruppen, wie z. B. Lern- und Lekt\u00fcrehilfen, Comics, Mangas, DVDs usw.<br>Wir haben von den K\u00f6lner Gesamtschulen den zweitgr\u00f6\u00dften Bestand und somit gibt es so gut wie nichts, was wir nicht haben! Und falls das doch mal vorkommen sollte, dann k\u00f6nnt ihr euch sogar B\u00fccher w\u00fcnschen!<br>Die Bibi ist eine Ruhezone. Deshalb sind die obersten Regeln, leise zu sein und das Handy nicht zu benutzen.<br>Wenn wir von uns reden, dann sprechen wir von den Menschen, die in der Bibi arbeiten und Euch immer mit Rat und Tat zur Seite stehen: Conny und Julia.<br>Kommt gerne mal vorbei und macht Euch Euer eigenes Bild! Bestimmt ist ein spannendes Buch f\u00fcr Euch dabei!<br>Wir freuen uns!<br><strong>\u00d6ffnungszeiten Bibliothek (Raum C 140):<\/strong><\/p>\r\n<p><span data-contrast=\"none\">Montags, mittwochs und donnerstags von 09:00 Uhr bis 14:30 Uhr<\/span><span data-ccp-props=\"{&quot;201341983&quot;:0,&quot;335559739&quot;:0,&quot;335559740&quot;:259}\">&nbsp;<\/span><\/p>\r\n<p><span data-contrast=\"none\">dienstags: 9:00 Uhr bis 14:00 Uhr<\/span><span data-ccp-props=\"{&quot;134233117&quot;:false,&quot;134233118&quot;:false,&quot;201341983&quot;:0,&quot;335559738&quot;:0,&quot;335559739&quot;:0,&quot;335559740&quot;:240}\">&nbsp;<\/span><\/p>\r\n<p><span data-contrast=\"none\">freitags: 9:00 Uhr bis 13:00 Uhr<\/span><span data-ccp-props=\"{&quot;134233117&quot;:false,&quot;134233118&quot;:false,&quot;201341983&quot;:0,&quot;335559738&quot;:0,&quot;335559739&quot;:360,&quot;335559740&quot;:240}\">&nbsp;<\/span><\/p>\r\n<p><span data-contrast=\"none\">Kontakt:<\/span> <span data-contrast=\"none\">bibliothek@hbg-koeln.de<\/span><span data-ccp-props=\"{&quot;134233117&quot;:false,&quot;134233118&quot;:false,&quot;201341983&quot;:0,&quot;335559738&quot;:0,&quot;335559739&quot;:360,&quot;335559740&quot;:240}\">&nbsp;<\/span><\/p>\r\n<p><span data-contrast=\"none\">Julia Rollert (Bibliotheksleitung) <\/span> <span data-contrast=\"none\">Telefon: 0221 \/ 26107 &#8211; 65<\/span> <span data-ccp-props=\"{&quot;134233117&quot;:false,&quot;134233118&quot;:false,&quot;201341983&quot;:0,&quot;335559738&quot;:0,&quot;335559739&quot;:0,&quot;335559740&quot;:240}\">&nbsp;<\/span><\/p>\r\n<p><span data-contrast=\"none\">Conny Geske <\/span> <span data-contrast=\"none\">Telefon: 0221 \/ 26107 \u2013 94<\/span><span data-ccp-props=\"{&quot;134233117&quot;:false,&quot;134233118&quot;:false,&quot;201341983&quot;:0,&quot;335559738&quot;:0,&quot;335559739&quot;:0,&quot;335559740&quot;:240}\">&nbsp;<\/span><\/p>\r\n<p>&nbsp;<\/p>\r\n\r\n\r\n\r\n<figure class=\"wp-block-image\"><img loading=\"lazy\" decoding=\"async\" width=\"1024\" height=\"768\" class=\"wp-image-6810\" src=\"https:\/\/hbg-koeln.de\/wp-content\/uploads\/2019\/12\/A100021-2-1024x768.jpg\" alt=\"\" srcset=\"https:\/\/hbg-koeln.de\/wp-content\/uploads\/2019\/12\/A100021-2-1024x768.jpg 1024w, https:\/\/hbg-koeln.de\/wp-content\/uploads\/2019\/12\/A100021-2-300x225.jpg 300w, https:\/\/hbg-koeln.de\/wp-content\/uploads\/2019\/12\/A100021-2-768x576.jpg 768w\" sizes=\"auto, (max-width: 1024px) 100vw, 1024px\" \/>\r\n<figcaption>OLYMPUS DIGITAL CAMERA<\/figcaption>\r\n<\/figure>\r\n\r\n\r\n\r\nngg_shortcode_0_placeholder\r\n","protected":false},"excerpt":{"rendered":"<p>In der Heinrich-B\u00f6ll-Gesamtschule gibt es neben dem klassischen Unterricht auch einige weitere Institutionen, die allen Sch\u00fclerinnen und Sch\u00fclern kostenfrei zur Verf\u00fcgung stehen. Eine davon ist unsere spannende Schulbibliothek.Die Bibi ist gro\u00df, gem\u00fctlich und l\u00e4dt zum Lesen,<a class=\"moretag\" href=\"https:\/\/hbg-koeln.de\/?page_id=6808\">Read More&#8230;<\/a><\/p>\n","protected":false},"author":7,"featured_media":0,"parent":0,"menu_order":0,"comment_status":"closed","ping_status":"closed","template":"","meta":{"ngg_post_thumbnail":0,"footnotes":""},"class_list":["post-6808","page","type-page","status-publish","hentry"],"_links":{"self":[{"href":"https:\/\/hbg-koeln.de\/index.php?rest_route=\/wp\/v2\/pages\/6808","targetHints":{"allow":["GET"]}}],"collection":[{"href":"https:\/\/hbg-koeln.de\/index.php?rest_route=\/wp\/v2\/pages"}],"about":[{"href":"https:\/\/hbg-koeln.de\/index.php?rest_route=\/wp\/v2\/types\/page"}],"author":[{"embeddable":true,"href":"https:\/\/hbg-koeln.de\/index.php?rest_route=\/wp\/v2\/users\/7"}],"replies":[{"embeddable":true,"href":"https:\/\/hbg-koeln.de\/index.php?rest_route=%2Fwp%2Fv2%2Fcomments&post=6808"}],"version-history":[{"count":4,"href":"https:\/\/hbg-koeln.de\/index.php?rest_route=\/wp\/v2\/pages\/6808\/revisions"}],"predecessor-version":[{"id":10011,"href":"https:\/\/hbg-koeln.de\/index.php?rest_route=\/wp\/v2\/pages\/6808\/revisions\/10011"}],"wp:attachment":[{"href":"https:\/\/hbg-koeln.de\/index.php?rest_route=%2Fwp%2Fv2%2Fmedia&parent=6808"}],"curies":[{"name":"wp","href":"https:\/\/api.w.org\/{rel}","templated":true}]}}