{"id":8868,"date":"2022-03-16T18:08:21","date_gmt":"2022-03-16T17:08:21","guid":{"rendered":"https:\/\/hbg-koeln.de\/?page_id=8868"},"modified":"2022-03-17T09:25:25","modified_gmt":"2022-03-17T08:25:25","slug":"praktische-philosophie","status":"publish","type":"page","link":"https:\/\/hbg-koeln.de\/?page_id=8868","title":{"rendered":"Praktische Philosophie"},"content":{"rendered":"\n<p><strong>Praktische Philosophie an der HBG<\/strong><\/p>\n<p>Stell dir vor, du begegnest einer Person, die dir einen funkelnden Ring gibt. Dazu sagt sie: \u201eStecke den Ring an deinen Finger, drehe ihn nach links und du wirst unsichtbar. Drehe ihn nach rechts und du wirst wieder sichtbar.\u201c Als die Person davonhuscht, zischt sie dir noch zu: \u201eAber gib acht: Drehst du den Ring nur ein kleines St\u00fcck zu weit nach links, kannst du nie wieder sichtbar werden!\u201c<\/p>\n<p>\u00dcberlegst du schon, was du tust? Steckst du den Ring an deinen Finger? Drehst du ihn nach links? Schmiedest du schon einen Plan, was du unsichtbar so alles machen w\u00fcrdest? Oder ist es dir vielleicht viel zu riskant?<\/p>\n<p>Vermutlich denkst du auch schon dar\u00fcber nach, welche Gr\u00fcnde daf\u00fcrsprechen, den Ring zumindest einmal auszuprobieren oder welche Gr\u00fcnde absolut dagegensprechen.<\/p>\n<p>Wenn du dir gerade diese Gedanken machst, befindest du dich in einem philosophischen Gedankenprozess.<\/p>\n<p>Im Unterricht im Fach <strong>Praktische Philosophie (Sek. I)<\/strong> wollen wir mit Sch\u00fcler:innen philosophieren. Wir gehen unterschiedlichen Fragen auf den Grund, experimentieren mit unseren Gedanken, suchen nach Gr\u00fcnden, h\u00f6ren unterschiedliche Meinungen an, treffen Entscheidungen und f\u00e4llen Urteile.<\/p>\n<p>Wir besch\u00e4ftigen uns mit Fragen wie: Was macht mich aus? Wof\u00fcr sind Gef\u00fchle gut? Was kann ich tolerieren? Darf man manchmal l\u00fcgen? Wann ist etwas eigentlich gerecht? Sind wir Menschen Tiere? Was k\u00f6nnen wir f\u00fcr die Umwelt tun? Was ist eigentlich \u201esch\u00f6n\u201c? Ver\u00e4ndern digitale Medien unsere Sicht auf die Welt? Sind Zeitreisen m\u00f6glich? Kann man alles wissen? Woher kommt alles? Was ist der Tod und was passiert, wenn man tot ist?<\/p>\n<p>Dabei ist eines ganz besonders wichtig: Wir haben keine festgeschriebenen Antworten auf diese Fragen. Wir unterst\u00fctzen alle Sch\u00fcler:innen dabei, ihre pers\u00f6nlichen, begr\u00fcndeten und tragf\u00e4higen Antworten zu finden. Uns Lehrer:innen kommt hierbei das Gl\u00fcck zu, selbst immer wieder neuen Fragen und Gedanken nachgehen zu k\u00f6nnen.<\/p>\n<p>Wir halten es mit Heinrich B\u00f6ll \u2013 dem Namensgeber unserer Schule \u2013 f\u00fcr den die Freiheit jeder einzelnen Person im Kopf beginnt. Und wir unterrichten, in Anlehnung an den Philosophen Immanuel Kant, nach dem Motto:<\/p>\n<p>\u201eSapere aude!\u201c \u2013 \u201eHabe Mut, dich deines eigenen Verstandes zu bedienen!\u201c<\/p>\nngg_shortcode_0_placeholder\n","protected":false},"excerpt":{"rendered":"<p>Praktische Philosophie an der HBG Stell dir vor, du begegnest einer Person, die dir einen funkelnden Ring gibt. Dazu sagt sie: \u201eStecke den Ring an deinen Finger, drehe ihn nach links und du wirst unsichtbar. Drehe<a class=\"moretag\" href=\"https:\/\/hbg-koeln.de\/?page_id=8868\">Read More&#8230;<\/a><\/p>\n","protected":false},"author":7,"featured_media":0,"parent":0,"menu_order":0,"comment_status":"closed","ping_status":"closed","template":"","meta":{"ngg_post_thumbnail":0,"footnotes":""},"class_list":["post-8868","page","type-page","status-publish","hentry"],"_links":{"self":[{"href":"https:\/\/hbg-koeln.de\/index.php?rest_route=\/wp\/v2\/pages\/8868","targetHints":{"allow":["GET"]}}],"collection":[{"href":"https:\/\/hbg-koeln.de\/index.php?rest_route=\/wp\/v2\/pages"}],"about":[{"href":"https:\/\/hbg-koeln.de\/index.php?rest_route=\/wp\/v2\/types\/page"}],"author":[{"embeddable":true,"href":"https:\/\/hbg-koeln.de\/index.php?rest_route=\/wp\/v2\/users\/7"}],"replies":[{"embeddable":true,"href":"https:\/\/hbg-koeln.de\/index.php?rest_route=%2Fwp%2Fv2%2Fcomments&post=8868"}],"version-history":[{"count":2,"href":"https:\/\/hbg-koeln.de\/index.php?rest_route=\/wp\/v2\/pages\/8868\/revisions"}],"predecessor-version":[{"id":8888,"href":"https:\/\/hbg-koeln.de\/index.php?rest_route=\/wp\/v2\/pages\/8868\/revisions\/8888"}],"wp:attachment":[{"href":"https:\/\/hbg-koeln.de\/index.php?rest_route=%2Fwp%2Fv2%2Fmedia&parent=8868"}],"curies":[{"name":"wp","href":"https:\/\/api.w.org\/{rel}","templated":true}]}}