{"id":8903,"date":"2022-03-25T00:50:58","date_gmt":"2022-03-24T23:50:58","guid":{"rendered":"https:\/\/hbg-koeln.de\/?page_id=8903"},"modified":"2022-03-25T00:50:59","modified_gmt":"2022-03-24T23:50:59","slug":"schliessfachvermietung-mietra","status":"publish","type":"page","link":"https:\/\/hbg-koeln.de\/?page_id=8903","title":{"rendered":"Schlie\u00dffachvermietung Mietra"},"content":{"rendered":"\n<p><strong>An unserer Schule stehen Mietra-Schlie\u00dff\u00e4cher f\u00fcr Sie bereit.&nbsp;<\/strong><\/p>\n\n\n\n<p>Schulsachen wie Sportbekleidung, Zeichenmaterialien und Schulb\u00fccher, sowie pers\u00f6nliche Wertgegenst\u00e4nde k\u00f6nnen in einem Schlie\u00dffach&nbsp;<strong>sicher<\/strong>verstaut werden. Der R\u00fccken wird&nbsp;<strong>entlastetet<\/strong>&nbsp;und die Sch\u00fcler k\u00f6nnen sich deutlich&nbsp;<strong>unbeschwerter im Schulhaus<\/strong>&nbsp;bewegen.&nbsp;<\/p>\n\n\n\n<p>Melden Sie Ihr Schlie\u00dffach direkt unter&nbsp;<a href=\"http:\/\/www.mietra.de\/mieten\">www.mietra.de<\/a>&nbsp;an. Nach erfolgreicher Anmeldung werden Ihnen die Zugangsdaten per E-Mail zugeschickt und Sie k\u00f6nnen im Anschluss Ihr Schlie\u00dffach nutzen.&nbsp;<\/p>\n\n\n\n<p>Hier geht\u2019s zur&nbsp;<a href=\"https:\/\/serviceportal.schliessfaecher.de\/schliessfach-mieten?School=Heinrich-B%C3%B6ll-Gesamtschule&amp;Place=K%C3%B6ln\">Schlie\u00dffach-Anmeldung<\/a><\/p>\n","protected":false},"excerpt":{"rendered":"<p>An unserer Schule stehen Mietra-Schlie\u00dff\u00e4cher f\u00fcr Sie bereit.&nbsp; Schulsachen wie Sportbekleidung, Zeichenmaterialien und Schulb\u00fccher, sowie pers\u00f6nliche Wertgegenst\u00e4nde k\u00f6nnen in einem Schlie\u00dffach&nbsp;sicherverstaut werden. Der R\u00fccken wird&nbsp;entlastetet&nbsp;und die Sch\u00fcler k\u00f6nnen sich deutlich&nbsp;unbeschwerter im Schulhaus&nbsp;bewegen.&nbsp; Melden Sie Ihr Schlie\u00dffach<a class=\"moretag\" href=\"https:\/\/hbg-koeln.de\/?page_id=8903\">Read More&#8230;<\/a><\/p>\n","protected":false},"author":7,"featured_media":0,"parent":0,"menu_order":0,"comment_status":"closed","ping_status":"closed","template":"","meta":{"ngg_post_thumbnail":0,"footnotes":""},"class_list":["post-8903","page","type-page","status-publish","hentry"],"_links":{"self":[{"href":"https:\/\/hbg-koeln.de\/index.php?rest_route=\/wp\/v2\/pages\/8903","targetHints":{"allow":["GET"]}}],"collection":[{"href":"https:\/\/hbg-koeln.de\/index.php?rest_route=\/wp\/v2\/pages"}],"about":[{"href":"https:\/\/hbg-koeln.de\/index.php?rest_route=\/wp\/v2\/types\/page"}],"author":[{"embeddable":true,"href":"https:\/\/hbg-koeln.de\/index.php?rest_route=\/wp\/v2\/users\/7"}],"replies":[{"embeddable":true,"href":"https:\/\/hbg-koeln.de\/index.php?rest_route=%2Fwp%2Fv2%2Fcomments&post=8903"}],"version-history":[{"count":1,"href":"https:\/\/hbg-koeln.de\/index.php?rest_route=\/wp\/v2\/pages\/8903\/revisions"}],"predecessor-version":[{"id":8904,"href":"https:\/\/hbg-koeln.de\/index.php?rest_route=\/wp\/v2\/pages\/8903\/revisions\/8904"}],"wp:attachment":[{"href":"https:\/\/hbg-koeln.de\/index.php?rest_route=%2Fwp%2Fv2%2Fmedia&parent=8903"}],"curies":[{"name":"wp","href":"https:\/\/api.w.org\/{rel}","templated":true}]}}